{"id":265,"date":"2025-11-14T08:39:44","date_gmt":"2025-11-14T08:39:44","guid":{"rendered":"https:\/\/soilstabilizermachine.com\/?page_id=265"},"modified":"2025-11-14T08:39:44","modified_gmt":"2025-11-14T08:39:44","slug":"warranty-policy","status":"publish","type":"page","link":"https:\/\/soilstabilizermachine.com\/tr\/warranty-policy\/","title":{"rendered":"Garanti Politikas\u0131"},"content":{"rendered":"<p data-start=\"4067\" data-end=\"4238\">Wanatabe \u00fcr\u00fcnlerini sat\u0131n ald\u0131\u011f\u0131n\u0131z i\u00e7in te\u015fekk\u00fcr ederiz. \u00dcr\u00fcn\u00fcn\u00fcz\u00fcn kalitesini g\u00fcvence alt\u0131na almak i\u00e7in s\u0131n\u0131rl\u0131 bir garanti sunuyoruz. Garanti politikam\u0131z\u0131n ayr\u0131nt\u0131lar\u0131 a\u015fa\u011f\u0131dad\u0131r.<\/p>\n<h4 data-start=\"4240\" data-end=\"4271\">1. <strong data-start=\"4248\" data-end=\"4269\">Garanti Kapsam\u0131<\/strong><\/h4>\n<p data-start=\"4272\" data-end=\"4345\">Biz \u015fu \u00fcr\u00fcnler i\u00e7in garanti veriyoruz: <strong data-start=\"4298\" data-end=\"4314\">yeni \u00fcr\u00fcnler<\/strong> Bizden sat\u0131n al\u0131nan \u00fcr\u00fcnler, a\u015fa\u011f\u0131dakileri kapsamaktad\u0131r:<\/p>\n<ul data-start=\"4346\" data-end=\"4401\">\n<li data-start=\"4346\" data-end=\"4401\">\n<p data-start=\"4348\" data-end=\"4401\">Normal kullan\u0131m ko\u015fullar\u0131nda malzeme veya i\u015f\u00e7ilik kusurlar\u0131.<\/p>\n<\/li>\n<\/ul>\n<h4 data-start=\"4403\" data-end=\"4432\">2. <strong data-start=\"4411\" data-end=\"4430\">Garanti S\u00fcresi<\/strong><\/h4>\n<p data-start=\"4433\" data-end=\"4589\">Garanti s\u00fcresi sat\u0131n alma tarihinden itibaren ba\u015flar. Garanti s\u00fcresi i\u00e7inde \u00fcr\u00fcn ar\u0131zal\u0131ysa, onar\u0131m veya de\u011fi\u015fim hizmeti sunaca\u011f\u0131z.<\/p>\n<h4 data-start=\"4591\" data-end=\"4621\">3. <strong data-start=\"4599\" data-end=\"4619\">Garanti Servisi<\/strong><\/h4>\n<p data-start=\"4622\" data-end=\"4679\">Garanti hizmeti talebinde bulunmak i\u00e7in l\u00fctfen \u015fu ad\u0131mlar\u0131 izleyin:<\/p>\n<ul data-start=\"4680\" data-end=\"4895\">\n<li data-start=\"4680\" data-end=\"4778\">\n<p data-start=\"4682\" data-end=\"4778\">L\u00fctfen sat\u0131n alma belgenizi ve sorunun a\u00e7\u0131klamas\u0131n\u0131 da ekleyerek m\u00fc\u015fteri hizmetleri ekibimizle ileti\u015fime ge\u00e7in.<\/p>\n<\/li>\n<li data-start=\"4779\" data-end=\"4895\">\n<p data-start=\"4781\" data-end=\"4895\">\u00dcr\u00fcne ba\u011fl\u0131 olarak, \u00fcr\u00fcn\u00fc inceleme i\u00e7in yetkili servis merkezimize g\u00f6ndermeniz gerekebilir.<\/p>\n<\/li>\n<\/ul>\n<h4 data-start=\"4897\" data-end=\"4921\">4. <strong data-start=\"4905\" data-end=\"4919\">Hari\u00e7 tutulanlar<\/strong><\/h4>\n<p data-start=\"4922\" data-end=\"4953\">Bu garanti a\u015fa\u011f\u0131dakileri kapsamaz:<\/p>\n<ul data-start=\"4954\" data-end=\"5309\">\n<li data-start=\"4954\" data-end=\"5023\">\n<p data-start=\"4956\" data-end=\"5023\"><strong data-start=\"4956\" data-end=\"4977\">Kaza Sonucu Hasar<\/strong>D\u00fc\u015fmeler, darbeler, su hasar\u0131 vb.<\/p>\n<\/li>\n<li data-start=\"5024\" data-end=\"5105\">\n<p data-start=\"5026\" data-end=\"5105\"><strong data-start=\"5026\" data-end=\"5042\">Yanl\u0131\u015f Kullan\u0131m<\/strong>\u00dcr\u00fcn, kullan\u0131m k\u0131lavuzunda belirtilen \u015fekilde kullan\u0131lmazsa.<\/p>\n<\/li>\n<li data-start=\"5106\" data-end=\"5236\">\n<p data-start=\"5108\" data-end=\"5236\"><strong data-start=\"5108\" data-end=\"5138\">Yetkisiz De\u011fi\u015fiklikler<\/strong>\u00dcr\u00fcn, yetkili servis personelimiz d\u0131\u015f\u0131nda biri taraf\u0131ndan onar\u0131l\u0131r veya de\u011fi\u015ftirilirse.<\/p>\n<\/li>\n<li data-start=\"5237\" data-end=\"5309\">\n<p data-start=\"5239\" data-end=\"5309\"><strong data-start=\"5239\" data-end=\"5263\">Normal A\u015f\u0131nma ve Y\u0131pranma<\/strong>Uzun s\u00fcreli kullan\u0131mdan kaynaklanan do\u011fal a\u015f\u0131nma gibi.<\/p>\n<\/li>\n<\/ul>\n<h4 data-start=\"5311\" data-end=\"5343\">5. <strong data-start=\"5319\" data-end=\"5341\">Garanti Uzatma<\/strong><\/h4>\n<p data-start=\"5344\" data-end=\"5457\">\u00dcr\u00fcn tamir edilemezse, size bir alternatif sunaca\u011f\u0131z. <strong data-start=\"5395\" data-end=\"5410\">tam geri \u00f6deme<\/strong> veya <strong data-start=\"5414\" data-end=\"5429\">yenisiyle de\u011fi\u015ftirme<\/strong> Garanti s\u00fcresi boyunca.<\/p>\n<h4 data-start=\"5459\" data-end=\"5484\">6. <strong data-start=\"5467\" data-end=\"5482\">Di\u011fer Terimler<\/strong><\/h4>\n<ul data-start=\"5485\" data-end=\"5635\">\n<li data-start=\"5485\" data-end=\"5554\">\n<p data-start=\"5487\" data-end=\"5554\">Garanti hizmeti yaln\u0131zca ilk sat\u0131n alan ki\u015fiye sunulmaktad\u0131r.<\/p>\n<\/li>\n<li data-start=\"5555\" data-end=\"5635\">\n<p data-start=\"5557\" data-end=\"5635\">Bu garanti politikas\u0131, yerel yasalar kapsam\u0131nda sahip olabilece\u011finiz haklar\u0131n\u0131z\u0131 etkilemez.<\/p>\n<\/li>\n<\/ul>","protected":false},"excerpt":{"rendered":"<p>Thank you for purchasing\u00a0Wanatabe products. We offer a limited warranty to ensure the quality of your product. Below are the details of our warranty policy. 1. Warranty Coverage We provide a warranty for new products purchased from us, covering: Defects in materials or workmanship under normal use. 2. Warranty Period The warranty period starts from [&hellip;]<\/p>","protected":false},"author":1,"featured_media":0,"parent":0,"menu_order":0,"comment_status":"closed","ping_status":"closed","template":"","meta":{"_et_pb_use_builder":"","_et_pb_old_content":"","_et_gb_content_width":"","footnotes":""},"class_list":["post-265","page","type-page","status-publish","hentry"],"_links":{"self":[{"href":"https:\/\/soilstabilizermachine.com\/tr\/wp-json\/wp\/v2\/pages\/265","targetHints":{"allow":["GET"]}}],"collection":[{"href":"https:\/\/soilstabilizermachine.com\/tr\/wp-json\/wp\/v2\/pages"}],"about":[{"href":"https:\/\/soilstabilizermachine.com\/tr\/wp-json\/wp\/v2\/types\/page"}],"author":[{"embeddable":true,"href":"https:\/\/soilstabilizermachine.com\/tr\/wp-json\/wp\/v2\/users\/1"}],"replies":[{"embeddable":true,"href":"https:\/\/soilstabilizermachine.com\/tr\/wp-json\/wp\/v2\/comments?post=265"}],"version-history":[{"count":1,"href":"https:\/\/soilstabilizermachine.com\/tr\/wp-json\/wp\/v2\/pages\/265\/revisions"}],"predecessor-version":[{"id":267,"href":"https:\/\/soilstabilizermachine.com\/tr\/wp-json\/wp\/v2\/pages\/265\/revisions\/267"}],"wp:attachment":[{"href":"https:\/\/soilstabilizermachine.com\/tr\/wp-json\/wp\/v2\/media?parent=265"}],"curies":[{"name":"wp","href":"https:\/\/api.w.org\/{rel}","templated":true}]}}