{"id":264,"date":"2025-11-14T08:39:14","date_gmt":"2025-11-14T08:39:14","guid":{"rendered":"https:\/\/soilstabilizermachine.com\/?page_id=264"},"modified":"2025-11-14T08:54:40","modified_gmt":"2025-11-14T08:54:40","slug":"terms-of-service","status":"publish","type":"page","link":"https:\/\/soilstabilizermachine.com\/tr\/terms-of-service\/","title":{"rendered":"Hizmet \u015eartlar\u0131"},"content":{"rendered":"<p data-start=\"2094\" data-end=\"2313\">Wanatabe web sitesine ho\u015f geldiniz. L\u00fctfen web sitemizi veya herhangi bir hizmetimizi kullanmadan \u00f6nce a\u015fa\u011f\u0131daki \u015fartlar\u0131 ve ko\u015fullar\u0131 okuyun ve kabul edin. Bu \u015fartlar\u0131 kabul etmiyorsan\u0131z, l\u00fctfen hizmetlerimizi kullanmay\u0131n.<\/p>\n<h4 data-start=\"2315\" data-end=\"2343\">1. <strong data-start=\"2323\" data-end=\"2341\">Kullan\u0131m Lisans\u0131<\/strong><\/h4>\n<p data-start=\"2344\" data-end=\"2615\">Size, bu web sitesinde sunulan hizmetleri yasal ama\u00e7lar do\u011frultusunda ve ge\u00e7erli yasa ve y\u00f6netmeliklere uygun olarak kullanman\u0131z i\u00e7in s\u0131n\u0131rl\u0131, m\u00fcnhas\u0131r olmayan ve devredilemez bir lisans veriyoruz. Hizmetleri hi\u00e7bir yasa d\u0131\u015f\u0131, hileli veya k\u00f6t\u00fc niyetli faaliyet i\u00e7in kullanamazs\u0131n\u0131z.<\/p>\n<h4 data-start=\"2617\" data-end=\"2660\">2. <strong data-start=\"2625\" data-end=\"2658\">Hesap Olu\u015fturma ve G\u00fcvenlik<\/strong><\/h4>\n<p data-start=\"2661\" data-end=\"2895\">Baz\u0131 \u00f6zelliklerden yararlanmak i\u00e7in hesap olu\u015fturman\u0131z gerekebilir. Do\u011fru ve eksiksiz kay\u0131t bilgileri sa\u011flamal\u0131 ve bunlar\u0131 g\u00fcncel tutmal\u0131s\u0131n\u0131z. \u015eifre korumas\u0131 da dahil olmak \u00fczere hesab\u0131n\u0131z\u0131n g\u00fcvenli\u011finden ve kullan\u0131m\u0131ndan siz sorumlusunuz.<\/p>\n<h4 data-start=\"2897\" data-end=\"2924\">3. <strong data-start=\"2905\" data-end=\"2922\">\u00d6deme Ko\u015fullar\u0131<\/strong><\/h4>\n<p data-start=\"2925\" data-end=\"3085\">Web sitemizden \u00fcr\u00fcn veya hizmet sat\u0131n alman\u0131z durumunda, ilgili \u00fccretleri \u00f6demeyi kabul etmi\u015f olursunuz. \u00d6demeler \u00fc\u00e7\u00fcnc\u00fc taraf \u00f6deme platformlar\u0131 arac\u0131l\u0131\u011f\u0131yla i\u015flenebilir.<\/p>\n<h4 data-start=\"3087\" data-end=\"3122\">4. <strong data-start=\"3095\" data-end=\"3120\">Fikri M\u00fclkiyet<\/strong><\/h4>\n<p data-start=\"3123\" data-end=\"3381\">Web sitesindeki metin, resim, logo ve videolar dahil ancak bunlarla s\u0131n\u0131rl\u0131 olmamak \u00fczere t\u00fcm i\u00e7erik, Wanatabe'nin veya lisans verenlerinin m\u00fclkiyetindedir ve telif haklar\u0131 yasalar\u0131yla korunmaktad\u0131r. Bu i\u00e7eri\u011fi izinsiz kopyalayamaz, de\u011fi\u015ftiremez veya da\u011f\u0131tamazs\u0131n\u0131z.<\/p>\n<h4 data-start=\"3383\" data-end=\"3420\">5. <strong data-start=\"3391\" data-end=\"3418\">Sorumlulu\u011fun S\u0131n\u0131rland\u0131r\u0131lmas\u0131<\/strong><\/h4>\n<p data-start=\"3421\" data-end=\"3601\">Web sitemizin veya hizmetlerimizin kullan\u0131m\u0131ndan kaynaklanan, ekipman ar\u0131zas\u0131, veri kayb\u0131 veya kar kayb\u0131 dahil ancak bunlarla s\u0131n\u0131rl\u0131 olmamak \u00fczere, do\u011frudan veya dolayl\u0131 hi\u00e7bir zarardan sorumlu de\u011filiz.<\/p>\n<h4 data-start=\"3603\" data-end=\"3635\">6. <strong data-start=\"3611\" data-end=\"3633\">Uyu\u015fmazl\u0131k \u00c7\u00f6z\u00fcm\u00fc<\/strong><\/h4>\n<p data-start=\"3636\" data-end=\"3819\">Bu s\u00f6zle\u015fmeden do\u011facak her t\u00fcrl\u00fc anla\u015fmazl\u0131k dostane m\u00fczakereler yoluyla \u00e7\u00f6z\u00fclecektir. M\u00fczakerelerin ba\u015far\u0131s\u0131z olmas\u0131 durumunda, anla\u015fmazl\u0131\u011f\u0131 Wanatabe'deki mahkemelere sunmay\u0131 kabul edersiniz.<\/p>\n<h4 data-start=\"3821\" data-end=\"3857\">7. <strong data-start=\"3829\" data-end=\"3855\">\u015eartlarda De\u011fi\u015fiklikler<\/strong><\/h4>\n<p data-start=\"3858\" data-end=\"4007\">Bu hizmet \u015fartlar\u0131n\u0131 herhangi bir zamanda de\u011fi\u015ftirme hakk\u0131m\u0131z\u0131 sakl\u0131 tutuyoruz. G\u00fcncellenmi\u015f \u015fartlar bu web sitesinde yay\u0131nlanacak ve derhal y\u00fcr\u00fcrl\u00fc\u011fe girecektir.<\/p>","protected":false},"excerpt":{"rendered":"<p>Welcome to the Wanatabe website. Please read and agree to the following terms and conditions before using our website or any services. If you do not agree with these terms, please do not use our services. 1. License to Use We grant you a limited, non-exclusive, and non-transferable license to use the services provided on [&hellip;]<\/p>","protected":false},"author":1,"featured_media":0,"parent":0,"menu_order":0,"comment_status":"closed","ping_status":"closed","template":"","meta":{"_et_pb_use_builder":"","_et_pb_old_content":"","_et_gb_content_width":"","footnotes":""},"class_list":["post-264","page","type-page","status-publish","hentry"],"_links":{"self":[{"href":"https:\/\/soilstabilizermachine.com\/tr\/wp-json\/wp\/v2\/pages\/264","targetHints":{"allow":["GET"]}}],"collection":[{"href":"https:\/\/soilstabilizermachine.com\/tr\/wp-json\/wp\/v2\/pages"}],"about":[{"href":"https:\/\/soilstabilizermachine.com\/tr\/wp-json\/wp\/v2\/types\/page"}],"author":[{"embeddable":true,"href":"https:\/\/soilstabilizermachine.com\/tr\/wp-json\/wp\/v2\/users\/1"}],"replies":[{"embeddable":true,"href":"https:\/\/soilstabilizermachine.com\/tr\/wp-json\/wp\/v2\/comments?post=264"}],"version-history":[{"count":2,"href":"https:\/\/soilstabilizermachine.com\/tr\/wp-json\/wp\/v2\/pages\/264\/revisions"}],"predecessor-version":[{"id":275,"href":"https:\/\/soilstabilizermachine.com\/tr\/wp-json\/wp\/v2\/pages\/264\/revisions\/275"}],"wp:attachment":[{"href":"https:\/\/soilstabilizermachine.com\/tr\/wp-json\/wp\/v2\/media?parent=264"}],"curies":[{"name":"wp","href":"https:\/\/api.w.org\/{rel}","templated":true}]}}