{"id":261,"date":"2025-11-14T08:38:45","date_gmt":"2025-11-14T08:38:45","guid":{"rendered":"https:\/\/soilstabilizermachine.com\/?page_id=261"},"modified":"2025-11-14T08:38:45","modified_gmt":"2025-11-14T08:38:45","slug":"privacy-policy-2","status":"publish","type":"page","link":"https:\/\/soilstabilizermachine.com\/tr\/privacy-policy-2\/","title":{"rendered":"Gizlilik Politikas\u0131"},"content":{"rendered":"<p data-start=\"214\" data-end=\"488\">Watanabe'ye ho\u015f geldiniz. Gizlili\u011finize de\u011fer veriyoruz ve ki\u015fisel bilgilerinizi korumaya kararl\u0131y\u0131z. Ki\u015fisel verilerinizi nas\u0131l toplad\u0131\u011f\u0131m\u0131z\u0131, kulland\u0131\u011f\u0131m\u0131z\u0131, saklad\u0131\u011f\u0131m\u0131z\u0131 ve korudu\u011fumuzu anlamak i\u00e7in l\u00fctfen a\u015fa\u011f\u0131daki gizlilik politikas\u0131n\u0131 okuyun.<\/p>\n<h4 data-start=\"490\" data-end=\"526\">1. <strong data-start=\"498\" data-end=\"524\">Toplad\u0131\u011f\u0131m\u0131z Bilgiler<\/strong><\/h4>\n<p data-start=\"527\" data-end=\"584\">A\u015fa\u011f\u0131daki t\u00fcrde ki\u015fisel bilgileri topluyoruz:<\/p>\n<ul data-start=\"585\" data-end=\"814\">\n<li data-start=\"585\" data-end=\"654\">\n<p data-start=\"587\" data-end=\"654\"><strong data-start=\"587\" data-end=\"611\">Kimlik Bilgileri<\/strong>\u0130sim, e-posta adresi, telefon numaras\u0131 vb.<\/p>\n<\/li>\n<li data-start=\"655\" data-end=\"726\">\n<p data-start=\"657\" data-end=\"726\"><strong data-start=\"657\" data-end=\"680\">\u00d6deme Bilgileri<\/strong>Kredi kart\u0131 bilgileri, fatura adresi vb.<\/p>\n<\/li>\n<li data-start=\"727\" data-end=\"814\">\n<p data-start=\"729\" data-end=\"814\"><strong data-start=\"729\" data-end=\"743\">Kullan\u0131m Verileri<\/strong>: Cihaz t\u00fcr\u00fc, taray\u0131c\u0131 t\u00fcr\u00fc, IP adresi, ziyaret edilen sayfalar, zaman damgas\u0131 vb.<\/p>\n<\/li>\n<\/ul>\n<h4 data-start=\"816\" data-end=\"857\">2. <strong data-start=\"824\" data-end=\"855\">Bilgilerinizi Nas\u0131l Kullan\u0131yoruz<\/strong><\/h4>\n<p data-start=\"858\" data-end=\"897\">Toplad\u0131\u011f\u0131m\u0131z bilgileri \u015fu ama\u00e7larla kullan\u0131yoruz:<\/p>\n<ul data-start=\"898\" data-end=\"1166\">\n<li data-start=\"898\" data-end=\"959\">\n<p data-start=\"900\" data-end=\"959\">\u00dcr\u00fcnlerimizi ve hizmetlerimizi sa\u011flamak, s\u00fcrd\u00fcrmek ve geli\u015ftirmek.<\/p>\n<\/li>\n<li data-start=\"960\" data-end=\"997\">\n<p data-start=\"962\" data-end=\"997\">Sipari\u015flerinizi ve \u00f6demelerinizi i\u015fleme al\u0131n.<\/p>\n<\/li>\n<li data-start=\"998\" data-end=\"1084\">\n<p data-start=\"1000\" data-end=\"1084\">Sizinle ileti\u015fim kurmak, \u00f6nemli hesap bilgilerini ve g\u00fcncellemeleri g\u00f6ndermek de dahil olmak \u00fczere.<\/p>\n<\/li>\n<li data-start=\"1085\" data-end=\"1166\">\n<p data-start=\"1087\" data-end=\"1166\">\u0130lgi alanlar\u0131n\u0131za g\u00f6re \u00f6zelle\u015ftirilmi\u015f i\u00e7erik ve reklamlar sunuyoruz.<\/p>\n<\/li>\n<\/ul>\n<h4 data-start=\"1168\" data-end=\"1204\">3. <strong data-start=\"1176\" data-end=\"1202\">Bilgi Payla\u015f\u0131m\u0131<\/strong><\/h4>\n<p data-start=\"1205\" data-end=\"1338\">Ki\u015fisel bilgilerinizi \u00fc\u00e7\u00fcnc\u00fc taraflara satm\u0131yoruz. Bilgilerinizi a\u015fa\u011f\u0131daki t\u00fcrdeki \u00fc\u00e7\u00fcnc\u00fc taraflarla payla\u015fabiliriz:<\/p>\n<ul data-start=\"1339\" data-end=\"1541\">\n<li data-start=\"1339\" data-end=\"1461\">\n<p data-start=\"1341\" data-end=\"1461\"><strong data-start=\"1341\" data-end=\"1362\">Hizmet Sa\u011flay\u0131c\u0131lar<\/strong>\u00d6deme i\u015flemleri, veri depolama vb. hizmetlerde bize yard\u0131mc\u0131 olan \u00fc\u00e7\u00fcnc\u00fc taraf \u015firketler.<\/p>\n<\/li>\n<li data-start=\"1462\" data-end=\"1541\">\n<p data-start=\"1464\" data-end=\"1541\"><strong data-start=\"1464\" data-end=\"1486\">Yasal Gereklilikler<\/strong>Kanun gerektirdi\u011fi takdirde bilgilerinizi a\u00e7\u0131klayabiliriz.<\/p>\n<\/li>\n<\/ul>\n<h4 data-start=\"1543\" data-end=\"1572\">4. <strong data-start=\"1551\" data-end=\"1570\">Veri Korumas\u0131<\/strong><\/h4>\n<p data-start=\"1573\" data-end=\"1712\">Ki\u015fisel bilgilerinizin yetkisiz eri\u015fime, kullan\u0131ma veya if\u015faya kar\u015f\u0131 korunmas\u0131 i\u00e7in uygun teknik ve organizasyonel \u00f6nlemler al\u0131yoruz.<\/p>\n<h4 data-start=\"1714\" data-end=\"1739\">5. <strong data-start=\"1722\" data-end=\"1737\">Haklar\u0131n\u0131z<\/strong><\/h4>\n<p data-start=\"1740\" data-end=\"1865\">Ki\u015fisel verilerinize eri\u015fme, bunlar\u0131 d\u00fczeltme veya silme hakk\u0131na sahipsiniz. Bu haklar\u0131n\u0131z\u0131 kullanmak isterseniz l\u00fctfen bizimle ileti\u015fime ge\u00e7in.<\/p>\n<h4 data-start=\"1867\" data-end=\"1888\">6. <strong data-start=\"1875\" data-end=\"1886\">G\u00fcncellemeler<\/strong><\/h4>\n<p data-start=\"1889\" data-end=\"2033\">Bu gizlilik politikas\u0131n\u0131 zaman zaman g\u00fcncelleyebiliriz. G\u00fcncellenmi\u015f gizlilik politikas\u0131, bu sayfada g\u00fcncellenmi\u015f \"Son g\u00fcncelleme\" tarihiyle birlikte yay\u0131nlanacakt\u0131r.<\/p>","protected":false},"excerpt":{"rendered":"<p>Welcome to Watanabe. We value your privacy and are committed to protecting your personal information. Please read the following privacy policy to understand how we collect, use, store, and protect your personal data. 1. Information We Collect We collect the following types of personal information: Identity Information: Name, email address, phone number, etc. Payment Information: [&hellip;]<\/p>","protected":false},"author":1,"featured_media":0,"parent":0,"menu_order":0,"comment_status":"closed","ping_status":"closed","template":"","meta":{"_et_pb_use_builder":"","_et_pb_old_content":"","_et_gb_content_width":"","footnotes":""},"class_list":["post-261","page","type-page","status-publish","hentry"],"_links":{"self":[{"href":"https:\/\/soilstabilizermachine.com\/tr\/wp-json\/wp\/v2\/pages\/261","targetHints":{"allow":["GET"]}}],"collection":[{"href":"https:\/\/soilstabilizermachine.com\/tr\/wp-json\/wp\/v2\/pages"}],"about":[{"href":"https:\/\/soilstabilizermachine.com\/tr\/wp-json\/wp\/v2\/types\/page"}],"author":[{"embeddable":true,"href":"https:\/\/soilstabilizermachine.com\/tr\/wp-json\/wp\/v2\/users\/1"}],"replies":[{"embeddable":true,"href":"https:\/\/soilstabilizermachine.com\/tr\/wp-json\/wp\/v2\/comments?post=261"}],"version-history":[{"count":2,"href":"https:\/\/soilstabilizermachine.com\/tr\/wp-json\/wp\/v2\/pages\/261\/revisions"}],"predecessor-version":[{"id":263,"href":"https:\/\/soilstabilizermachine.com\/tr\/wp-json\/wp\/v2\/pages\/261\/revisions\/263"}],"wp:attachment":[{"href":"https:\/\/soilstabilizermachine.com\/tr\/wp-json\/wp\/v2\/media?parent=261"}],"curies":[{"name":"wp","href":"https:\/\/api.w.org\/{rel}","templated":true}]}}