{"id":265,"date":"2025-11-14T08:39:44","date_gmt":"2025-11-14T08:39:44","guid":{"rendered":"https:\/\/soilstabilizermachine.com\/?page_id=265"},"modified":"2025-11-14T08:39:44","modified_gmt":"2025-11-14T08:39:44","slug":"warranty-policy","status":"publish","type":"page","link":"https:\/\/soilstabilizermachine.com\/sl\/warranty-policy\/","title":{"rendered":"Garancijska politika"},"content":{"rendered":"<p data-start=\"4067\" data-end=\"4238\">Hvala, ker ste kupili izdelke Wanatabe. Za zagotavljanje kakovosti va\u0161ega izdelka ponujamo omejeno garancijo. Spodaj so podrobnosti na\u0161e garancijske politike.<\/p>\n<h4 data-start=\"4240\" data-end=\"4271\">1. <strong data-start=\"4248\" data-end=\"4269\">Garancijsko kritje<\/strong><\/h4>\n<p data-start=\"4272\" data-end=\"4345\">Nudimo garancijo za <strong data-start=\"4298\" data-end=\"4314\">novi izdelki<\/strong> kupljeno pri nas, ki zajema:<\/p>\n<ul data-start=\"4346\" data-end=\"4401\">\n<li data-start=\"4346\" data-end=\"4401\">\n<p data-start=\"4348\" data-end=\"4401\">Napake v materialih ali izdelavi pri normalni uporabi.<\/p>\n<\/li>\n<\/ul>\n<h4 data-start=\"4403\" data-end=\"4432\">2. <strong data-start=\"4411\" data-end=\"4430\">Garancijsko obdobje<\/strong><\/h4>\n<p data-start=\"4433\" data-end=\"4589\">Garancijska doba za\u010dne te\u010di z datumom nakupa. \u010ce je izdelek v garancijskem roku pokvarjen, vam bomo ponudili popravilo ali zamenjavo.<\/p>\n<h4 data-start=\"4591\" data-end=\"4621\">3. <strong data-start=\"4599\" data-end=\"4619\">Garancijski servis<\/strong><\/h4>\n<p data-start=\"4622\" data-end=\"4679\">\u010ce \u017eelite zahtevati garancijsko storitev, sledite tem korakom:<\/p>\n<ul data-start=\"4680\" data-end=\"4895\">\n<li data-start=\"4680\" data-end=\"4778\">\n<p data-start=\"4682\" data-end=\"4778\">Obrnite se na na\u0161o slu\u017ebo za stranke in predlo\u017eite dokazilo o nakupu ter opis te\u017eave.<\/p>\n<\/li>\n<li data-start=\"4779\" data-end=\"4895\">\n<p data-start=\"4781\" data-end=\"4895\">Odvisno od izdelka boste morda morali izdelek poslati na pregled v na\u0161 poobla\u0161\u010deni servisni center.<\/p>\n<\/li>\n<\/ul>\n<h4 data-start=\"4897\" data-end=\"4921\">4. <strong data-start=\"4905\" data-end=\"4919\">Izklju\u010ditve<\/strong><\/h4>\n<p data-start=\"4922\" data-end=\"4953\">Ta garancija ne krije:<\/p>\n<ul data-start=\"4954\" data-end=\"5309\">\n<li data-start=\"4954\" data-end=\"5023\">\n<p data-start=\"4956\" data-end=\"5023\"><strong data-start=\"4956\" data-end=\"4977\">Nenamerna \u0161koda<\/strong>: Kot so padci, udarci, po\u0161kodbe zaradi vode itd.<\/p>\n<\/li>\n<li data-start=\"5024\" data-end=\"5105\">\n<p data-start=\"5026\" data-end=\"5105\"><strong data-start=\"5026\" data-end=\"5042\">Nepravilna uporaba<\/strong>\u010ce se izdelek ne uporablja v skladu z navodili za uporabo.<\/p>\n<\/li>\n<li data-start=\"5106\" data-end=\"5236\">\n<p data-start=\"5108\" data-end=\"5236\"><strong data-start=\"5108\" data-end=\"5138\">Nepoobla\u0161\u010dene spremembe<\/strong>: \u010ce izdelek popravi ali spremeni kdo drug kot na\u0161 poobla\u0161\u010deni serviser.<\/p>\n<\/li>\n<li data-start=\"5237\" data-end=\"5309\">\n<p data-start=\"5239\" data-end=\"5309\"><strong data-start=\"5239\" data-end=\"5263\">Normalna obraba<\/strong>: Na primer naravna obraba zaradi dolgotrajne uporabe.<\/p>\n<\/li>\n<\/ul>\n<h4 data-start=\"5311\" data-end=\"5343\">5. <strong data-start=\"5319\" data-end=\"5341\">Podalj\u0161anje garancije<\/strong><\/h4>\n<p data-start=\"5344\" data-end=\"5457\">\u010ce izdelka ni mogo\u010de popraviti, vam bomo ponudili <strong data-start=\"5395\" data-end=\"5410\">polno povra\u010dilo<\/strong> ali <strong data-start=\"5414\" data-end=\"5429\">zamenjava<\/strong> v garancijskem roku.<\/p>\n<h4 data-start=\"5459\" data-end=\"5484\">6. <strong data-start=\"5467\" data-end=\"5482\">Drugi izrazi<\/strong><\/h4>\n<ul data-start=\"5485\" data-end=\"5635\">\n<li data-start=\"5485\" data-end=\"5554\">\n<p data-start=\"5487\" data-end=\"5554\">Garancijska storitev je na voljo samo prvotnemu kupcu.<\/p>\n<\/li>\n<li data-start=\"5555\" data-end=\"5635\">\n<p data-start=\"5557\" data-end=\"5635\">Ta garancijska politika ne vpliva na nobene pravice, ki jih imate morda v skladu z lokalnimi zakoni.<\/p>\n<\/li>\n<\/ul>","protected":false},"excerpt":{"rendered":"<p>Thank you for purchasing\u00a0Wanatabe products. We offer a limited warranty to ensure the quality of your product. Below are the details of our warranty policy. 1. Warranty Coverage We provide a warranty for new products purchased from us, covering: Defects in materials or workmanship under normal use. 2. Warranty Period The warranty period starts from [&hellip;]<\/p>","protected":false},"author":1,"featured_media":0,"parent":0,"menu_order":0,"comment_status":"closed","ping_status":"closed","template":"","meta":{"_et_pb_use_builder":"","_et_pb_old_content":"","_et_gb_content_width":"","footnotes":""},"class_list":["post-265","page","type-page","status-publish","hentry"],"_links":{"self":[{"href":"https:\/\/soilstabilizermachine.com\/sl\/wp-json\/wp\/v2\/pages\/265","targetHints":{"allow":["GET"]}}],"collection":[{"href":"https:\/\/soilstabilizermachine.com\/sl\/wp-json\/wp\/v2\/pages"}],"about":[{"href":"https:\/\/soilstabilizermachine.com\/sl\/wp-json\/wp\/v2\/types\/page"}],"author":[{"embeddable":true,"href":"https:\/\/soilstabilizermachine.com\/sl\/wp-json\/wp\/v2\/users\/1"}],"replies":[{"embeddable":true,"href":"https:\/\/soilstabilizermachine.com\/sl\/wp-json\/wp\/v2\/comments?post=265"}],"version-history":[{"count":1,"href":"https:\/\/soilstabilizermachine.com\/sl\/wp-json\/wp\/v2\/pages\/265\/revisions"}],"predecessor-version":[{"id":267,"href":"https:\/\/soilstabilizermachine.com\/sl\/wp-json\/wp\/v2\/pages\/265\/revisions\/267"}],"wp:attachment":[{"href":"https:\/\/soilstabilizermachine.com\/sl\/wp-json\/wp\/v2\/media?parent=265"}],"curies":[{"name":"wp","href":"https:\/\/api.w.org\/{rel}","templated":true}]}}