{"id":261,"date":"2025-11-14T08:38:45","date_gmt":"2025-11-14T08:38:45","guid":{"rendered":"https:\/\/soilstabilizermachine.com\/?page_id=261"},"modified":"2025-11-14T08:38:45","modified_gmt":"2025-11-14T08:38:45","slug":"privacy-policy-2","status":"publish","type":"page","link":"https:\/\/soilstabilizermachine.com\/sk\/privacy-policy-2\/","title":{"rendered":"Z\u00e1sady ochrany osobn\u00fdch \u00fadajov"},"content":{"rendered":"<p data-start=\"214\" data-end=\"488\">Vitajte vo Watanabe. V\u00e1\u017eime si va\u0161e s\u00fakromie a zav\u00e4zujeme sa chr\u00e1ni\u0165 va\u0161e osobn\u00e9 \u00fadaje. Pre\u010d\u00edtajte si, pros\u00edm, nasleduj\u00face z\u00e1sady ochrany osobn\u00fdch \u00fadajov, aby ste pochopili, ako zhroma\u017e\u010fujeme, pou\u017e\u00edvame, uchov\u00e1vame a chr\u00e1nime va\u0161e osobn\u00e9 \u00fadaje.<\/p>\n<h4 data-start=\"490\" data-end=\"526\">1. <strong data-start=\"498\" data-end=\"524\">Inform\u00e1cie, ktor\u00e9 zhroma\u017e\u010fujeme<\/strong><\/h4>\n<p data-start=\"527\" data-end=\"584\">Zhroma\u017e\u010fujeme nasleduj\u00face typy osobn\u00fdch \u00fadajov:<\/p>\n<ul data-start=\"585\" data-end=\"814\">\n<li data-start=\"585\" data-end=\"654\">\n<p data-start=\"587\" data-end=\"654\"><strong data-start=\"587\" data-end=\"611\">Inform\u00e1cie o toto\u017enosti<\/strong>Meno, e-mailov\u00e1 adresa, telef\u00f3nne \u010d\u00edslo at\u010f.<\/p>\n<\/li>\n<li data-start=\"655\" data-end=\"726\">\n<p data-start=\"657\" data-end=\"726\"><strong data-start=\"657\" data-end=\"680\">Inform\u00e1cie o platbe<\/strong>\u00dadaje o kreditnej karte, faktura\u010dn\u00e1 adresa at\u010f.<\/p>\n<\/li>\n<li data-start=\"727\" data-end=\"814\">\n<p data-start=\"729\" data-end=\"814\"><strong data-start=\"729\" data-end=\"743\">\u00dadaje o pou\u017e\u00edvan\u00ed<\/strong>Typ zariadenia, typ prehliada\u010da, IP adresa, nav\u0161t\u00edven\u00e9 str\u00e1nky, \u010dasov\u00e1 pe\u010diatka at\u010f.<\/p>\n<\/li>\n<\/ul>\n<h4 data-start=\"816\" data-end=\"857\">2. <strong data-start=\"824\" data-end=\"855\">Ako pou\u017e\u00edvame va\u0161e inform\u00e1cie<\/strong><\/h4>\n<p data-start=\"858\" data-end=\"897\">Zhroma\u017eden\u00e9 inform\u00e1cie pou\u017e\u00edvame na:<\/p>\n<ul data-start=\"898\" data-end=\"1166\">\n<li data-start=\"898\" data-end=\"959\">\n<p data-start=\"900\" data-end=\"959\">Poskytova\u0165, udr\u017eiava\u0165 a vylep\u0161ova\u0165 na\u0161e produkty a slu\u017eby.<\/p>\n<\/li>\n<li data-start=\"960\" data-end=\"997\">\n<p data-start=\"962\" data-end=\"997\">Spracujte svoje objedn\u00e1vky a platby.<\/p>\n<\/li>\n<li data-start=\"998\" data-end=\"1084\">\n<p data-start=\"1000\" data-end=\"1084\">Komunikova\u0165 s vami vr\u00e1tane zasielania d\u00f4le\u017eit\u00fdch inform\u00e1ci\u00ed o \u00fa\u010dte a aktualiz\u00e1ci\u00ed.<\/p>\n<\/li>\n<li data-start=\"1085\" data-end=\"1166\">\n<p data-start=\"1087\" data-end=\"1166\">Poskytova\u0165 v\u00e1m prisp\u00f4soben\u00fd obsah a reklamy na z\u00e1klade va\u0161ich z\u00e1ujmov.<\/p>\n<\/li>\n<\/ul>\n<h4 data-start=\"1168\" data-end=\"1204\">3. <strong data-start=\"1176\" data-end=\"1202\">Zdie\u013eanie inform\u00e1ci\u00ed<\/strong><\/h4>\n<p data-start=\"1205\" data-end=\"1338\">Va\u0161e osobn\u00e9 \u00fadaje nepred\u00e1vame tret\u00edm stran\u00e1m. Va\u0161e inform\u00e1cie m\u00f4\u017eeme zdie\u013ea\u0165 s nasleduj\u00facimi typmi tret\u00edch str\u00e1n:<\/p>\n<ul data-start=\"1339\" data-end=\"1541\">\n<li data-start=\"1339\" data-end=\"1461\">\n<p data-start=\"1341\" data-end=\"1461\"><strong data-start=\"1341\" data-end=\"1362\">Poskytovatelia slu\u017eieb<\/strong>Spolo\u010dnosti tret\u00edch str\u00e1n, ktor\u00e9 n\u00e1m pom\u00e1haj\u00fa so slu\u017ebami, ako je spracovanie platieb, ukladanie \u00fadajov at\u010f.<\/p>\n<\/li>\n<li data-start=\"1462\" data-end=\"1541\">\n<p data-start=\"1464\" data-end=\"1541\"><strong data-start=\"1464\" data-end=\"1486\">Pr\u00e1vne po\u017eiadavky<\/strong>Ak to vy\u017eaduje z\u00e1kon, m\u00f4\u017eeme va\u0161e inform\u00e1cie zverejni\u0165.<\/p>\n<\/li>\n<\/ul>\n<h4 data-start=\"1543\" data-end=\"1572\">4. <strong data-start=\"1551\" data-end=\"1570\">Ochrana \u00fadajov<\/strong><\/h4>\n<p data-start=\"1573\" data-end=\"1712\">Na ochranu va\u0161ich osobn\u00fdch \u00fadajov pred neopr\u00e1vnen\u00fdm pr\u00edstupom, pou\u017eit\u00edm alebo zverejnen\u00edm pou\u017e\u00edvame vhodn\u00e9 technick\u00e9 a organiza\u010dn\u00e9 opatrenia.<\/p>\n<h4 data-start=\"1714\" data-end=\"1739\">5. <strong data-start=\"1722\" data-end=\"1737\">Va\u0161e pr\u00e1va<\/strong><\/h4>\n<p data-start=\"1740\" data-end=\"1865\">M\u00e1te pr\u00e1vo na pr\u00edstup k svojim osobn\u00fdm \u00fadajom, ich opravu alebo vymazanie. Ak si \u017eel\u00e1te tieto pr\u00e1va uplatni\u0165, kontaktujte n\u00e1s.<\/p>\n<h4 data-start=\"1867\" data-end=\"1888\">6. <strong data-start=\"1875\" data-end=\"1886\">Aktualiz\u00e1cie<\/strong><\/h4>\n<p data-start=\"1889\" data-end=\"2033\">Tieto z\u00e1sady ochrany osobn\u00fdch \u00fadajov m\u00f4\u017eeme priebe\u017ene aktualizova\u0165. Aktualizovan\u00e9 z\u00e1sady ochrany osobn\u00fdch \u00fadajov bud\u00fa zverejnen\u00e9 na tejto str\u00e1nke s aktualizovan\u00fdm d\u00e1tumom \u201ePosledn\u00e1 aktualiz\u00e1cia\u201c.<\/p>","protected":false},"excerpt":{"rendered":"<p>Welcome to Watanabe. We value your privacy and are committed to protecting your personal information. Please read the following privacy policy to understand how we collect, use, store, and protect your personal data. 1. Information We Collect We collect the following types of personal information: Identity Information: Name, email address, phone number, etc. Payment Information: [&hellip;]<\/p>","protected":false},"author":1,"featured_media":0,"parent":0,"menu_order":0,"comment_status":"closed","ping_status":"closed","template":"","meta":{"_et_pb_use_builder":"","_et_pb_old_content":"","_et_gb_content_width":"","footnotes":""},"class_list":["post-261","page","type-page","status-publish","hentry"],"_links":{"self":[{"href":"https:\/\/soilstabilizermachine.com\/sk\/wp-json\/wp\/v2\/pages\/261","targetHints":{"allow":["GET"]}}],"collection":[{"href":"https:\/\/soilstabilizermachine.com\/sk\/wp-json\/wp\/v2\/pages"}],"about":[{"href":"https:\/\/soilstabilizermachine.com\/sk\/wp-json\/wp\/v2\/types\/page"}],"author":[{"embeddable":true,"href":"https:\/\/soilstabilizermachine.com\/sk\/wp-json\/wp\/v2\/users\/1"}],"replies":[{"embeddable":true,"href":"https:\/\/soilstabilizermachine.com\/sk\/wp-json\/wp\/v2\/comments?post=261"}],"version-history":[{"count":2,"href":"https:\/\/soilstabilizermachine.com\/sk\/wp-json\/wp\/v2\/pages\/261\/revisions"}],"predecessor-version":[{"id":263,"href":"https:\/\/soilstabilizermachine.com\/sk\/wp-json\/wp\/v2\/pages\/261\/revisions\/263"}],"wp:attachment":[{"href":"https:\/\/soilstabilizermachine.com\/sk\/wp-json\/wp\/v2\/media?parent=261"}],"curies":[{"name":"wp","href":"https:\/\/api.w.org\/{rel}","templated":true}]}}