{"id":98,"date":"2025-11-13T02:24:38","date_gmt":"2025-11-13T02:24:38","guid":{"rendered":"https:\/\/soilstabilizermachine.com\/?page_id=98"},"modified":"2025-11-14T03:39:24","modified_gmt":"2025-11-14T03:39:24","slug":"contact-us","status":"publish","type":"page","link":"https:\/\/soilstabilizermachine.com\/pt\/contact-us\/","title":{"rendered":"Contate-nos"},"content":{"rendered":"<p>[et_pb_section fb_built=&#8221;1&#8243; admin_label=&#8221;section&#8221; _builder_version=&#8221;4.27.4&#8243; use_background_color_gradient=&#8221;on&#8221; background_color_gradient_stops=&#8221;rgba(127,164,193,0.13) 0%|rgba(117,196,183,0.29) 100%&#8221; background_color_gradient_overlays_image=&#8221;on&#8221; background_image=&#8221;https:\/\/soilstabilizermachine.com\/wp-content\/uploads\/2025\/11\/cooperation1.webp&#8221; min_height=&#8221;394px&#8221; custom_padding=&#8221;||133px|||&#8221; global_colors_info=&#8221;{}&#8221;][et_pb_row admin_label=&#8221;row&#8221; _builder_version=&#8221;4.16&#8243; background_size=&#8221;initial&#8221; background_position=&#8221;top_left&#8221; background_repeat=&#8221;repeat&#8221; global_colors_info=&#8221;{}&#8221;][et_pb_column type=&#8221;4_4&#8243; _builder_version=&#8221;4.16&#8243; custom_padding=&#8221;|||&#8221; global_colors_info=&#8221;{}&#8221; custom_padding__hover=&#8221;|||&#8221;][et_pb_text _builder_version=&#8221;4.27.4&#8243; _module_preset=&#8221;default&#8221; header_font=&#8221;&#8211;et_global_heading_font|600|||||||&#8221; header_text_color=&#8221;#FFFFFF&#8221; header_font_size=&#8221;77px&#8221; header_text_shadow_style=&#8221;preset2&#8243; global_colors_info=&#8221;{}&#8221;]<\/p>\n<h1 style=\"text-align: center;\">Contate-nos<\/h1>\n<p>[\/et_pb_text][\/et_pb_column][\/et_pb_row][\/et_pb_section][et_pb_section fb_built=&#8221;1&#8243; _builder_version=&#8221;4.27.4&#8243; _module_preset=&#8221;default&#8221; global_colors_info=&#8221;{}&#8221; custom_padding=&#8221;||10px|||&#8221;][et_pb_row _builder_version=&#8221;4.27.4&#8243; _module_preset=&#8221;default&#8221; max_width=&#8221;1250px&#8221; global_colors_info=&#8221;{}&#8221;][et_pb_column type=&#8221;4_4&#8243; _builder_version=&#8221;4.27.4&#8243; _module_preset=&#8221;default&#8221; global_colors_info=&#8221;{}&#8221;][et_pb_text _builder_version=&#8221;4.27.4&#8243; _module_preset=&#8221;default&#8221; header_2_font=&#8221;&#8211;et_global_heading_font|500|||||||&#8221; header_2_font_size=&#8221;45px&#8221; custom_margin=&#8221;||22px|||&#8221; header_2_text_shadow_style=&#8221;preset3&#8243; global_colors_info=&#8221;{}&#8221;]<\/p>\n<article class=\"4ever-article\" data-clipboard-cangjie=\"[&quot;root&quot;,{&quot;copyFrom&quot;:2066762897},[&quot;p&quot;,{},[&quot;span&quot;,{&quot;data-type&quot;:&quot;text&quot;},[&quot;span&quot;,{&quot;data-type&quot;:&quot;leaf&quot;},&quot; Brazil Watanabe soil stabilizer machine Co.,Ltd&quot;]]]]\">\n<h2 style=\"text-align: center;\"><span>\u00a0Brasil Watanabe M\u00e1quina de estabiliza\u00e7\u00e3o de solo Co., Ltda.<\/span><\/h2>\n<\/article>\n<p>[\/et_pb_text][et_pb_text _builder_version=&#8221;4.27.4&#8243; _module_preset=&#8221;default&#8221; text_font_size=&#8221;16px&#8221; text_line_height=&#8221;1.9em&#8221; width=&#8221;91.2%&#8221; custom_padding=&#8221;|16px||16px||&#8221; global_colors_info=&#8221;{}&#8221;]<\/p>\n<p dir=\"auto\" style=\"text-align: center;\">Na Brazil Watanabe Soil Stabilizer Machine Co., Ltd., somos pioneiros no fornecimento de m\u00e1quinas de estabiliza\u00e7\u00e3o de solo e britadores de rocha de \u00faltima gera\u00e7\u00e3o, projetados para transformar terrenos desafiadores em funda\u00e7\u00f5es robustas para seus projetos. Com d\u00e9cadas de experi\u00eancia no din\u00e2mico cen\u00e1rio da constru\u00e7\u00e3o civil brasileira, nossas solu\u00e7\u00f5es inovadoras garantem durabilidade, efici\u00eancia e sustentabilidade ambiental incompar\u00e1veis, capacitando empreiteiras do mundo todo a construir com mais for\u00e7a, rapidez e intelig\u00eancia. Torne-se nosso parceiro hoje mesmo e conte com nossa expertise personalizada para transformar obst\u00e1culos em oportunidades; entre em contato com nossa equipe dedicada e impulsione seu pr\u00f3ximo empreendimento.<\/p>\n<p>[\/et_pb_text][\/et_pb_column][\/et_pb_row][et_pb_row column_structure=&#8221;1_4,1_4,1_2&#8243; use_custom_gutter=&#8221;on&#8221; gutter_width=&#8221;1&#8243; _builder_version=&#8221;4.27.4&#8243; _module_preset=&#8221;default&#8221; max_width=&#8221;1250px&#8221; global_colors_info=&#8221;{}&#8221;][et_pb_column type=&#8221;1_4&#8243; _builder_version=&#8221;4.27.4&#8243; _module_preset=&#8221;default&#8221; global_colors_info=&#8221;{}&#8221;][et_pb_blurb title=&#8221;Email&#8221; use_icon=&#8221;on&#8221; font_icon=&#8221;&#xf0e0;||fa||900&#8243; icon_color=&#8221;#f74f0a&#8221; icon_placement=&#8221;left&#8221; image_icon_width=&#8221;72px&#8221; _builder_version=&#8221;4.27.4&#8243; _module_preset=&#8221;default&#8221; header_font=&#8221;|600||on|||||&#8221; header_font_size=&#8221;25px&#8221; body_font_size=&#8221;17px&#8221; global_colors_info=&#8221;{}&#8221;]<\/p>\n<p><a href=\"mailto:sales@soilstabilizermachine.com\">vendas@soilstabilizermachine.com<\/a><\/p>\n<p>[\/et_pb_blurb][\/et_pb_column][et_pb_column type=&#8221;1_4&#8243; _builder_version=&#8221;4.27.4&#8243; _module_preset=&#8221;default&#8221; global_colors_info=&#8221;{}&#8221;][et_pb_blurb title=&#8221;Tel&#8221; use_icon=&#8221;on&#8221; font_icon=&#8221;&#xf87b;||fa||900&#8243; icon_color=&#8221;#f74f0a&#8221; icon_placement=&#8221;left&#8221; image_icon_width=&#8221;72px&#8221; _builder_version=&#8221;4.27.4&#8243; _module_preset=&#8221;default&#8221; header_font=&#8221;|600||on|||||&#8221; header_font_size=&#8221;25px&#8221; body_font_size=&#8221;17px&#8221; custom_padding=&#8221;|||74px||&#8221; global_colors_info=&#8221;{}&#8221;]<\/p>\n<p>+(55) 42 3232 4466\u00a0<\/p>\n<p>[\/et_pb_blurb][\/et_pb_column][et_pb_column type=&#8221;1_2&#8243; _builder_version=&#8221;4.27.4&#8243; _module_preset=&#8221;default&#8221; global_colors_info=&#8221;{}&#8221;][et_pb_blurb title=&#8221;Address&#8221; use_icon=&#8221;on&#8221; font_icon=&#8221;&#xf3c5;||fa||900&#8243; icon_color=&#8221;#f74f0a&#8221; icon_placement=&#8221;left&#8221; image_icon_width=&#8221;72px&#8221; _builder_version=&#8221;4.27.4&#8243; _module_preset=&#8221;default&#8221; header_font=&#8221;|600||on|||||&#8221; header_font_size=&#8221;25px&#8221; body_font_size=&#8221;16px&#8221; width=&#8221;100%&#8221; global_colors_info=&#8221;{}&#8221;]<\/p>\n<p><span>Rodovia Pr 151, 281,6 | Distrito Industrial | Castro \u2013 PR | Brasil<\/span><\/p>\n<p>[\/et_pb_blurb][\/et_pb_column][\/et_pb_row][et_pb_row _builder_version=&#8221;4.27.4&#8243; _module_preset=&#8221;default&#8221; max_width=&#8221;1250px&#8221; global_colors_info=&#8221;{}&#8221; custom_padding=&#8221;||8px|||&#8221;][et_pb_column type=&#8221;4_4&#8243; _builder_version=&#8221;4.27.4&#8243; _module_preset=&#8221;default&#8221; global_colors_info=&#8221;{}&#8221;][et_pb_code _builder_version=&#8221;4.27.4&#8243; _module_preset=&#8221;default&#8221; min_height=&#8221;648.1px&#8221; global_colors_info=&#8221;{}&#8221;]<\/p>\n<div class=\"map-container\"><iframe src=\"https:\/\/www.google.com\/maps\/embed?pb=!1m18!1m12!1m3!1d115955.06493165137!2d-50.15214630273438!3d-24.740753999999978!2m3!1f0!2f0!3f0!3m2!1i1024!2i768!4f13.1!3m3!1m2!1s0x94c28260c122f3d9%3A0x8de0e8262acdc4cb!2sYamamoto%20Artefatos%20de%20Cimento%20-%20F%C3%A1brica!5e0!3m2!1sen!2sus!4v1763079768797!5m2!1sen!2sus\" width=\"1250\" height=\"650\" style=\"border:0;\" allowfullscreen=\"\" loading=\"lazy\" referrerpolicy=\"no-referrer-when-downgrade\"><\/iframe><\/div>\n<p>[\/et_pb_code][\/et_pb_column][\/et_pb_row][\/et_pb_section]<\/p>","protected":false},"excerpt":{"rendered":"<p>Contact Us \u00a0Brazil\u00a0Watanabe\u00a0soil\u00a0stabilizer\u00a0machine\u00a0Co.,Ltd At Brazil Watanabe Soil Stabilizer Machine Co., Ltd., we are pioneers in delivering cutting-edge soil stabilizer machines and rock crushers designed to transform challenging terrains into robust foundations for your projects. With decades of expertise in Brazil&#8217;s dynamic construction landscape, our innovative solutions ensure unmatched durability, efficiency, and environmental sustainability\u2014empowering contractors worldwide [&hellip;]<\/p>","protected":false},"author":1,"featured_media":0,"parent":0,"menu_order":0,"comment_status":"closed","ping_status":"closed","template":"","meta":{"_et_pb_use_builder":"on","_et_pb_old_content":"","_et_gb_content_width":"","footnotes":""},"class_list":["post-98","page","type-page","status-publish","hentry"],"_links":{"self":[{"href":"https:\/\/soilstabilizermachine.com\/pt\/wp-json\/wp\/v2\/pages\/98","targetHints":{"allow":["GET"]}}],"collection":[{"href":"https:\/\/soilstabilizermachine.com\/pt\/wp-json\/wp\/v2\/pages"}],"about":[{"href":"https:\/\/soilstabilizermachine.com\/pt\/wp-json\/wp\/v2\/types\/page"}],"author":[{"embeddable":true,"href":"https:\/\/soilstabilizermachine.com\/pt\/wp-json\/wp\/v2\/users\/1"}],"replies":[{"embeddable":true,"href":"https:\/\/soilstabilizermachine.com\/pt\/wp-json\/wp\/v2\/comments?post=98"}],"version-history":[{"count":20,"href":"https:\/\/soilstabilizermachine.com\/pt\/wp-json\/wp\/v2\/pages\/98\/revisions"}],"predecessor-version":[{"id":215,"href":"https:\/\/soilstabilizermachine.com\/pt\/wp-json\/wp\/v2\/pages\/98\/revisions\/215"}],"wp:attachment":[{"href":"https:\/\/soilstabilizermachine.com\/pt\/wp-json\/wp\/v2\/media?parent=98"}],"curies":[{"name":"wp","href":"https:\/\/api.w.org\/{rel}","templated":true}]}}