{"id":265,"date":"2025-11-14T08:39:44","date_gmt":"2025-11-14T08:39:44","guid":{"rendered":"https:\/\/soilstabilizermachine.com\/?page_id=265"},"modified":"2025-11-14T08:39:44","modified_gmt":"2025-11-14T08:39:44","slug":"warranty-policy","status":"publish","type":"page","link":"https:\/\/soilstabilizermachine.com\/pt\/warranty-policy\/","title":{"rendered":"Pol\u00edtica de garantia"},"content":{"rendered":"<p data-start=\"4067\" data-end=\"4238\">Agradecemos a sua compra de produtos Wanatabe. Oferecemos uma garantia limitada para assegurar a qualidade do seu produto. Abaixo encontram-se os detalhes da nossa pol\u00edtica de garantia.<\/p>\n<h4 data-start=\"4240\" data-end=\"4271\">1. <strong data-start=\"4248\" data-end=\"4269\">Cobertura da garantia<\/strong><\/h4>\n<p data-start=\"4272\" data-end=\"4345\">Oferecemos garantia para <strong data-start=\"4298\" data-end=\"4314\">novos produtos<\/strong> adquirido conosco, incluindo:<\/p>\n<ul data-start=\"4346\" data-end=\"4401\">\n<li data-start=\"4346\" data-end=\"4401\">\n<p data-start=\"4348\" data-end=\"4401\">Defeitos de materiais ou de fabrica\u00e7\u00e3o sob uso normal.<\/p>\n<\/li>\n<\/ul>\n<h4 data-start=\"4403\" data-end=\"4432\">2. <strong data-start=\"4411\" data-end=\"4430\">Per\u00edodo de garantia<\/strong><\/h4>\n<p data-start=\"4433\" data-end=\"4589\">O per\u00edodo de garantia come\u00e7a a contar a partir da data da compra. Durante o per\u00edodo de garantia, se o produto apresentar defeito, ofereceremos servi\u00e7os de reparo ou substitui\u00e7\u00e3o.<\/p>\n<h4 data-start=\"4591\" data-end=\"4621\">3. <strong data-start=\"4599\" data-end=\"4619\">Servi\u00e7o de garantia<\/strong><\/h4>\n<p data-start=\"4622\" data-end=\"4679\">Para solicitar assist\u00eancia t\u00e9cnica em garantia, siga estes passos:<\/p>\n<ul data-start=\"4680\" data-end=\"4895\">\n<li data-start=\"4680\" data-end=\"4778\">\n<p data-start=\"4682\" data-end=\"4778\">Entre em contato com nossa equipe de atendimento ao cliente, fornecendo o comprovante de compra e uma descri\u00e7\u00e3o do problema.<\/p>\n<\/li>\n<li data-start=\"4779\" data-end=\"4895\">\n<p data-start=\"4781\" data-end=\"4895\">Dependendo do produto, poder\u00e1 ser necess\u00e1rio envi\u00e1-lo para o nosso centro de assist\u00eancia t\u00e9cnica autorizado para inspe\u00e7\u00e3o.<\/p>\n<\/li>\n<\/ul>\n<h4 data-start=\"4897\" data-end=\"4921\">4. <strong data-start=\"4905\" data-end=\"4919\">Exclus\u00f5es<\/strong><\/h4>\n<p data-start=\"4922\" data-end=\"4953\">Esta garantia n\u00e3o cobre:<\/p>\n<ul data-start=\"4954\" data-end=\"5309\">\n<li data-start=\"4954\" data-end=\"5023\">\n<p data-start=\"4956\" data-end=\"5023\"><strong data-start=\"4956\" data-end=\"4977\">Danos acidentais<\/strong>Como quedas, impactos, danos causados \u200b\u200bpela \u00e1gua, etc.<\/p>\n<\/li>\n<li data-start=\"5024\" data-end=\"5105\">\n<p data-start=\"5026\" data-end=\"5105\"><strong data-start=\"5026\" data-end=\"5042\">Uso indevido<\/strong>Se o produto n\u00e3o for utilizado de acordo com o manual do produto.<\/p>\n<\/li>\n<li data-start=\"5106\" data-end=\"5236\">\n<p data-start=\"5108\" data-end=\"5236\"><strong data-start=\"5108\" data-end=\"5138\">Modifica\u00e7\u00f5es n\u00e3o autorizadas<\/strong>Caso o produto seja reparado ou modificado por algu\u00e9m que n\u00e3o seja nosso pessoal de servi\u00e7o autorizado.<\/p>\n<\/li>\n<li data-start=\"5237\" data-end=\"5309\">\n<p data-start=\"5239\" data-end=\"5309\"><strong data-start=\"5239\" data-end=\"5263\">Desgaste normal<\/strong>Como, por exemplo, o desgaste natural devido ao uso prolongado.<\/p>\n<\/li>\n<\/ul>\n<h4 data-start=\"5311\" data-end=\"5343\">5. <strong data-start=\"5319\" data-end=\"5341\">Extens\u00e3o de garantia<\/strong><\/h4>\n<p data-start=\"5344\" data-end=\"5457\">Se o produto n\u00e3o puder ser reparado, ofereceremos uma substitui\u00e7\u00e3o. <strong data-start=\"5395\" data-end=\"5410\">reembolso total<\/strong> ou <strong data-start=\"5414\" data-end=\"5429\">substitui\u00e7\u00e3o<\/strong> durante o per\u00edodo de garantia.<\/p>\n<h4 data-start=\"5459\" data-end=\"5484\">6. <strong data-start=\"5467\" data-end=\"5482\">Outros termos<\/strong><\/h4>\n<ul data-start=\"5485\" data-end=\"5635\">\n<li data-start=\"5485\" data-end=\"5554\">\n<p data-start=\"5487\" data-end=\"5554\">O servi\u00e7o de garantia est\u00e1 dispon\u00edvel apenas para o comprador original.<\/p>\n<\/li>\n<li data-start=\"5555\" data-end=\"5635\">\n<p data-start=\"5557\" data-end=\"5635\">Esta pol\u00edtica de garantia n\u00e3o afeta quaisquer direitos que voc\u00ea possa ter de acordo com as leis locais.<\/p>\n<\/li>\n<\/ul>","protected":false},"excerpt":{"rendered":"<p>Thank you for purchasing\u00a0Wanatabe products. We offer a limited warranty to ensure the quality of your product. Below are the details of our warranty policy. 1. Warranty Coverage We provide a warranty for new products purchased from us, covering: Defects in materials or workmanship under normal use. 2. Warranty Period The warranty period starts from [&hellip;]<\/p>","protected":false},"author":1,"featured_media":0,"parent":0,"menu_order":0,"comment_status":"closed","ping_status":"closed","template":"","meta":{"_et_pb_use_builder":"","_et_pb_old_content":"","_et_gb_content_width":"","footnotes":""},"class_list":["post-265","page","type-page","status-publish","hentry"],"_links":{"self":[{"href":"https:\/\/soilstabilizermachine.com\/pt\/wp-json\/wp\/v2\/pages\/265","targetHints":{"allow":["GET"]}}],"collection":[{"href":"https:\/\/soilstabilizermachine.com\/pt\/wp-json\/wp\/v2\/pages"}],"about":[{"href":"https:\/\/soilstabilizermachine.com\/pt\/wp-json\/wp\/v2\/types\/page"}],"author":[{"embeddable":true,"href":"https:\/\/soilstabilizermachine.com\/pt\/wp-json\/wp\/v2\/users\/1"}],"replies":[{"embeddable":true,"href":"https:\/\/soilstabilizermachine.com\/pt\/wp-json\/wp\/v2\/comments?post=265"}],"version-history":[{"count":1,"href":"https:\/\/soilstabilizermachine.com\/pt\/wp-json\/wp\/v2\/pages\/265\/revisions"}],"predecessor-version":[{"id":267,"href":"https:\/\/soilstabilizermachine.com\/pt\/wp-json\/wp\/v2\/pages\/265\/revisions\/267"}],"wp:attachment":[{"href":"https:\/\/soilstabilizermachine.com\/pt\/wp-json\/wp\/v2\/media?parent=265"}],"curies":[{"name":"wp","href":"https:\/\/api.w.org\/{rel}","templated":true}]}}