{"id":264,"date":"2025-11-14T08:39:14","date_gmt":"2025-11-14T08:39:14","guid":{"rendered":"https:\/\/soilstabilizermachine.com\/?page_id=264"},"modified":"2025-11-14T08:54:40","modified_gmt":"2025-11-14T08:54:40","slug":"terms-of-service","status":"publish","type":"page","link":"https:\/\/soilstabilizermachine.com\/pt\/terms-of-service\/","title":{"rendered":"Termos de Servi\u00e7o"},"content":{"rendered":"<p data-start=\"2094\" data-end=\"2313\">Bem-vindo ao site da Wanatabe. Leia e concorde com os seguintes termos e condi\u00e7\u00f5es antes de usar nosso site ou quaisquer servi\u00e7os. Caso n\u00e3o concorde com estes termos, por favor, n\u00e3o utilize nossos servi\u00e7os.<\/p>\n<h4 data-start=\"2315\" data-end=\"2343\">1. <strong data-start=\"2323\" data-end=\"2341\">Licen\u00e7a de Uso<\/strong><\/h4>\n<p data-start=\"2344\" data-end=\"2615\">Concedemos a voc\u00ea uma licen\u00e7a limitada, n\u00e3o exclusiva e intransfer\u00edvel para usar os servi\u00e7os oferecidos neste site para fins l\u00edcitos e em conformidade com as leis e regulamenta\u00e7\u00f5es aplic\u00e1veis. Voc\u00ea n\u00e3o pode usar os servi\u00e7os para quaisquer atividades ilegais, fraudulentas ou maliciosas.<\/p>\n<h4 data-start=\"2617\" data-end=\"2660\">2. <strong data-start=\"2625\" data-end=\"2658\">Cria\u00e7\u00e3o e seguran\u00e7a da conta<\/strong><\/h4>\n<p data-start=\"2661\" data-end=\"2895\">Para utilizar determinadas funcionalidades, poder\u00e1 ser necess\u00e1rio criar uma conta. \u00c9 imprescind\u00edvel fornecer informa\u00e7\u00f5es de registo precisas e completas, mantendo-as sempre atualizadas. A seguran\u00e7a e a utiliza\u00e7\u00e3o da sua conta, incluindo a prote\u00e7\u00e3o por palavra-passe, s\u00e3o da sua responsabilidade.<\/p>\n<h4 data-start=\"2897\" data-end=\"2924\">3. <strong data-start=\"2905\" data-end=\"2922\">Condi\u00e7\u00f5es de pagamento<\/strong><\/h4>\n<p data-start=\"2925\" data-end=\"3085\">Ao adquirir produtos ou servi\u00e7os em nosso site, voc\u00ea concorda em pagar as taxas correspondentes. Os pagamentos podem ser processados \u200b\u200bpor meio de plataformas de pagamento de terceiros.<\/p>\n<h4 data-start=\"3087\" data-end=\"3122\">4. <strong data-start=\"3095\" data-end=\"3120\">Propriedade intelectual<\/strong><\/h4>\n<p data-start=\"3123\" data-end=\"3381\">Todo o conte\u00fado do site, incluindo, entre outros, textos, imagens, logotipos e v\u00eddeos, \u00e9 propriedade da Wanatabe ou de seus licenciadores e est\u00e1 protegido por leis de direitos autorais. Voc\u00ea n\u00e3o pode copiar, modificar ou distribuir este conte\u00fado sem permiss\u00e3o.<\/p>\n<h4 data-start=\"3383\" data-end=\"3420\">5. <strong data-start=\"3391\" data-end=\"3418\">Limita\u00e7\u00e3o de responsabilidade<\/strong><\/h4>\n<p data-start=\"3421\" data-end=\"3601\">N\u00e3o nos responsabilizamos por quaisquer danos diretos ou indiretos decorrentes do uso do nosso site ou servi\u00e7os, incluindo, entre outros, falha de equipamento, perda de dados ou perda de lucros.<\/p>\n<h4 data-start=\"3603\" data-end=\"3635\">6. <strong data-start=\"3611\" data-end=\"3633\">Resolu\u00e7\u00e3o de Conflitos<\/strong><\/h4>\n<p data-start=\"3636\" data-end=\"3819\">Quaisquer disputas decorrentes deste contrato ser\u00e3o resolvidas por meio de negocia\u00e7\u00e3o amig\u00e1vel. Caso as negocia\u00e7\u00f5es n\u00e3o sejam bem-sucedidas, voc\u00ea concorda em submeter a disputa aos tribunais de Wanatabe.<\/p>\n<h4 data-start=\"3821\" data-end=\"3857\">7. <strong data-start=\"3829\" data-end=\"3855\">Altera\u00e7\u00f5es aos Termos<\/strong><\/h4>\n<p data-start=\"3858\" data-end=\"4007\">Reservamo-nos o direito de modificar estes termos de servi\u00e7o a qualquer momento. Os termos atualizados ser\u00e3o publicados neste site e entrar\u00e3o em vigor imediatamente.<\/p>","protected":false},"excerpt":{"rendered":"<p>Welcome to the Wanatabe website. Please read and agree to the following terms and conditions before using our website or any services. If you do not agree with these terms, please do not use our services. 1. License to Use We grant you a limited, non-exclusive, and non-transferable license to use the services provided on [&hellip;]<\/p>","protected":false},"author":1,"featured_media":0,"parent":0,"menu_order":0,"comment_status":"closed","ping_status":"closed","template":"","meta":{"_et_pb_use_builder":"","_et_pb_old_content":"","_et_gb_content_width":"","footnotes":""},"class_list":["post-264","page","type-page","status-publish","hentry"],"_links":{"self":[{"href":"https:\/\/soilstabilizermachine.com\/pt\/wp-json\/wp\/v2\/pages\/264","targetHints":{"allow":["GET"]}}],"collection":[{"href":"https:\/\/soilstabilizermachine.com\/pt\/wp-json\/wp\/v2\/pages"}],"about":[{"href":"https:\/\/soilstabilizermachine.com\/pt\/wp-json\/wp\/v2\/types\/page"}],"author":[{"embeddable":true,"href":"https:\/\/soilstabilizermachine.com\/pt\/wp-json\/wp\/v2\/users\/1"}],"replies":[{"embeddable":true,"href":"https:\/\/soilstabilizermachine.com\/pt\/wp-json\/wp\/v2\/comments?post=264"}],"version-history":[{"count":2,"href":"https:\/\/soilstabilizermachine.com\/pt\/wp-json\/wp\/v2\/pages\/264\/revisions"}],"predecessor-version":[{"id":275,"href":"https:\/\/soilstabilizermachine.com\/pt\/wp-json\/wp\/v2\/pages\/264\/revisions\/275"}],"wp:attachment":[{"href":"https:\/\/soilstabilizermachine.com\/pt\/wp-json\/wp\/v2\/media?parent=264"}],"curies":[{"name":"wp","href":"https:\/\/api.w.org\/{rel}","templated":true}]}}