{"id":261,"date":"2025-11-14T08:38:45","date_gmt":"2025-11-14T08:38:45","guid":{"rendered":"https:\/\/soilstabilizermachine.com\/?page_id=261"},"modified":"2025-11-14T08:38:45","modified_gmt":"2025-11-14T08:38:45","slug":"privacy-policy-2","status":"publish","type":"page","link":"https:\/\/soilstabilizermachine.com\/pt\/privacy-policy-2\/","title":{"rendered":"pol\u00edtica de Privacidade"},"content":{"rendered":"<p data-start=\"214\" data-end=\"488\">Bem-vindo(a) \u00e0 Watanabe. Valorizamos a sua privacidade e estamos empenhados em proteger as suas informa\u00e7\u00f5es pessoais. Leia a pol\u00edtica de privacidade a seguir para entender como coletamos, usamos, armazenamos e protegemos os seus dados pessoais.<\/p>\n<h4 data-start=\"490\" data-end=\"526\">1. <strong data-start=\"498\" data-end=\"524\">Informa\u00e7\u00f5es que coletamos<\/strong><\/h4>\n<p data-start=\"527\" data-end=\"584\">Coletamos os seguintes tipos de informa\u00e7\u00f5es pessoais:<\/p>\n<ul data-start=\"585\" data-end=\"814\">\n<li data-start=\"585\" data-end=\"654\">\n<p data-start=\"587\" data-end=\"654\"><strong data-start=\"587\" data-end=\"611\">Informa\u00e7\u00f5es de identidade<\/strong>Nome, endere\u00e7o de e-mail, n\u00famero de telefone, etc.<\/p>\n<\/li>\n<li data-start=\"655\" data-end=\"726\">\n<p data-start=\"657\" data-end=\"726\"><strong data-start=\"657\" data-end=\"680\">Informa\u00e7\u00f5es de pagamento<\/strong>Dados do cart\u00e3o de cr\u00e9dito, endere\u00e7o de cobran\u00e7a, etc.<\/p>\n<\/li>\n<li data-start=\"727\" data-end=\"814\">\n<p data-start=\"729\" data-end=\"814\"><strong data-start=\"729\" data-end=\"743\">Dados de utiliza\u00e7\u00e3o<\/strong>Tipo de dispositivo, tipo de navegador, endere\u00e7o IP, p\u00e1ginas visitadas, data e hora, etc.<\/p>\n<\/li>\n<\/ul>\n<h4 data-start=\"816\" data-end=\"857\">2. <strong data-start=\"824\" data-end=\"855\">Como utilizamos suas informa\u00e7\u00f5es<\/strong><\/h4>\n<p data-start=\"858\" data-end=\"897\">Utilizamos as informa\u00e7\u00f5es que coletamos para:<\/p>\n<ul data-start=\"898\" data-end=\"1166\">\n<li data-start=\"898\" data-end=\"959\">\n<p data-start=\"900\" data-end=\"959\">Fornecer, manter e aprimorar nossos produtos e servi\u00e7os.<\/p>\n<\/li>\n<li data-start=\"960\" data-end=\"997\">\n<p data-start=\"962\" data-end=\"997\">Processar seus pedidos e pagamentos.<\/p>\n<\/li>\n<li data-start=\"998\" data-end=\"1084\">\n<p data-start=\"1000\" data-end=\"1084\">Comunicar com voc\u00ea, incluindo o envio de informa\u00e7\u00f5es e atualiza\u00e7\u00f5es importantes da sua conta.<\/p>\n<\/li>\n<li data-start=\"1085\" data-end=\"1166\">\n<p data-start=\"1087\" data-end=\"1166\">Fornecemos conte\u00fado e an\u00fancios personalizados com base nos seus interesses.<\/p>\n<\/li>\n<\/ul>\n<h4 data-start=\"1168\" data-end=\"1204\">3. <strong data-start=\"1176\" data-end=\"1202\">Compartilhamento de informa\u00e7\u00f5es<\/strong><\/h4>\n<p data-start=\"1205\" data-end=\"1338\">N\u00e3o vendemos suas informa\u00e7\u00f5es pessoais a terceiros. Podemos compartilhar suas informa\u00e7\u00f5es com os seguintes tipos de terceiros:<\/p>\n<ul data-start=\"1339\" data-end=\"1541\">\n<li data-start=\"1339\" data-end=\"1461\">\n<p data-start=\"1341\" data-end=\"1461\"><strong data-start=\"1341\" data-end=\"1362\">Prestadores de servi\u00e7os<\/strong>Empresas terceirizadas que nos auxiliam com servi\u00e7os como processamento de pagamentos, armazenamento de dados, etc.<\/p>\n<\/li>\n<li data-start=\"1462\" data-end=\"1541\">\n<p data-start=\"1464\" data-end=\"1541\"><strong data-start=\"1464\" data-end=\"1486\">Requisitos Legais<\/strong>Se exigido por lei, poderemos divulgar suas informa\u00e7\u00f5es.<\/p>\n<\/li>\n<\/ul>\n<h4 data-start=\"1543\" data-end=\"1572\">4. <strong data-start=\"1551\" data-end=\"1570\">Prote\u00e7\u00e3o de dados<\/strong><\/h4>\n<p data-start=\"1573\" data-end=\"1712\">Utilizamos medidas t\u00e9cnicas e organizacionais adequadas para proteger suas informa\u00e7\u00f5es pessoais contra acesso, uso ou divulga\u00e7\u00e3o n\u00e3o autorizados.<\/p>\n<h4 data-start=\"1714\" data-end=\"1739\">5. <strong data-start=\"1722\" data-end=\"1737\">Seus direitos<\/strong><\/h4>\n<p data-start=\"1740\" data-end=\"1865\">Voc\u00ea tem o direito de acessar, corrigir ou excluir seus dados pessoais. Caso deseje exercer esses direitos, entre em contato conosco.<\/p>\n<h4 data-start=\"1867\" data-end=\"1888\">6. <strong data-start=\"1875\" data-end=\"1886\">Atualiza\u00e7\u00f5es<\/strong><\/h4>\n<p data-start=\"1889\" data-end=\"2033\">Podemos atualizar esta pol\u00edtica de privacidade periodicamente. A pol\u00edtica de privacidade atualizada ser\u00e1 publicada nesta p\u00e1gina com a data de \"\u00daltima atualiza\u00e7\u00e3o\" atualizada.<\/p>","protected":false},"excerpt":{"rendered":"<p>Welcome to Watanabe. We value your privacy and are committed to protecting your personal information. Please read the following privacy policy to understand how we collect, use, store, and protect your personal data. 1. Information We Collect We collect the following types of personal information: Identity Information: Name, email address, phone number, etc. Payment Information: [&hellip;]<\/p>","protected":false},"author":1,"featured_media":0,"parent":0,"menu_order":0,"comment_status":"closed","ping_status":"closed","template":"","meta":{"_et_pb_use_builder":"","_et_pb_old_content":"","_et_gb_content_width":"","footnotes":""},"class_list":["post-261","page","type-page","status-publish","hentry"],"_links":{"self":[{"href":"https:\/\/soilstabilizermachine.com\/pt\/wp-json\/wp\/v2\/pages\/261","targetHints":{"allow":["GET"]}}],"collection":[{"href":"https:\/\/soilstabilizermachine.com\/pt\/wp-json\/wp\/v2\/pages"}],"about":[{"href":"https:\/\/soilstabilizermachine.com\/pt\/wp-json\/wp\/v2\/types\/page"}],"author":[{"embeddable":true,"href":"https:\/\/soilstabilizermachine.com\/pt\/wp-json\/wp\/v2\/users\/1"}],"replies":[{"embeddable":true,"href":"https:\/\/soilstabilizermachine.com\/pt\/wp-json\/wp\/v2\/comments?post=261"}],"version-history":[{"count":2,"href":"https:\/\/soilstabilizermachine.com\/pt\/wp-json\/wp\/v2\/pages\/261\/revisions"}],"predecessor-version":[{"id":263,"href":"https:\/\/soilstabilizermachine.com\/pt\/wp-json\/wp\/v2\/pages\/261\/revisions\/263"}],"wp:attachment":[{"href":"https:\/\/soilstabilizermachine.com\/pt\/wp-json\/wp\/v2\/media?parent=261"}],"curies":[{"name":"wp","href":"https:\/\/api.w.org\/{rel}","templated":true}]}}