{"id":473,"date":"2025-12-25T07:11:47","date_gmt":"2025-12-25T07:11:47","guid":{"rendered":"https:\/\/soilstabilizermachine.com\/?post_type=product&#038;p=473"},"modified":"2026-01-15T14:26:54","modified_gmt":"2026-01-15T14:26:54","slug":"pai-2100-potato-planter-2-rows","status":"publish","type":"product","link":"https:\/\/soilstabilizermachine.com\/lv\/products\/pai-2100-potato-planter-2-rows\/","title":{"rendered":"PAI-2100 kartupe\u013cu st\u0101d\u012bt\u0101js 2 rindas"},"content":{"rendered":"<h2 dir=\"auto\">Produkta p\u0101rskats<\/h2>\n<p dir=\"auto\">PAI-2100 kartupe\u013cu st\u0101d\u012bt\u0101js ar 2 rind\u0101m ir augstas veiktsp\u0113jas lauksaimniec\u012bbas ma\u0161\u012bna, kas paredz\u0113ta efekt\u012bv\u0101m kartupe\u013cu st\u0101d\u012b\u0161anas darb\u012bb\u0101m da\u017e\u0101dos augsnes apst\u0101k\u013cos, \u012bpa\u0161i piem\u0113rota Braz\u012blijas tirgum. \u0160o st\u0101d\u012bt\u0101ju ra\u017eo Brazil Watanabe Soil Stabilizer Machine Co., Ltd., un taj\u0101 ir apvienotas progres\u012bvas tehnolo\u0123ijas, lai nodro\u0161in\u0101tu prec\u012bzu s\u0113klu izvieto\u0161anu, m\u0113slojuma lieto\u0161anu un papildu insektic\u012bdu izdal\u012b\u0161anu. T\u0101 ir sader\u012bga ar traktoriem, kas atbilst minim\u0101laj\u0101m dzin\u0113ja jaudas pras\u012bb\u0101m, padarot to par ide\u0101lu izv\u0113li vid\u0113ja un liela m\u0113roga kartupe\u013cu audz\u0113\u0161anai t\u0101dos re\u0123ionos k\u0101 Braz\u012blijas dienvidaustrumu un Cerrado apgabali.<\/p>\n<p dir=\"auto\">\u0160\u012b ma\u0161\u012bna uzlabo produktivit\u0101ti, samazinot manu\u0101lo darbu un optimiz\u0113jot resursu izmanto\u0161anu, t\u0101d\u0113j\u0101di veicinot ilgtsp\u0113j\u012bgu lauksaimniec\u012bbas praksi. Galven\u0101s funkcijas ietver iztur\u012bgu s\u0113klu un m\u0113slo\u0161anas l\u012bdzek\u013cu bunkuru sist\u0113mu, regul\u0113jamu darba \u0101trumu un sader\u012bbu ar standarta traktora uzkar\u0113m.<\/p>\n<p dir=\"auto\"><img loading=\"lazy\" decoding=\"async\" class=\"size-full wp-image-474 aligncenter\" src=\"https:\/\/soilstabilizermachine.com\/wp-content\/uploads\/2025\/12\/PAI-2100-Potato-Planter-2-Rows11.webp\" alt=\"PAI-2100 kartupe\u013cu st\u0101d\u012bt\u0101js 2 rindas\" width=\"800\" height=\"800\" srcset=\"https:\/\/soilstabilizermachine.com\/wp-content\/uploads\/2025\/12\/PAI-2100-Potato-Planter-2-Rows11.webp 800w, https:\/\/soilstabilizermachine.com\/wp-content\/uploads\/2025\/12\/PAI-2100-Potato-Planter-2-Rows11-480x480.webp 480w\" sizes=\"(min-width: 0px) and (max-width: 480px) 480px, (min-width: 481px) 800px, 100vw\" \/><\/p>\n<h3 dir=\"auto\">Tehnisk\u0101s specifik\u0101cijas<\/h3>\n<p dir=\"auto\">N\u0101kamaj\u0101 tabul\u0101 ir apkopoti PAI-2100 kartupe\u013cu st\u0101d\u012bt\u0101ja (2 rindas) galvenie tehniskie dati, pamatojoties uz ra\u017eot\u0101ja standartiem:<\/p>\n<div>\n<div dir=\"auto\">\n<table style=\"width: 100%;\" border=\"1\" width=\"100%\" cellspacing=\"0\" cellpadding=\"0\">\n<thead>\n<tr>\n<th data-col-size=\"lg\">Kategorija<\/th>\n<th data-col-size=\"sm\">Specifik\u0101cija<\/th>\n<\/tr>\n<\/thead>\n<tbody>\n<tr>\n<td data-col-size=\"lg\">Tuk\u0161s svars<\/td>\n<td data-col-size=\"sm\">860 kg<\/td>\n<\/tr>\n<tr>\n<td data-col-size=\"lg\">Apak\u0161\u0113j\u0101s sakabes kategorija<\/td>\n<td data-col-size=\"sm\">2<\/td>\n<\/tr>\n<tr>\n<td data-col-size=\"lg\">Rindu skaits<\/td>\n<td data-col-size=\"sm\">2<\/td>\n<\/tr>\n<tr>\n<td data-col-size=\"lg\">Traktora dzin\u0113ja jauda (min.)<\/td>\n<td data-col-size=\"sm\">75 ZS<\/td>\n<\/tr>\n<tr>\n<td data-col-size=\"lg\">Bunker Capacity &#8211; Seeds<\/td>\n<td data-col-size=\"sm\">350 kg<\/td>\n<\/tr>\n<tr>\n<td data-col-size=\"lg\">Bunker Capacity &#8211; Fertilizer<\/td>\n<td data-col-size=\"sm\">200 kg<\/td>\n<\/tr>\n<tr>\n<td data-col-size=\"lg\">Tvertnes insektic\u012bds (p\u0113c izv\u0113les)<\/td>\n<td data-col-size=\"sm\">200 litri vai 300 litri<\/td>\n<\/tr>\n<tr>\n<td data-col-size=\"lg\">Darba \u0101trums<\/td>\n<td data-col-size=\"sm\">3 &#8211; 5 Km\/h<\/td>\n<\/tr>\n<\/tbody>\n<\/table>\n<div>\u0160\u012bs specifik\u0101cijas nodro\u0161ina uzticamu veiktsp\u0113ju Braz\u012blijas lauksaimniec\u012bbas kontekst\u0101, kur augsnes stabiliz\u0101cija un efekt\u012bva s\u0113\u0161ana ir kritiski svar\u012bgas augstas ra\u017eas ieg\u016b\u0161anai.<\/div>\n<\/div>\n<\/div>\n<h3 dir=\"auto\">Sal\u012bdzin\u0101jums ar l\u012bdz\u012bgiem mode\u013ciem<\/h3>\n<p dir=\"auto\">To provide a clear perspective on the PAI-2100&#8217;s advantages, the table below compares it with a standard 2-row potato planter model commonly available in the Brazilian market (e.g., a generic semi-automatic variant) and a higher-end 4-row model for scalability reference. Data is derived from industry benchmarks and market analyses.<\/p>\n<div>\n<div dir=\"auto\">\n<table style=\"width: 100%;\" border=\"1\" width=\"100%\" cellspacing=\"0\" cellpadding=\"0\">\n<thead>\n<tr>\n<th data-col-size=\"lg\">Funkcija<\/th>\n<th data-col-size=\"sm\">PAI-2100 (2 rindas)<\/th>\n<th data-col-size=\"sm\">Standarta divrindu s\u0113jma\u0161\u012bna<\/th>\n<th data-col-size=\"sm\">Uzlabota 4 rindu s\u0113jma\u0161\u012bna<\/th>\n<\/tr>\n<\/thead>\n<tbody>\n<tr>\n<td data-col-size=\"lg\">Tuk\u0161s svars<\/td>\n<td data-col-size=\"sm\">860 kg<\/td>\n<td data-col-size=\"sm\">700 kg<\/td>\n<td data-col-size=\"sm\">1200 kg<\/td>\n<\/tr>\n<tr>\n<td data-col-size=\"lg\">Minim\u0101l\u0101 traktora jauda<\/td>\n<td data-col-size=\"sm\">75 ZS<\/td>\n<td data-col-size=\"sm\">60 ZS<\/td>\n<td data-col-size=\"sm\">100 ZS<\/td>\n<\/tr>\n<tr>\n<td data-col-size=\"lg\">S\u0113klu tvertnes ietilp\u012bba<\/td>\n<td data-col-size=\"sm\">350 kg<\/td>\n<td data-col-size=\"sm\">250 kg<\/td>\n<td data-col-size=\"sm\">500 kg<\/td>\n<\/tr>\n<tr>\n<td data-col-size=\"lg\">M\u0113slojuma tvertnes ietilp\u012bba<\/td>\n<td data-col-size=\"sm\">200 kg<\/td>\n<td data-col-size=\"sm\">150 kg<\/td>\n<td data-col-size=\"sm\">300 kg<\/td>\n<\/tr>\n<tr>\n<td data-col-size=\"lg\">Papildus insektic\u012bdu tvertne<\/td>\n<td data-col-size=\"sm\">200 litri<\/td>\n<td data-col-size=\"sm\">Nav pieejams<\/td>\n<td data-col-size=\"sm\">300 litri<\/td>\n<\/tr>\n<tr>\n<td data-col-size=\"lg\">Darba \u0101trums<\/td>\n<td data-col-size=\"sm\">3\u20135 km\/h<\/td>\n<td data-col-size=\"sm\">2\u20134 km\/h<\/td>\n<td data-col-size=\"sm\">4\u20136 km\/h<\/td>\n<\/tr>\n<tr>\n<td data-col-size=\"lg\">Cenu diapazons (aptuvenais USD)<\/td>\n<td data-col-size=\"sm\">39,000<\/td>\n<td data-col-size=\"sm\">25,000<\/td>\n<td data-col-size=\"sm\">55,000<\/td>\n<\/tr>\n<tr>\n<td data-col-size=\"lg\">Efektivit\u0101tes v\u0113rt\u0113jums (hekt\u0101ri\/dien\u0101)<\/td>\n<td data-col-size=\"sm\">L\u012bdz 5<\/td>\n<td data-col-size=\"sm\">L\u012bdz 3<\/td>\n<td data-col-size=\"sm\">L\u012bdz 8<\/td>\n<\/tr>\n<\/tbody>\n<\/table>\n<div>PAI-2100 pied\u0101v\u0101 lab\u0101ku jaudu un efektivit\u0101ti sal\u012bdzin\u0101jum\u0101 ar pamata mode\u013ciem, padarot to par rentablu iesp\u0113ju Braz\u012blijas lauksaimniekiem, kas mekl\u0113 l\u012bdzsvaru starp veiktsp\u0113ju un ieguld\u012bjumiem. Liel\u0101kiem uz\u0146\u0113mumiem var apsv\u0113rt iesp\u0113ju ieviest daudzrindu variantus.<\/div>\n<\/div>\n<\/div>\n<h3 dir=\"auto\">Galven\u0101s priek\u0161roc\u012bbas<\/h3>\n<ul dir=\"auto\">\n<li><strong>Prec\u012bz\u0101 s\u0113\u0161ana<\/strong>Nodro\u0161ina vienm\u0113r\u012bgu s\u0113klu sadali, samazinot atkritumus un uzlabojot ra\u017eas vienveid\u012bbu.<\/li>\n<li><strong>Daudzpus\u012bba<\/strong>Piem\u0113rots da\u017e\u0101d\u0101m Braz\u012blij\u0101 izplat\u012bt\u0101m kartupe\u013cu \u0161\u0137irn\u0113m, piem\u0113ram, Asterix un Atlantic.<\/li>\n<li><strong>Iztur\u012bba<\/strong>Izgatavots no augstas kvalit\u0101tes materi\u0101liem, lai iztur\u0113tu sare\u017e\u0123\u012btus reljefus, tostarp t\u0101dus, kuros nepiecie\u0161ama augsnes stabiliz\u0101cija.<\/li>\n<li><strong>Ilgtsp\u0113j\u012bba<\/strong>Optimiz\u0113 m\u0113slo\u0161anas l\u012bdzek\u013cu un insektic\u012bdu lieto\u0161anu, samazinot ietekmi uz vidi saska\u0146\u0101 ar Braz\u012blijas lauksaimniec\u012bbas noteikumiem.<\/li>\n<li><strong>Integr\u0101cijas vienk\u0101r\u0161\u012bba<\/strong>: sader\u012bgs ar eso\u0161o traktoru parku, atvieglojot nevainojamu ievie\u0161anu ferm\u0101s Sanpaulu, Minas \u017deraisas un Paranas \u0161tatos.<\/li>\n<\/ul>\n<h2 dir=\"auto\">PAI-2100 kartupe\u013cu st\u0101d\u012bt\u0101ja darb\u012bbas princips 2 rindas<\/h2>\n<p dir=\"auto\">PAI-2100 kartupe\u013cu st\u0101d\u012bt\u0101js ar 2 rind\u0101m ir uz traktora uzkarin\u0101ma lauksaimniec\u012bbas iek\u0101rta, kas paredz\u0113ta efekt\u012bvai un prec\u012bzai kartupe\u013cu st\u0101d\u012b\u0161anai div\u0101s paral\u0113l\u0101s rind\u0101s. T\u0101 apvieno meh\u0101nismus vagu veido\u0161anai, s\u0113klu izvieto\u0161anai, m\u0113slojuma lieto\u0161anai, papildu insektic\u012bdu izklied\u0113\u0161anai un augsnes p\u0101rkl\u0101\u0161anai, kas viss ir sinhroniz\u0113ts ar traktora kust\u012bbu uz priek\u0161u. Ma\u0161\u012bna darbojas ar ieteicamo darba \u0101trumu no 3 l\u012bdz 5 km\/h, un tai nepiecie\u0161ams traktors ar minim\u0101lo dzin\u0113ja jaudu 75 ZS, kas pievienots, izmantojot 2. kategorijas apak\u0161\u0113jo sakabes sist\u0113mu. Zem\u0101k ir sniegts detaliz\u0113ts t\u0101s darb\u012bbas sec\u012bbas skaidrojums, kas atvasin\u0101ts no l\u012bdz\u012bgu divrindu kartupe\u013cu st\u0101d\u012bt\u0101ju standarta in\u017eeniertehniskajiem principiem.<\/p>\n<p dir=\"auto\"><strong>1. Piestiprin\u0101\u0161ana un jaudas p\u0101rvade<\/strong><\/p>\n<p dir=\"auto\">The planter is securely mounted to the tractor using a three-point hitch system, which provides stability and allows for easy height adjustment. As the tractor advances, power is transmitted from the ground wheels or the tractor&#8217;s power take-off (PTO) to drive the internal mechanisms. This includes chain-and-sprocket systems that synchronize the metering devices with the machine&#8217;s forward speed, ensuring consistent spacing and placement.<\/p>\n<p dir=\"auto\"><strong>2. Vagas atv\u0113r\u0161ana<\/strong><\/p>\n<p dir=\"auto\">L\u0101pstas tipa vai disku tipa vagu atv\u0113r\u0113ji, kas novietoti aptuveni 60 cm att\u0101lum\u0101 viena no otras ab\u0101s rind\u0101s, iespie\u017eas augsn\u0113, veidojot paral\u0113las vagas. \u0160o vagu dzi\u013cumu var regul\u0113t, parasti no 5 l\u012bdz 10 cm atkar\u012bb\u0101 no augsnes apst\u0101k\u013ciem un kartupe\u013cu \u0161\u0137irnes pras\u012bb\u0101m. \u0160aj\u0101 sol\u012b tiek sagatavota st\u0101d\u012b\u0161anas dobe, p\u0101rvietojot augsni, lai izveidotu kan\u0101lus, kas piem\u0113roti s\u0113klu un m\u0113slojuma iestr\u0101dei.<\/p>\n<p dir=\"auto\"><strong>3. S\u0113klu doz\u0113\u0161ana un izvieto\u0161ana<\/strong><\/p>\n<p dir=\"auto\">S\u0113klas tiek iekrautas speci\u0101l\u0101 s\u0113klu tvertn\u0113, kuras ietilp\u012bba ir 350 kg. Atsevi\u0161\u0137us s\u0113klas kartupe\u013cus no tvertnes sav\u0101c kr\u016bz\u012b\u0161u tipa doz\u0113\u0161anas meh\u0101nisms, kas bie\u017ei vien sast\u0101v no rot\u0113jo\u0161as \u0137\u0113des ar vienm\u0113r\u012bgi izvietotiem kr\u016bz\u012bt\u0113m (piem\u0113ram, ov\u0101las formas met\u0101la vai gumijas kr\u016bz\u012bt\u0113m, lai t\u0101s var\u0113tu izmitin\u0101t da\u017e\u0101du izm\u0113ru s\u0113kl\u0101s). \u0136\u0113dei grie\u017eoties \u2014 ko darbina zemes ritenis vai j\u016bgv\u0101rpsta \u2014, kr\u016bz\u012btes apgrie\u017eas virs padeves l\u016bkas, izlai\u017eot s\u0113klas atv\u0113rtaj\u0101s vag\u0101s vien\u0101dos interv\u0101los (parasti 20\u201330 cm att\u0101lum\u0101 vienu no otra, regul\u0113jami atkar\u012bb\u0101 no kalibr\u0113\u0161anas). Tas nodro\u0161ina minim\u0101lus s\u0113klu boj\u0101jumus un prec\u012bzu izvietojumu optim\u0101lai d\u012bg\u0161anai un aug\u0161anai.<\/p>\n<p dir=\"auto\"><strong>4. M\u0113slojuma lieto\u0161ana<\/strong><\/p>\n<p dir=\"auto\">Vienlaikus ar s\u0113klu izvieto\u0161anu m\u0113slojums tiek izs\u0113ts no atsevi\u0161\u0137as tvertnes ar 200 kg ietilp\u012bbu. Doz\u0113\u0161anas sist\u0113ma, l\u012bdz\u012bga s\u0113\u0161anas meh\u0101nismam (piem\u0113ram, izmantojot regul\u0113jamas atveres vai rot\u0113jo\u0161us diskus), m\u0113slojumu izs\u0113j vai nu tie\u0161i vag\u0101 blakus s\u0113kl\u0101m, vai ar\u012b josl\u0101s nedaudz zem vai blakus t\u0101m. \u0160\u012b m\u0113r\u0137tiec\u012bg\u0101 lieto\u0161ana veicina efekt\u012bvu bar\u012bbas vielu uz\u0146em\u0161anu, vienlaikus samazinot atkritumus un ietekmi uz vidi.<\/p>\n<p dir=\"auto\"><strong>5. Papildu insektic\u012bdu izplat\u012b\u0161ana<\/strong><\/p>\n<p dir=\"auto\">Ja iek\u0101rta ir apr\u012bkota ar papildu 200 litru insektic\u012bdu tvertni, tai ir izsmidzin\u0101\u0161anas sist\u0113ma, kas izsmidzina \u0161\u0137idru insektic\u012bdu s\u0113\u0161anas laik\u0101. Sprauslas, kas novietotas vagu tuvum\u0101, nodro\u0161ina vienm\u0113r\u012bgu p\u0101rkl\u0101jumu vis\u0101 apst\u0101d\u012btaj\u0101 plat\u012bb\u0101, nodro\u0161inot agr\u012bnu aizsardz\u012bbu pret kait\u0113k\u013ciem, neprasot atsevi\u0161\u0137u braucienu.<\/p>\n<p dir=\"auto\"><strong>6. Augsnes p\u0101rkl\u0101\u0161ana un va\u013c\u0146u veido\u0161ana<\/strong><\/p>\n<p dir=\"auto\">P\u0113c uzkl\u0101\u0161anas vagot\u0101ju stiprin\u0101jumi vai p\u0101rkl\u0101jo\u0161ie diski pace\u013c un atgrie\u017e p\u0101rvietoto augsni, lai p\u0101rkl\u0101tu s\u0113klas, m\u0113slojumu un jebkuru uzkl\u0101to insektic\u012bdu. Tas veido aizsargva\u013c\u0146us virs katras rindas, parasti 15\u201325 cm augstum\u0101, kas pal\u012bdz saglab\u0101t mitrumu, nom\u0101kt nez\u0101les un nov\u0113rst saules gaismas iedarb\u012bbu. Var sekot piespied\u0113jrite\u0146i vai velt\u0146i, lai sabl\u012bv\u0113tu augsni ap s\u0113kl\u0101m, uzlabojot augsnes un s\u0113klu kontaktu lab\u0101kai sak\u0146u att\u012bst\u012bbai.<\/p>\n<p dir=\"auto\">The PAI-2100&#8217;s design allows for single-pass operation, combining multiple tasks to reduce labor and time. Adjustments for planting depth, row spacing, seed rate, and fertilizer application can be made via mechanical levers or settings, calibrated according to field conditions, soil type, and crop specifications. Regular maintenance, such as lubricating moving parts and checking metering cups, ensures reliable performance. This principle aligns with modern sustainable farming practices, optimizing resource use and supporting high-yield potato production in diverse agricultural environments.<\/p>\n<h2 dir=\"auto\">Nozares gad\u012bjumu izp\u0113te<\/h2>\n<p dir=\"auto\">Lai ilustr\u0113tu kartupe\u013cu st\u0101d\u012b\u0161anas ma\u0161\u012bnu, piem\u0113ram, PAI-2100, praktisko pielietojumu Braz\u012blij\u0101, turpm\u0101kajos gad\u012bjumu p\u0113t\u012bjumos ir izcelti veiksm\u012bgi ievie\u0161anas piem\u0113ri:<\/p>\n<ol dir=\"auto\">\n<li><strong>PepsiCo&#8217;s Potato Crop Tropicalization Project (2023)<\/strong>: PepsiCo partnered with 25 Brazilian potato farmers to implement advanced planting technologies, including automated planters. This initiative doubled productivity through precise seed and fertilizer placement, reducing water usage by 20% and increasing yields to 50 tons per hectare in tropical conditions. The project emphasized machine learning for soil analysis, aligning with the PAI-2100&#8217;s capabilities for efficient resource management.<\/li>\n<li><strong>CBA Sementes aeroponisk\u0101 s\u0113klas kartupe\u013cu ra\u017eo\u0161ana (2020)<\/strong>CBA Sementes licenc\u0113ja aeroponikas sist\u0113mas, kas integr\u0113tas ar zemes s\u0113jas ma\u0161\u012bn\u0101m, lai sniegtu iesp\u0113jas mazajiem lauksaimniekiem Braz\u012blij\u0101. Apvienojot augsto tehnolo\u0123iju s\u0113klu ra\u017eo\u0161anu ar uzticam\u0101m divrindu s\u0113jas ma\u0161\u012bn\u0101m, lauksaimnieki pan\u0101ca 30% pieaugumu s\u0113klu kvalit\u0101t\u0113 un s\u0113\u0161anas efektivit\u0101te, k\u0101 rezult\u0101t\u0101 palielin\u0101j\u0101s kult\u016braugu tirgus v\u0113rt\u012bba. \u0160is gad\u012bjums par\u0101da tehnikas lomu ilgtsp\u0113j\u012bgas kartupe\u013cu audz\u0113\u0161anas m\u0113rogo\u0161an\u0101.<\/li>\n<li><strong>Braz\u012blijas kartupe\u013cu ra\u017eo\u0161anas tehnisk\u0101 un ekonomisk\u0101 efektivit\u0101te (2023.\u00a0gads)<\/strong>P\u0113t\u012bjum\u0101, kur\u0101 tika analiz\u0113ti kartupe\u013cu audz\u0113\u0161anas efektivit\u0101tes noteico\u0161ie faktori vis\u0101 Braz\u012blij\u0101, tika atkl\u0101ts, ka mehaniz\u0113ta s\u0113ja samazin\u0101ja darbasp\u0113ka izmaksas par 25% un uzlaboja tehnisk\u0101s efektivit\u0101tes r\u0101d\u012bt\u0101jus virs 0,85. Saimniec\u012bbas, kas izmanto divrindu s\u0113jma\u0161\u012bnas, piem\u0113ram, PAI-2100, zi\u0146oja par augst\u0101ku ekonomisko atdevi, \u012bpa\u0161i re\u0123ionos ar main\u012bgu augsnes kvalit\u0101ti, uzsverot apr\u012bkojuma invest\u012bciju noz\u012bmi ilgtermi\u0146a rentabilit\u0101tes nodro\u0161in\u0101\u0161an\u0101.<\/li>\n<\/ol>\n<p dir=\"auto\">\u0160ie piem\u0113ri par\u0101da, k\u0101 modernu s\u0113jma\u0161\u012bnu ievie\u0161ana veicina ra\u017eas pieaugumu, izmaksu ietaup\u012bjumus un vides ilgtsp\u0113j\u012bbu Braz\u012blijas kartupe\u013cu nozar\u0113.<\/p>\n<p dir=\"auto\"><img loading=\"lazy\" decoding=\"async\" class=\"size-full wp-image-475 aligncenter\" src=\"https:\/\/soilstabilizermachine.com\/wp-content\/uploads\/2025\/12\/PAI-2100-Potato-Planter-2-Rows21.webp\" alt=\"PAI-2100 kartupe\u013cu st\u0101d\u012bt\u0101js 2 rindas\" width=\"1960\" height=\"1162\" srcset=\"https:\/\/soilstabilizermachine.com\/wp-content\/uploads\/2025\/12\/PAI-2100-Potato-Planter-2-Rows21.webp 1960w, https:\/\/soilstabilizermachine.com\/wp-content\/uploads\/2025\/12\/PAI-2100-Potato-Planter-2-Rows21-1280x759.webp 1280w, https:\/\/soilstabilizermachine.com\/wp-content\/uploads\/2025\/12\/PAI-2100-Potato-Planter-2-Rows21-980x581.webp 980w, https:\/\/soilstabilizermachine.com\/wp-content\/uploads\/2025\/12\/PAI-2100-Potato-Planter-2-Rows21-480x285.webp 480w\" sizes=\"(min-width: 0px) and (max-width: 480px) 480px, (min-width: 481px) and (max-width: 980px) 980px, (min-width: 981px) and (max-width: 1280px) 1280px, (min-width: 1281px) 1960px, 100vw\" \/><\/p>\n<h2 dir=\"auto\">Bie\u017ei uzdotie jaut\u0101jumi<\/h2>\n<p dir=\"auto\"><strong>K\u0101da ir minim\u0101l\u0101 traktora jauda, \u200b\u200bkas nepiecie\u0161ama PAI-2100 kartupe\u013cu st\u0101d\u012bt\u0101jam ar 2 rind\u0101m?<\/strong><\/p>\n<p dir=\"auto\">Lai sasniegtu optim\u0101lu darb\u012bbas efektivit\u0101ti, PAI-2100 modelim nepiecie\u0161ama vismaz 75 ZS dzin\u0113ja jauda. \u0160\u012b specifik\u0101cija nodro\u0161ina nevainojamu sader\u012bbu ar vid\u0113jas klases traktoriem, kas ir izplat\u012bti Braz\u012blijas lauksaimniec\u012bbas praks\u0113.<\/p>\n<p dir=\"auto\"><strong>Vai insektic\u012bdu tvertne ir iek\u013cauta standarta komplekt\u0101cij\u0101?<\/strong><\/p>\n<p dir=\"auto\">200 litru insektic\u012bdu tvertne tiek nodro\u0161in\u0101ta k\u0101 papildu komponents, kas \u013cauj piel\u0101got konfigur\u0101cijas, lai apmierin\u0101tu \u012bpa\u0161as kait\u0113k\u013cu apkaro\u0161anas pras\u012bbas kartupe\u013cu audz\u0113\u0161anas darb\u012bb\u0101s.<\/p>\n<p dir=\"auto\"><strong>K\u0101 PAI-2100 darbojas da\u017e\u0101dos Braz\u012blijas augsnes tipos?<\/strong><\/p>\n<p dir=\"auto\">Izstr\u0101d\u0101ts ar iztur\u012bgu konstrukciju, PAI-2100 demonstr\u0113 izcilu veiktsp\u0113ju da\u017e\u0101dos augsnes apst\u0101k\u013cos, tostarp Cerrado biom\u0101 sastopamajos. Tas papildina <a href=\"https:\/\/soilstabilizermachine.com\/lv\/product-category\/soil-stabilizer\/\">augsnes stabiliz\u0101cija<\/a> metodolo\u0123ijas, kas atbilst Braz\u012blijas Watanabe Soil Stabilizer Machine Co., Ltd. pamatkompetencei.<\/p>\n<p dir=\"auto\"><strong>K\u0101das apkopes proced\u016bras ir ieteicamas PAI-2100?<\/strong><\/p>\n<p dir=\"auto\">Regul\u0101ra apkope ietver bunkuru sist\u0113mu un savienojumu komponentu p\u0101rbaudes. Lai uztur\u0113tu maksim\u0101lu funkcionalit\u0101ti, ieteicams pl\u0101not ikgad\u0113ju profesion\u0101lu apkopi, ko veic sertific\u0113ti tehni\u0137i.<\/p>\n<p dir=\"auto\"><strong>Kur Braz\u012blij\u0101 var ieg\u0101d\u0101ties PAI-2100?<\/strong><\/p>\n<p dir=\"auto\">Potenci\u0101lie pirc\u0113ji var sazin\u0101ties ar Brazil Watanabe Soil Stabilizer Machine Co., Ltd. tie\u0161i, izmantojot m\u016bsu ofici\u0101lo t\u012bmek\u013ca vietni, vai sadarboties ar pilnvarotiem izplat\u012bt\u0101jiem, kas atrodas galvenajos lauksaimniec\u012bbas centros, piem\u0113ram, Sanpaulu un Kuritib\u0101.<\/p>\n<h2 dir=\"auto\">Par uz\u0146\u0113mumu Brazil Watanabe Soil Stabilizer Machine Co., Ltd.<\/h2>\n<p dir=\"auto\">Uz\u0146\u0113mumu Brazil Watanabe Soil Stabilizer Machine Co., Ltd. 1970. gad\u0101 Kastro, Paran\u0101, Braz\u012blij\u0101, dibin\u0101ja Hito\u0161i Vatanabe kungs. S\u0101kotn\u0113ji uz\u0146\u0113mums bija Hatsuta smidzin\u0101t\u0101ju pilnvarots izplat\u012bt\u0101js, bet att\u012bst\u012bj\u0101s, cie\u0161i sadarbojoties ar lauksaimniekiem, lai apmierin\u0101tu vi\u0146u \u012bpa\u0161\u0101s vajadz\u012bbas, k\u0101 rezult\u0101t\u0101 tika izstr\u0101d\u0101ta inovat\u012bva lauksaimniec\u012bbas tehnika, tostarp pirmais divu l\u012bniju kartupe\u013cu nov\u0101k\u0161anas kombains. Ar vair\u0101k nek\u0101 50 gadu pieredzi organiz\u0101cija ir k\u013cuvusi par uzticamu partneri lauku ra\u017eo\u0161an\u0101, uzsverot kvalit\u0101ti, uzticam\u012bbu un ilgtsp\u0113j\u012bgu praksi.<\/p>\n<p dir=\"auto\">Uz\u0146\u0113mums specializ\u0113jas pla\u0161\u0101 lauksaimniec\u012bbas tehnikas kl\u0101st\u0101, kas paredz\u0113ts, lai uzlabotu efektivit\u0101ti un produktivit\u0101ti da\u017e\u0101d\u0101s lauksaimniec\u012bbas darb\u012bb\u0101s. Galven\u0101s produktu kategorijas ietver:<\/p>\n<ul dir=\"auto\">\n<li><strong>Augsnes stabiliz\u0101cija un seguma l\u012bnija<\/strong>Augsnes stabiliz\u0113\u0161anas ma\u0161\u012bnas iztur\u012bgai augsnes sagatavo\u0161anai un infrastrukt\u016bras atbalstam.<\/li>\n<li><strong>Teritorijas att\u012br\u012b\u0161anas l\u012bnija<\/strong>: <a href=\"https:\/\/soilstabilizermachine.com\/lv\/product-category\/stone-crusher\/\">Akmens drupin\u0101t\u0101ji<\/a>, <a href=\"https:\/\/soilstabilizermachine.com\/lv\/product-category\/rock-rake\/\">akme\u0146u gr\u0101bek\u013ci<\/a>, akme\u0146u sav\u0101c\u0113ji un rotatori zemes sagatavo\u0161anai un atlieku apsaimnieko\u0161anai.<\/li>\n<li><strong>Kartupe\u013cu l\u012bnija<\/strong>Kartupe\u013cu vagot\u0101ji, kartupe\u013cu st\u0101d\u012bt\u0101ji, kartupe\u013cu rac\u0113ji un kartupe\u013cu nov\u0101k\u0161anas ma\u0161\u012bnas mehaniz\u0113tai kartupe\u013cu audz\u0113\u0161anai.<\/li>\n<li><strong>Lopkop\u012bbas l\u012bnija<\/strong>Komposta \u0161\u0137\u016b\u0146i un saist\u012btais apr\u012bkojums ilgtsp\u0113j\u012bgai lopkop\u012bbai.<\/li>\n<li><strong>Papildu pied\u0101v\u0101jumi<\/strong>M\u0113slo\u0161anas l\u012bdzek\u013ci, rot\u0113jo\u0161ie kultivatori un papildino\u0161i instrumenti da\u017e\u0101du lauksaimniec\u012bbas pras\u012bbu atbalstam.<\/li>\n<\/ul>\n<p dir=\"auto\">Vadoties p\u0113c pamatv\u0113rt\u012bb\u0101m \u2013 cie\u0146as, dzi\u013cas zemes nov\u0113rt\u0113\u0161anas un ap\u0146em\u0161an\u0101s veicin\u0101t lauku att\u012bst\u012bbu, uz\u0146\u0113mums \u201cBrazil Watanabe Soil Stabilizer Machine Co., Ltd.\u201d uztur valsts m\u0113roga p\u0101rkl\u0101jumu vis\u0101 Braz\u012blij\u0101, lai efekt\u012bvi apkalpotu lauksaimniekus.<\/p>\n<p><iframe loading=\"lazy\" title=\"Watanabe THOR akmens drupin\u0101t\u0101js\/augsnes stabilizators: jaud\u012bga veiktsp\u0113ja zemes sagatavo\u0161anai\" width=\"1080\" height=\"608\" src=\"https:\/\/www.youtube.com\/embed\/-mmmCPJ11qY?feature=oembed\"  allow=\"accelerometer; autoplay; clipboard-write; encrypted-media; gyroscope; picture-in-picture; web-share\" referrerpolicy=\"strict-origin-when-cross-origin\" allowfullscreen><\/iframe><\/p>\n<p dir=\"auto\">Redi\u0123\u0113jis CX<\/p>","protected":false},"excerpt":{"rendered":"<p dir=\"auto\">PAI-2100 divrindu kartupe\u013cu st\u0101d\u012bt\u0101js ir efekt\u012bva lauksaimniec\u012bbas ma\u0161\u012bna, kas paredz\u0113ta Braz\u012blijas tirgum un nodro\u0161ina prec\u012bzu s\u0113klu izvieto\u0161anu, m\u0113slojuma lieto\u0161anu un p\u0113c izv\u0113les ar\u012b pestic\u012bdu izsmidzin\u0101\u0161anu. Savietojams ar traktoriem ar 75 zirgsp\u0113ku vai liel\u0101ku jaudu, tas ir apr\u012bkots ar 350 kg s\u0113klu tvertni un 200 kg m\u0113slojuma tvertni, un t\u0101 darba \u0101trums ir 3\u20135 km\/h. Palielina s\u0113\u0161anas efektivit\u0101ti, samazina darbasp\u0113ka pat\u0113ri\u0146u un ir piem\u0113rots vid\u0113j\u0101m un liel\u0101m kartupe\u013cu saimniec\u012bb\u0101m, lai nodro\u0161in\u0101tu vienm\u0113r\u012bgu kult\u016braugu aug\u0161anu un ilgtsp\u0113j\u012bgu lauksaimniec\u012bbu.<\/p>","protected":false},"featured_media":474,"comment_status":"open","ping_status":"closed","template":"","meta":{"_et_pb_use_builder":"","_et_pb_old_content":"","_et_gb_content_width":""},"product_brand":[],"product_cat":[28],"product_tag":[],"class_list":{"0":"post-473","1":"product","2":"type-product","3":"status-publish","4":"has-post-thumbnail","6":"product_cat-potato-planter","8":"first","9":"instock","10":"shipping-taxable","11":"product-type-simple"},"_links":{"self":[{"href":"https:\/\/soilstabilizermachine.com\/lv\/wp-json\/wp\/v2\/product\/473","targetHints":{"allow":["GET"]}}],"collection":[{"href":"https:\/\/soilstabilizermachine.com\/lv\/wp-json\/wp\/v2\/product"}],"about":[{"href":"https:\/\/soilstabilizermachine.com\/lv\/wp-json\/wp\/v2\/types\/product"}],"replies":[{"embeddable":true,"href":"https:\/\/soilstabilizermachine.com\/lv\/wp-json\/wp\/v2\/comments?post=473"}],"wp:featuredmedia":[{"embeddable":true,"href":"https:\/\/soilstabilizermachine.com\/lv\/wp-json\/wp\/v2\/media\/474"}],"wp:attachment":[{"href":"https:\/\/soilstabilizermachine.com\/lv\/wp-json\/wp\/v2\/media?parent=473"}],"wp:term":[{"taxonomy":"product_brand","embeddable":true,"href":"https:\/\/soilstabilizermachine.com\/lv\/wp-json\/wp\/v2\/product_brand?post=473"},{"taxonomy":"product_cat","embeddable":true,"href":"https:\/\/soilstabilizermachine.com\/lv\/wp-json\/wp\/v2\/product_cat?post=473"},{"taxonomy":"product_tag","embeddable":true,"href":"https:\/\/soilstabilizermachine.com\/lv\/wp-json\/wp\/v2\/product_tag?post=473"}],"curies":[{"name":"wp","href":"https:\/\/api.w.org\/{rel}","templated":true}]}}