{"id":265,"date":"2025-11-14T08:39:44","date_gmt":"2025-11-14T08:39:44","guid":{"rendered":"https:\/\/soilstabilizermachine.com\/?page_id=265"},"modified":"2025-11-14T08:39:44","modified_gmt":"2025-11-14T08:39:44","slug":"warranty-policy","status":"publish","type":"page","link":"https:\/\/soilstabilizermachine.com\/lv\/warranty-policy\/","title":{"rendered":"Garantijas politika"},"content":{"rendered":"<p data-start=\"4067\" data-end=\"4238\">Paldies, ka ieg\u0101d\u0101j\u0101ties Wanatabe produktus. M\u0113s pied\u0101v\u0101jam ierobe\u017eotu garantiju, lai nodro\u0161in\u0101tu j\u016bsu produkta kvalit\u0101ti. Zem\u0101k ir sniegta inform\u0101cija par m\u016bsu garantijas politiku.<\/p>\n<h4 data-start=\"4240\" data-end=\"4271\">1. <strong data-start=\"4248\" data-end=\"4269\">Garantijas segums<\/strong><\/h4>\n<p data-start=\"4272\" data-end=\"4345\">M\u0113s nodro\u0161in\u0101m garantiju, <strong data-start=\"4298\" data-end=\"4314\">jauni produkti<\/strong> ieg\u0101d\u0101ts no mums, aptverot:<\/p>\n<ul data-start=\"4346\" data-end=\"4401\">\n<li data-start=\"4346\" data-end=\"4401\">\n<p data-start=\"4348\" data-end=\"4401\">Materi\u0101lu vai izgatavo\u0161anas defekti norm\u0101las lieto\u0161anas apst\u0101k\u013cos.<\/p>\n<\/li>\n<\/ul>\n<h4 data-start=\"4403\" data-end=\"4432\">2. <strong data-start=\"4411\" data-end=\"4430\">Garantijas periods<\/strong><\/h4>\n<p data-start=\"4433\" data-end=\"4589\">Garantijas periods s\u0101kas no ieg\u0101des datuma. Ja garantijas laik\u0101 prece ir boj\u0101ta, m\u0113s pied\u0101v\u0101sim remonta vai nomai\u0146as pakalpojumus.<\/p>\n<h4 data-start=\"4591\" data-end=\"4621\">3. <strong data-start=\"4599\" data-end=\"4619\">Garantijas serviss<\/strong><\/h4>\n<p data-start=\"4622\" data-end=\"4679\">Lai piepras\u012btu garantijas apkalpo\u0161anu, l\u016bdzu, veiciet t\u0101l\u0101k nor\u0101d\u012bt\u0101s darb\u012bbas.<\/p>\n<ul data-start=\"4680\" data-end=\"4895\">\n<li data-start=\"4680\" data-end=\"4778\">\n<p data-start=\"4682\" data-end=\"4778\">Sazinieties ar m\u016bsu klientu apkalpo\u0161anas komandu, iesniedzot pirkuma apliecin\u0101jumu un probl\u0113mas aprakstu.<\/p>\n<\/li>\n<li data-start=\"4779\" data-end=\"4895\">\n<p data-start=\"4781\" data-end=\"4895\">Atkar\u012bb\u0101 no produkta, iesp\u0113jams, tas b\u016bs j\u0101nos\u016bta uz m\u016bsu pilnvaroto servisa centru p\u0101rbaudei.<\/p>\n<\/li>\n<\/ul>\n<h4 data-start=\"4897\" data-end=\"4921\">4. <strong data-start=\"4905\" data-end=\"4919\">Iz\u0146\u0113mumi<\/strong><\/h4>\n<p data-start=\"4922\" data-end=\"4953\">\u0160\u012b garantija neattiecas uz:<\/p>\n<ul data-start=\"4954\" data-end=\"5309\">\n<li data-start=\"4954\" data-end=\"5023\">\n<p data-start=\"4956\" data-end=\"5023\"><strong data-start=\"4956\" data-end=\"4977\">Nejau\u0161a boj\u0101juma<\/strong>Piem\u0113ram, kritieni, triecieni, \u016bdens rad\u012bti boj\u0101jumi utt.<\/p>\n<\/li>\n<li data-start=\"5024\" data-end=\"5105\">\n<p data-start=\"5026\" data-end=\"5105\"><strong data-start=\"5026\" data-end=\"5042\">Nepareiza lieto\u0161ana<\/strong>: Ja produkts netiek lietots saska\u0146\u0101 ar produkta lieto\u0161anas instrukciju.<\/p>\n<\/li>\n<li data-start=\"5106\" data-end=\"5236\">\n<p data-start=\"5108\" data-end=\"5236\"><strong data-start=\"5108\" data-end=\"5138\">Neat\u013cautas modifik\u0101cijas<\/strong>Ja produktu remont\u0113 vai p\u0101rveido k\u0101ds cits, nevis m\u016bsu pilnvarots servisa person\u0101ls.<\/p>\n<\/li>\n<li data-start=\"5237\" data-end=\"5309\">\n<p data-start=\"5239\" data-end=\"5309\"><strong data-start=\"5239\" data-end=\"5263\">Norm\u0101ls nolietojums<\/strong>Piem\u0113ram, dabisks nodilums ilgsto\u0161as \u200b\u200blieto\u0161anas rezult\u0101t\u0101.<\/p>\n<\/li>\n<\/ul>\n<h4 data-start=\"5311\" data-end=\"5343\">5. <strong data-start=\"5319\" data-end=\"5341\">Garantijas pagarin\u0101\u0161ana<\/strong><\/h4>\n<p data-start=\"5344\" data-end=\"5457\">Ja produktu nevar salabot, m\u0113s pied\u0101v\u0101jam <strong data-start=\"5395\" data-end=\"5410\">pilna atmaksa<\/strong> vai <strong data-start=\"5414\" data-end=\"5429\">nomai\u0146a<\/strong> garantijas laik\u0101.<\/p>\n<h4 data-start=\"5459\" data-end=\"5484\">6. <strong data-start=\"5467\" data-end=\"5482\">Citi noteikumi<\/strong><\/h4>\n<ul data-start=\"5485\" data-end=\"5635\">\n<li data-start=\"5485\" data-end=\"5554\">\n<p data-start=\"5487\" data-end=\"5554\">Garantijas serviss ir pieejams tikai s\u0101kotn\u0113jam pirc\u0113jam.<\/p>\n<\/li>\n<li data-start=\"5555\" data-end=\"5635\">\n<p data-start=\"5557\" data-end=\"5635\">\u0160\u012b garantijas politika neietekm\u0113 j\u016bsu ties\u012bbas saska\u0146\u0101 ar viet\u0113jiem likumiem.<\/p>\n<\/li>\n<\/ul>","protected":false},"excerpt":{"rendered":"<p>Thank you for purchasing\u00a0Wanatabe products. We offer a limited warranty to ensure the quality of your product. Below are the details of our warranty policy. 1. Warranty Coverage We provide a warranty for new products purchased from us, covering: Defects in materials or workmanship under normal use. 2. Warranty Period The warranty period starts from [&hellip;]<\/p>","protected":false},"author":1,"featured_media":0,"parent":0,"menu_order":0,"comment_status":"closed","ping_status":"closed","template":"","meta":{"_et_pb_use_builder":"","_et_pb_old_content":"","_et_gb_content_width":"","footnotes":""},"class_list":["post-265","page","type-page","status-publish","hentry"],"_links":{"self":[{"href":"https:\/\/soilstabilizermachine.com\/lv\/wp-json\/wp\/v2\/pages\/265","targetHints":{"allow":["GET"]}}],"collection":[{"href":"https:\/\/soilstabilizermachine.com\/lv\/wp-json\/wp\/v2\/pages"}],"about":[{"href":"https:\/\/soilstabilizermachine.com\/lv\/wp-json\/wp\/v2\/types\/page"}],"author":[{"embeddable":true,"href":"https:\/\/soilstabilizermachine.com\/lv\/wp-json\/wp\/v2\/users\/1"}],"replies":[{"embeddable":true,"href":"https:\/\/soilstabilizermachine.com\/lv\/wp-json\/wp\/v2\/comments?post=265"}],"version-history":[{"count":1,"href":"https:\/\/soilstabilizermachine.com\/lv\/wp-json\/wp\/v2\/pages\/265\/revisions"}],"predecessor-version":[{"id":267,"href":"https:\/\/soilstabilizermachine.com\/lv\/wp-json\/wp\/v2\/pages\/265\/revisions\/267"}],"wp:attachment":[{"href":"https:\/\/soilstabilizermachine.com\/lv\/wp-json\/wp\/v2\/media?parent=265"}],"curies":[{"name":"wp","href":"https:\/\/api.w.org\/{rel}","templated":true}]}}