{"id":264,"date":"2025-11-14T08:39:14","date_gmt":"2025-11-14T08:39:14","guid":{"rendered":"https:\/\/soilstabilizermachine.com\/?page_id=264"},"modified":"2025-11-14T08:54:40","modified_gmt":"2025-11-14T08:54:40","slug":"terms-of-service","status":"publish","type":"page","link":"https:\/\/soilstabilizermachine.com\/lv\/terms-of-service\/","title":{"rendered":"Pakalpojumu snieg\u0161anas noteikumi"},"content":{"rendered":"<p data-start=\"2094\" data-end=\"2313\">Laipni l\u016bdzam Wanatabe t\u012bmek\u013ca vietn\u0113. Pirms m\u016bsu t\u012bmek\u013ca vietnes vai jebkuru pakalpojumu izmanto\u0161anas, l\u016bdzu, izlasiet un piekr\u012btiet \u0161\u0101diem noteikumiem un nosac\u012bjumiem. Ja nepiekr\u012btat \u0161iem noteikumiem, l\u016bdzu, neizmantojiet m\u016bsu pakalpojumus.<\/p>\n<h4 data-start=\"2315\" data-end=\"2343\">1. <strong data-start=\"2323\" data-end=\"2341\">Lieto\u0161anas licence<\/strong><\/h4>\n<p data-start=\"2344\" data-end=\"2615\">M\u0113s pie\u0161\u0137iram jums ierobe\u017eotu, neekskluz\u012bvu un nenododamu licenci izmantot \u0161aj\u0101 t\u012bmek\u013ca vietn\u0113 sniegtos pakalpojumus likum\u012bgiem m\u0113r\u0137iem un saska\u0146\u0101 ar piem\u0113rojamajiem likumiem un noteikumiem. J\u016bs nedr\u012bkstat izmantot pakalpojumus nelikum\u012bg\u0101m, kr\u0101pniecisk\u0101m vai \u013caunpr\u0101t\u012bg\u0101m darb\u012bb\u0101m.<\/p>\n<h4 data-start=\"2617\" data-end=\"2660\">2. <strong data-start=\"2625\" data-end=\"2658\">Konta izveide un dro\u0161\u012bba<\/strong><\/h4>\n<p data-start=\"2661\" data-end=\"2895\">Lai izmantotu noteiktas funkcijas, jums, iesp\u0113jams, b\u016bs j\u0101izveido konts. Jums ir j\u0101sniedz prec\u012bza un piln\u012bga re\u0123istr\u0101cijas inform\u0101cija un t\u0101 j\u0101atjaunina. J\u016bs esat atbild\u012bgs par sava konta dro\u0161\u012bbu un lieto\u0161anu, tostarp paroles aizsardz\u012bbu.<\/p>\n<h4 data-start=\"2897\" data-end=\"2924\">3. <strong data-start=\"2905\" data-end=\"2922\">Maks\u0101juma noteikumi<\/strong><\/h4>\n<p data-start=\"2925\" data-end=\"3085\">Ieg\u0101d\u0101joties produktus vai pakalpojumus m\u016bsu t\u012bmek\u013ca vietn\u0113, j\u016bs piekr\u012btat maks\u0101t atbilsto\u0161\u0101s maksas. Maks\u0101jumi var tikt apstr\u0101d\u0101ti, izmantojot tre\u0161o pu\u0161u maks\u0101jumu platformas.<\/p>\n<h4 data-start=\"3087\" data-end=\"3122\">4. <strong data-start=\"3095\" data-end=\"3120\">Intelektu\u0101lais \u012bpa\u0161ums<\/strong><\/h4>\n<p data-start=\"3123\" data-end=\"3381\">Viss t\u012bmek\u013ca vietnes saturs, tostarp, bet ne tikai, teksts, att\u0113li, logotipi un video, ir Wanatabe vai t\u0101 licences dev\u0113ju \u012bpa\u0161ums un ir aizsarg\u0101ts ar autorties\u012bbu likumiem. J\u016bs nedr\u012bkstat kop\u0113t, modific\u0113t vai izplat\u012bt \u0161o saturu bez at\u013caujas.<\/p>\n<h4 data-start=\"3383\" data-end=\"3420\">5. <strong data-start=\"3391\" data-end=\"3418\">Atbild\u012bbas ierobe\u017eojums<\/strong><\/h4>\n<p data-start=\"3421\" data-end=\"3601\">M\u0113s neesam atbild\u012bgi par jebk\u0101diem tie\u0161iem vai netie\u0161iem zaud\u0113jumiem, kas radu\u0161ies m\u016bsu t\u012bmek\u013ca vietnes vai pakalpojumu lieto\u0161anas rezult\u0101t\u0101, tostarp, bet ne tikai, iek\u0101rtu boj\u0101jumiem, datu zudumiem vai pe\u013c\u0146as zaud\u0113jumiem.<\/p>\n<h4 data-start=\"3603\" data-end=\"3635\">6. <strong data-start=\"3611\" data-end=\"3633\">Str\u012bdu risin\u0101\u0161ana<\/strong><\/h4>\n<p data-start=\"3636\" data-end=\"3819\">Visi str\u012bdi, kas izriet no \u0161\u012b l\u012bguma, tiks risin\u0101ti draudz\u012bgu sarunu ce\u013c\u0101. Ja sarunas neizdodas, j\u016bs piekr\u012btat iesniegt str\u012bdu Vanatabes ties\u0101.<\/p>\n<h4 data-start=\"3821\" data-end=\"3857\">7. <strong data-start=\"3829\" data-end=\"3855\">Noteikumu groz\u012bjumi<\/strong><\/h4>\n<p data-start=\"3858\" data-end=\"4007\">M\u0113s paturam ties\u012bbas jebkur\u0101 laik\u0101 groz\u012bt \u0161os pakalpojumu snieg\u0161anas noteikumus. Atjaunin\u0101tie noteikumi tiks public\u0113ti \u0161aj\u0101 t\u012bmek\u013ca vietn\u0113 un st\u0101sies sp\u0113k\u0101 nekav\u0113joties.<\/p>","protected":false},"excerpt":{"rendered":"<p>Welcome to the Wanatabe website. Please read and agree to the following terms and conditions before using our website or any services. If you do not agree with these terms, please do not use our services. 1. License to Use We grant you a limited, non-exclusive, and non-transferable license to use the services provided on [&hellip;]<\/p>","protected":false},"author":1,"featured_media":0,"parent":0,"menu_order":0,"comment_status":"closed","ping_status":"closed","template":"","meta":{"_et_pb_use_builder":"","_et_pb_old_content":"","_et_gb_content_width":"","footnotes":""},"class_list":["post-264","page","type-page","status-publish","hentry"],"_links":{"self":[{"href":"https:\/\/soilstabilizermachine.com\/lv\/wp-json\/wp\/v2\/pages\/264","targetHints":{"allow":["GET"]}}],"collection":[{"href":"https:\/\/soilstabilizermachine.com\/lv\/wp-json\/wp\/v2\/pages"}],"about":[{"href":"https:\/\/soilstabilizermachine.com\/lv\/wp-json\/wp\/v2\/types\/page"}],"author":[{"embeddable":true,"href":"https:\/\/soilstabilizermachine.com\/lv\/wp-json\/wp\/v2\/users\/1"}],"replies":[{"embeddable":true,"href":"https:\/\/soilstabilizermachine.com\/lv\/wp-json\/wp\/v2\/comments?post=264"}],"version-history":[{"count":2,"href":"https:\/\/soilstabilizermachine.com\/lv\/wp-json\/wp\/v2\/pages\/264\/revisions"}],"predecessor-version":[{"id":275,"href":"https:\/\/soilstabilizermachine.com\/lv\/wp-json\/wp\/v2\/pages\/264\/revisions\/275"}],"wp:attachment":[{"href":"https:\/\/soilstabilizermachine.com\/lv\/wp-json\/wp\/v2\/media?parent=264"}],"curies":[{"name":"wp","href":"https:\/\/api.w.org\/{rel}","templated":true}]}}