{"id":261,"date":"2025-11-14T08:38:45","date_gmt":"2025-11-14T08:38:45","guid":{"rendered":"https:\/\/soilstabilizermachine.com\/?page_id=261"},"modified":"2025-11-14T08:38:45","modified_gmt":"2025-11-14T08:38:45","slug":"privacy-policy-2","status":"publish","type":"page","link":"https:\/\/soilstabilizermachine.com\/lv\/privacy-policy-2\/","title":{"rendered":"Priv\u0101tuma politika"},"content":{"rendered":"<p data-start=\"214\" data-end=\"488\">Esiet sveicin\u0101ti vietn\u0113 Watanabe. M\u0113s augstu v\u0113rt\u0113jam j\u016bsu priv\u0101tumu un esam ap\u0146\u0113mu\u0161ies aizsarg\u0101t j\u016bsu personas inform\u0101ciju. L\u016bdzu, izlasiet \u0161o priv\u0101tuma politiku, lai saprastu, k\u0101 m\u0113s apkopojam, izmantojam, glab\u0101jam un aizsarg\u0101jam j\u016bsu personas datus.<\/p>\n<h4 data-start=\"490\" data-end=\"526\">1. <strong data-start=\"498\" data-end=\"524\">Inform\u0101cija, ko m\u0113s apkopojam<\/strong><\/h4>\n<p data-start=\"527\" data-end=\"584\">M\u0113s apkopojam \u0161\u0101da veida personas inform\u0101ciju:<\/p>\n<ul data-start=\"585\" data-end=\"814\">\n<li data-start=\"585\" data-end=\"654\">\n<p data-start=\"587\" data-end=\"654\"><strong data-start=\"587\" data-end=\"611\">Identit\u0101tes inform\u0101cija<\/strong>V\u0101rds, uzv\u0101rds, e-pasta adrese, t\u0101lru\u0146a numurs utt.<\/p>\n<\/li>\n<li data-start=\"655\" data-end=\"726\">\n<p data-start=\"657\" data-end=\"726\"><strong data-start=\"657\" data-end=\"680\">Maks\u0101juma inform\u0101cija<\/strong>Kred\u012btkartes dati, nor\u0113\u0137inu adrese utt.<\/p>\n<\/li>\n<li data-start=\"727\" data-end=\"814\">\n<p data-start=\"729\" data-end=\"814\"><strong data-start=\"729\" data-end=\"743\">Lieto\u0161anas dati<\/strong>Ier\u012bces tips, p\u0101rl\u016bkprogrammas tips, IP adrese, apmekl\u0113t\u0101s lapas, laika z\u012bmogs utt.<\/p>\n<\/li>\n<\/ul>\n<h4 data-start=\"816\" data-end=\"857\">2. <strong data-start=\"824\" data-end=\"855\">K\u0101 m\u0113s izmantojam j\u016bsu inform\u0101ciju<\/strong><\/h4>\n<p data-start=\"858\" data-end=\"897\">M\u0113s izmantojam apkopoto inform\u0101ciju, lai:<\/p>\n<ul data-start=\"898\" data-end=\"1166\">\n<li data-start=\"898\" data-end=\"959\">\n<p data-start=\"900\" data-end=\"959\">Nodro\u0161in\u0101t, uztur\u0113t un uzlabot m\u016bsu produktus un pakalpojumus.<\/p>\n<\/li>\n<li data-start=\"960\" data-end=\"997\">\n<p data-start=\"962\" data-end=\"997\">Apstr\u0101d\u0101t j\u016bsu pas\u016bt\u012bjumus un maks\u0101jumus.<\/p>\n<\/li>\n<li data-start=\"998\" data-end=\"1084\">\n<p data-start=\"1000\" data-end=\"1084\">Sazin\u0101ties ar jums, tostarp nos\u016bt\u012bt svar\u012bgu konta inform\u0101ciju un atjaunin\u0101jumus.<\/p>\n<\/li>\n<li data-start=\"1085\" data-end=\"1166\">\n<p data-start=\"1087\" data-end=\"1166\">Nodro\u0161in\u0101t jums piel\u0101gotu saturu un rekl\u0101mas, pamatojoties uz j\u016bsu interes\u0113m.<\/p>\n<\/li>\n<\/ul>\n<h4 data-start=\"1168\" data-end=\"1204\">3. <strong data-start=\"1176\" data-end=\"1202\">Inform\u0101cijas koplieto\u0161ana<\/strong><\/h4>\n<p data-start=\"1205\" data-end=\"1338\">M\u0113s nep\u0101rdodam j\u016bsu personas inform\u0101ciju tre\u0161aj\u0101m person\u0101m. M\u0113s varam kop\u012bgot j\u016bsu inform\u0101ciju ar \u0161\u0101da veida tre\u0161aj\u0101m person\u0101m:<\/p>\n<ul data-start=\"1339\" data-end=\"1541\">\n<li data-start=\"1339\" data-end=\"1461\">\n<p data-start=\"1341\" data-end=\"1461\"><strong data-start=\"1341\" data-end=\"1362\">Pakalpojumu sniedz\u0113ji<\/strong>Tre\u0161o pu\u0161u uz\u0146\u0113mumi, kas mums pal\u012bdz ar t\u0101diem pakalpojumiem k\u0101 maks\u0101jumu apstr\u0101de, datu glab\u0101\u0161ana utt.<\/p>\n<\/li>\n<li data-start=\"1462\" data-end=\"1541\">\n<p data-start=\"1464\" data-end=\"1541\"><strong data-start=\"1464\" data-end=\"1486\">Juridisk\u0101s pras\u012bbas<\/strong>Ja to pieprasa likums, m\u0113s varam izpaust j\u016bsu inform\u0101ciju.<\/p>\n<\/li>\n<\/ul>\n<h4 data-start=\"1543\" data-end=\"1572\">4. <strong data-start=\"1551\" data-end=\"1570\">Datu aizsardz\u012bba<\/strong><\/h4>\n<p data-start=\"1573\" data-end=\"1712\">M\u0113s izmantojam atbilsto\u0161us tehniskus un organizatoriskus pas\u0101kumus, lai aizsarg\u0101tu j\u016bsu personas datus no nesankcion\u0113tas piek\u013cuves, izmanto\u0161anas vai izpau\u0161anas.<\/p>\n<h4 data-start=\"1714\" data-end=\"1739\">5. <strong data-start=\"1722\" data-end=\"1737\">J\u016bsu ties\u012bbas<\/strong><\/h4>\n<p data-start=\"1740\" data-end=\"1865\">Jums ir ties\u012bbas piek\u013c\u016bt saviem personas datiem, tos labot vai dz\u0113st. Ja v\u0113laties izmantot \u0161\u012bs ties\u012bbas, l\u016bdzu, sazinieties ar mums.<\/p>\n<h4 data-start=\"1867\" data-end=\"1888\">6. <strong data-start=\"1875\" data-end=\"1886\">Atjaunin\u0101jumi<\/strong><\/h4>\n<p data-start=\"1889\" data-end=\"2033\">M\u0113s laiku pa laikam varam atjaunin\u0101t \u0161o priv\u0101tuma politiku. Atjaunin\u0101t\u0101 priv\u0101tuma politika tiks public\u0113ta \u0161aj\u0101 lap\u0101 ar atjaunin\u0101tu \u201cP\u0113d\u0113j\u0101s atjaunin\u0101\u0161anas\u201d datumu.<\/p>","protected":false},"excerpt":{"rendered":"<p>Welcome to Watanabe. We value your privacy and are committed to protecting your personal information. Please read the following privacy policy to understand how we collect, use, store, and protect your personal data. 1. Information We Collect We collect the following types of personal information: Identity Information: Name, email address, phone number, etc. Payment Information: [&hellip;]<\/p>","protected":false},"author":1,"featured_media":0,"parent":0,"menu_order":0,"comment_status":"closed","ping_status":"closed","template":"","meta":{"_et_pb_use_builder":"","_et_pb_old_content":"","_et_gb_content_width":"","footnotes":""},"class_list":["post-261","page","type-page","status-publish","hentry"],"_links":{"self":[{"href":"https:\/\/soilstabilizermachine.com\/lv\/wp-json\/wp\/v2\/pages\/261","targetHints":{"allow":["GET"]}}],"collection":[{"href":"https:\/\/soilstabilizermachine.com\/lv\/wp-json\/wp\/v2\/pages"}],"about":[{"href":"https:\/\/soilstabilizermachine.com\/lv\/wp-json\/wp\/v2\/types\/page"}],"author":[{"embeddable":true,"href":"https:\/\/soilstabilizermachine.com\/lv\/wp-json\/wp\/v2\/users\/1"}],"replies":[{"embeddable":true,"href":"https:\/\/soilstabilizermachine.com\/lv\/wp-json\/wp\/v2\/comments?post=261"}],"version-history":[{"count":2,"href":"https:\/\/soilstabilizermachine.com\/lv\/wp-json\/wp\/v2\/pages\/261\/revisions"}],"predecessor-version":[{"id":263,"href":"https:\/\/soilstabilizermachine.com\/lv\/wp-json\/wp\/v2\/pages\/261\/revisions\/263"}],"wp:attachment":[{"href":"https:\/\/soilstabilizermachine.com\/lv\/wp-json\/wp\/v2\/media?parent=261"}],"curies":[{"name":"wp","href":"https:\/\/api.w.org\/{rel}","templated":true}]}}