{"id":264,"date":"2025-11-14T08:39:14","date_gmt":"2025-11-14T08:39:14","guid":{"rendered":"https:\/\/soilstabilizermachine.com\/?page_id=264"},"modified":"2025-11-14T08:54:40","modified_gmt":"2025-11-14T08:54:40","slug":"terms-of-service","status":"publish","type":"page","link":"https:\/\/soilstabilizermachine.com\/hu\/terms-of-service\/","title":{"rendered":"Szolg\u00e1ltat\u00e1si felt\u00e9telek"},"content":{"rendered":"<p data-start=\"2094\" data-end=\"2313\">\u00dcdv\u00f6z\u00f6lj\u00fck a Wanatabe weboldal\u00e1n! K\u00e9rj\u00fck, olvassa el \u00e9s fogadja el az al\u00e1bbi felhaszn\u00e1l\u00e1si felt\u00e9teleket, miel\u0151tt weboldalunkat vagy b\u00e1rmely szolg\u00e1ltat\u00e1sunkat haszn\u00e1ln\u00e1. Ha nem \u00e9rt egyet ezekkel a felt\u00e9telekkel, k\u00e9rj\u00fck, ne haszn\u00e1lja szolg\u00e1ltat\u00e1sainkat.<\/p>\n<h4 data-start=\"2315\" data-end=\"2343\">1. <strong data-start=\"2323\" data-end=\"2341\">Felhaszn\u00e1l\u00e1si enged\u00e9ly<\/strong><\/h4>\n<p data-start=\"2344\" data-end=\"2615\">Korl\u00e1tozott, nem kiz\u00e1r\u00f3lagos \u00e9s nem \u00e1truh\u00e1zhat\u00f3 licencet biztos\u00edtunk \u00d6nnek a weboldalon ny\u00fajtott szolg\u00e1ltat\u00e1sok jogszer\u0171 c\u00e9lokra \u00e9s a vonatkoz\u00f3 t\u00f6rv\u00e9nyekkel \u00e9s szab\u00e1lyoz\u00e1sokkal \u00f6sszhangban t\u00f6rt\u00e9n\u0151 haszn\u00e1lat\u00e1ra. A szolg\u00e1ltat\u00e1sokat nem haszn\u00e1lhatja illeg\u00e1lis, csal\u00e1rd vagy rosszindulat\u00fa tev\u00e9kenys\u00e9gekre.<\/p>\n<h4 data-start=\"2617\" data-end=\"2660\">2. <strong data-start=\"2625\" data-end=\"2658\">Fi\u00f3k l\u00e9trehoz\u00e1sa \u00e9s biztons\u00e1g<\/strong><\/h4>\n<p data-start=\"2661\" data-end=\"2895\">Bizonyos funkci\u00f3k haszn\u00e1lat\u00e1hoz fi\u00f3kot kell l\u00e9trehoznia. Pontos \u00e9s teljes regisztr\u00e1ci\u00f3s adatokat kell megadnia, \u00e9s azokat naprak\u00e9szen kell tartania. \u00d6n felel\u0151s fi\u00f3kja biztons\u00e1g\u00e1\u00e9rt \u00e9s haszn\u00e1lat\u00e1\u00e9rt, bele\u00e9rtve a jelsz\u00f3v\u00e9delmet is.<\/p>\n<h4 data-start=\"2897\" data-end=\"2924\">3. <strong data-start=\"2905\" data-end=\"2922\">Fizet\u00e9si felt\u00e9telek<\/strong><\/h4>\n<p data-start=\"2925\" data-end=\"3085\">Ha term\u00e9keket vagy szolg\u00e1ltat\u00e1sokat v\u00e1s\u00e1rol weboldalunkon, \u00d6n beleegyezik a vonatkoz\u00f3 d\u00edjak megfizet\u00e9s\u00e9be. A fizet\u00e9sek harmadik f\u00e9l fizet\u00e9si platformjain kereszt\u00fcl is feldolgozhat\u00f3k.<\/p>\n<h4 data-start=\"3087\" data-end=\"3122\">4. <strong data-start=\"3095\" data-end=\"3120\">Szellemi tulajdon<\/strong><\/h4>\n<p data-start=\"3123\" data-end=\"3381\">A weboldalon tal\u00e1lhat\u00f3 \u00f6sszes tartalom, bele\u00e9rtve, de nem kiz\u00e1r\u00f3lagosan a sz\u00f6veget, k\u00e9peket, log\u00f3kat \u00e9s vide\u00f3kat, a Wanatabe vagy licencad\u00f3inak tulajdon\u00e1t k\u00e9pezi, \u00e9s szerz\u0151i jogi t\u00f6rv\u00e9nyek v\u00e9dik. Ezt a tartalmat nem m\u00e1solhatja, m\u00f3dos\u00edthatja vagy terjesztheti enged\u00e9ly n\u00e9lk\u00fcl.<\/p>\n<h4 data-start=\"3383\" data-end=\"3420\">5. <strong data-start=\"3391\" data-end=\"3418\">Felel\u0151ss\u00e9g korl\u00e1toz\u00e1sa<\/strong><\/h4>\n<p data-start=\"3421\" data-end=\"3601\">Nem v\u00e1llalunk felel\u0151ss\u00e9get semmilyen k\u00f6zvetlen vagy k\u00f6zvetett k\u00e1r\u00e9rt, amely weboldalunk vagy szolg\u00e1ltat\u00e1saink haszn\u00e1lat\u00e1b\u00f3l ered, bele\u00e9rtve, de nem kiz\u00e1r\u00f3lagosan a berendez\u00e9s meghib\u00e1sod\u00e1s\u00e1t, az adatveszt\u00e9st vagy az elmaradt hasznot.<\/p>\n<h4 data-start=\"3603\" data-end=\"3635\">6. <strong data-start=\"3611\" data-end=\"3633\">Vitarendez\u00e9s<\/strong><\/h4>\n<p data-start=\"3636\" data-end=\"3819\">A jelen meg\u00e1llapod\u00e1sb\u00f3l ered\u0151 vit\u00e1kat b\u00e9k\u00e9s \u00faton rendezik. Amennyiben a t\u00e1rgyal\u00e1sok kudarcot vallanak, \u00d6n beleegyezik, hogy a vit\u00e1t Wanatabe b\u00edr\u00f3s\u00e1g\u00e1hoz ny\u00fajtja be.<\/p>\n<h4 data-start=\"3821\" data-end=\"3857\">7. <strong data-start=\"3829\" data-end=\"3855\">Felt\u00e9telek m\u00f3dos\u00edt\u00e1sai<\/strong><\/h4>\n<p data-start=\"3858\" data-end=\"4007\">Fenntartjuk a jogot, hogy ezeket a szolg\u00e1ltat\u00e1si felt\u00e9teleket b\u00e1rmikor m\u00f3dos\u00edtsuk. A friss\u00edtett felt\u00e9teleket k\u00f6zz\u00e9tessz\u00fck ezen a weboldalon, \u00e9s azonnal hat\u00e1lyba l\u00e9pnek.<\/p>","protected":false},"excerpt":{"rendered":"<p>Welcome to the Wanatabe website. Please read and agree to the following terms and conditions before using our website or any services. If you do not agree with these terms, please do not use our services. 1. License to Use We grant you a limited, non-exclusive, and non-transferable license to use the services provided on [&hellip;]<\/p>","protected":false},"author":1,"featured_media":0,"parent":0,"menu_order":0,"comment_status":"closed","ping_status":"closed","template":"","meta":{"_et_pb_use_builder":"","_et_pb_old_content":"","_et_gb_content_width":"","footnotes":""},"class_list":["post-264","page","type-page","status-publish","hentry"],"_links":{"self":[{"href":"https:\/\/soilstabilizermachine.com\/hu\/wp-json\/wp\/v2\/pages\/264","targetHints":{"allow":["GET"]}}],"collection":[{"href":"https:\/\/soilstabilizermachine.com\/hu\/wp-json\/wp\/v2\/pages"}],"about":[{"href":"https:\/\/soilstabilizermachine.com\/hu\/wp-json\/wp\/v2\/types\/page"}],"author":[{"embeddable":true,"href":"https:\/\/soilstabilizermachine.com\/hu\/wp-json\/wp\/v2\/users\/1"}],"replies":[{"embeddable":true,"href":"https:\/\/soilstabilizermachine.com\/hu\/wp-json\/wp\/v2\/comments?post=264"}],"version-history":[{"count":2,"href":"https:\/\/soilstabilizermachine.com\/hu\/wp-json\/wp\/v2\/pages\/264\/revisions"}],"predecessor-version":[{"id":275,"href":"https:\/\/soilstabilizermachine.com\/hu\/wp-json\/wp\/v2\/pages\/264\/revisions\/275"}],"wp:attachment":[{"href":"https:\/\/soilstabilizermachine.com\/hu\/wp-json\/wp\/v2\/media?parent=264"}],"curies":[{"name":"wp","href":"https:\/\/api.w.org\/{rel}","templated":true}]}}