{"id":261,"date":"2025-11-14T08:38:45","date_gmt":"2025-11-14T08:38:45","guid":{"rendered":"https:\/\/soilstabilizermachine.com\/?page_id=261"},"modified":"2025-11-14T08:38:45","modified_gmt":"2025-11-14T08:38:45","slug":"privacy-policy-2","status":"publish","type":"page","link":"https:\/\/soilstabilizermachine.com\/hu\/privacy-policy-2\/","title":{"rendered":"Adatv\u00e9delmi ir\u00e1nyelvek"},"content":{"rendered":"<p data-start=\"214\" data-end=\"488\">\u00dcdv\u00f6z\u00f6lj\u00fck a Watanabe-ban! Tiszteletben tartjuk az \u00d6n adatainak v\u00e9delm\u00e9t, \u00e9s elk\u00f6telezettek vagyunk szem\u00e9lyes adatainak v\u00e9delme ir\u00e1nt. K\u00e9rj\u00fck, olvassa el az al\u00e1bbi adatv\u00e9delmi ir\u00e1nyelveket, hogy meg\u00e9rtse, hogyan gy\u0171jtj\u00fck, haszn\u00e1ljuk, t\u00e1roljuk \u00e9s v\u00e9dj\u00fck szem\u00e9lyes adatait.<\/p>\n<h4 data-start=\"490\" data-end=\"526\">1. <strong data-start=\"498\" data-end=\"524\">\u00c1ltalunk gy\u0171jt\u00f6tt inform\u00e1ci\u00f3k<\/strong><\/h4>\n<p data-start=\"527\" data-end=\"584\">A k\u00f6vetkez\u0151 t\u00edpus\u00fa szem\u00e9lyes adatokat gy\u0171jtj\u00fck:<\/p>\n<ul data-start=\"585\" data-end=\"814\">\n<li data-start=\"585\" data-end=\"654\">\n<p data-start=\"587\" data-end=\"654\"><strong data-start=\"587\" data-end=\"611\">Szem\u00e9lyazonos\u00edt\u00f3 adatok<\/strong>N\u00e9v, email c\u00edm, telefonsz\u00e1m stb.<\/p>\n<\/li>\n<li data-start=\"655\" data-end=\"726\">\n<p data-start=\"657\" data-end=\"726\"><strong data-start=\"657\" data-end=\"680\">Fizet\u00e9si inform\u00e1ci\u00f3k<\/strong>: Hitelk\u00e1rtya adatok, sz\u00e1ml\u00e1z\u00e1si c\u00edm stb.<\/p>\n<\/li>\n<li data-start=\"727\" data-end=\"814\">\n<p data-start=\"729\" data-end=\"814\"><strong data-start=\"729\" data-end=\"743\">Haszn\u00e1lati adatok<\/strong>Eszk\u00f6zt\u00edpus, b\u00f6ng\u00e9sz\u0151 t\u00edpusa, IP-c\u00edm, megl\u00e1togatott oldalak, id\u0151b\u00e9lyeg stb.<\/p>\n<\/li>\n<\/ul>\n<h4 data-start=\"816\" data-end=\"857\">2. <strong data-start=\"824\" data-end=\"855\">Hogyan haszn\u00e1ljuk fel az \u00d6n adatait<\/strong><\/h4>\n<p data-start=\"858\" data-end=\"897\">A gy\u0171jt\u00f6tt inform\u00e1ci\u00f3kat a k\u00f6vetkez\u0151kre haszn\u00e1ljuk fel:<\/p>\n<ul data-start=\"898\" data-end=\"1166\">\n<li data-start=\"898\" data-end=\"959\">\n<p data-start=\"900\" data-end=\"959\">Term\u00e9keink \u00e9s szolg\u00e1ltat\u00e1saink biztos\u00edt\u00e1sa, karbantart\u00e1sa \u00e9s fejleszt\u00e9se.<\/p>\n<\/li>\n<li data-start=\"960\" data-end=\"997\">\n<p data-start=\"962\" data-end=\"997\">Feldolgozzuk a megrendel\u00e9seidet \u00e9s a fizet\u00e9seidet.<\/p>\n<\/li>\n<li data-start=\"998\" data-end=\"1084\">\n<p data-start=\"1000\" data-end=\"1084\">Kommunik\u00e1ci\u00f3 \u00d6nnel, bele\u00e9rtve a fontos fi\u00f3kadatok \u00e9s friss\u00edt\u00e9sek k\u00fcld\u00e9s\u00e9t.<\/p>\n<\/li>\n<li data-start=\"1085\" data-end=\"1166\">\n<p data-start=\"1087\" data-end=\"1166\">Szem\u00e9lyre szabott tartalmakat \u00e9s hirdet\u00e9seket k\u00edn\u00e1lunk az \u00d6n \u00e9rdekl\u0151d\u00e9si k\u00f6re alapj\u00e1n.<\/p>\n<\/li>\n<\/ul>\n<h4 data-start=\"1168\" data-end=\"1204\">3. <strong data-start=\"1176\" data-end=\"1202\">Inform\u00e1ci\u00f3megoszt\u00e1s<\/strong><\/h4>\n<p data-start=\"1205\" data-end=\"1338\">Szem\u00e9lyes adataidat nem adjuk el harmadik feleknek. Az al\u00e1bbi t\u00edpus\u00fa harmadik felekkel oszthatjuk meg adataidat:<\/p>\n<ul data-start=\"1339\" data-end=\"1541\">\n<li data-start=\"1339\" data-end=\"1461\">\n<p data-start=\"1341\" data-end=\"1461\"><strong data-start=\"1341\" data-end=\"1362\">Szolg\u00e1ltat\u00f3k<\/strong>Harmadik f\u00e9l v\u00e1llalatok, amelyek olyan szolg\u00e1ltat\u00e1sokkal seg\u00edtenek nek\u00fcnk, mint a fizet\u00e9sfeldolgoz\u00e1s, az adatt\u00e1rol\u00e1s stb.<\/p>\n<\/li>\n<li data-start=\"1462\" data-end=\"1541\">\n<p data-start=\"1464\" data-end=\"1541\"><strong data-start=\"1464\" data-end=\"1486\">Jogi k\u00f6vetelm\u00e9nyek<\/strong>: Ha a t\u00f6rv\u00e9ny el\u0151\u00edrja, nyilv\u00e1noss\u00e1gra hozhatjuk az \u00d6n adatait.<\/p>\n<\/li>\n<\/ul>\n<h4 data-start=\"1543\" data-end=\"1572\">4. <strong data-start=\"1551\" data-end=\"1570\">Adatv\u00e9delem<\/strong><\/h4>\n<p data-start=\"1573\" data-end=\"1712\">Megfelel\u0151 technikai \u00e9s szervez\u00e9si int\u00e9zked\u00e9seket alkalmazunk szem\u00e9lyes adatainak jogosulatlan hozz\u00e1f\u00e9r\u00e9ssel, felhaszn\u00e1l\u00e1ssal vagy nyilv\u00e1noss\u00e1gra hozatallal szembeni v\u00e9delme \u00e9rdek\u00e9ben.<\/p>\n<h4 data-start=\"1714\" data-end=\"1739\">5. <strong data-start=\"1722\" data-end=\"1737\">Az \u00d6n jogai<\/strong><\/h4>\n<p data-start=\"1740\" data-end=\"1865\">\u00d6nnek joga van szem\u00e9lyes adataihoz hozz\u00e1f\u00e9rni, azokat helyesb\u00edteni vagy t\u00f6r\u00f6lni. Ha gyakorolni k\u00edv\u00e1nja ezeket a jogokat, k\u00e9rj\u00fck, vegye fel vel\u00fcnk a kapcsolatot.<\/p>\n<h4 data-start=\"1867\" data-end=\"1888\">6. <strong data-start=\"1875\" data-end=\"1886\">Friss\u00edt\u00e9sek<\/strong><\/h4>\n<p data-start=\"1889\" data-end=\"2033\">Id\u0151r\u0151l id\u0151re friss\u00edthetj\u00fck ezt az adatv\u00e9delmi szab\u00e1lyzatot. A friss\u00edtett adatv\u00e9delmi szab\u00e1lyzatot ezen az oldalon tessz\u00fck k\u00f6zz\u00e9 a friss\u00edtett \u201eUtols\u00f3 friss\u00edt\u00e9s\u201d d\u00e1tum\u00e1val.<\/p>","protected":false},"excerpt":{"rendered":"<p>Welcome to Watanabe. We value your privacy and are committed to protecting your personal information. Please read the following privacy policy to understand how we collect, use, store, and protect your personal data. 1. Information We Collect We collect the following types of personal information: Identity Information: Name, email address, phone number, etc. Payment Information: [&hellip;]<\/p>","protected":false},"author":1,"featured_media":0,"parent":0,"menu_order":0,"comment_status":"closed","ping_status":"closed","template":"","meta":{"_et_pb_use_builder":"","_et_pb_old_content":"","_et_gb_content_width":"","footnotes":""},"class_list":["post-261","page","type-page","status-publish","hentry"],"_links":{"self":[{"href":"https:\/\/soilstabilizermachine.com\/hu\/wp-json\/wp\/v2\/pages\/261","targetHints":{"allow":["GET"]}}],"collection":[{"href":"https:\/\/soilstabilizermachine.com\/hu\/wp-json\/wp\/v2\/pages"}],"about":[{"href":"https:\/\/soilstabilizermachine.com\/hu\/wp-json\/wp\/v2\/types\/page"}],"author":[{"embeddable":true,"href":"https:\/\/soilstabilizermachine.com\/hu\/wp-json\/wp\/v2\/users\/1"}],"replies":[{"embeddable":true,"href":"https:\/\/soilstabilizermachine.com\/hu\/wp-json\/wp\/v2\/comments?post=261"}],"version-history":[{"count":2,"href":"https:\/\/soilstabilizermachine.com\/hu\/wp-json\/wp\/v2\/pages\/261\/revisions"}],"predecessor-version":[{"id":263,"href":"https:\/\/soilstabilizermachine.com\/hu\/wp-json\/wp\/v2\/pages\/261\/revisions\/263"}],"wp:attachment":[{"href":"https:\/\/soilstabilizermachine.com\/hu\/wp-json\/wp\/v2\/media?parent=261"}],"curies":[{"name":"wp","href":"https:\/\/api.w.org\/{rel}","templated":true}]}}