{"id":265,"date":"2025-11-14T08:39:44","date_gmt":"2025-11-14T08:39:44","guid":{"rendered":"https:\/\/soilstabilizermachine.com\/?page_id=265"},"modified":"2025-11-14T08:39:44","modified_gmt":"2025-11-14T08:39:44","slug":"warranty-policy","status":"publish","type":"page","link":"https:\/\/soilstabilizermachine.com\/fr\/warranty-policy\/","title":{"rendered":"Politique de garantie"},"content":{"rendered":"<p data-start=\"4067\" data-end=\"4238\">Merci d'avoir achet\u00e9 des produits Wanatabe. Nous offrons une garantie limit\u00e9e afin de garantir la qualit\u00e9 de votre produit. Vous trouverez ci-dessous les d\u00e9tails de notre politique de garantie.<\/p>\n<h4 data-start=\"4240\" data-end=\"4271\">1. <strong data-start=\"4248\" data-end=\"4269\">Couverture de la garantie<\/strong><\/h4>\n<p data-start=\"4272\" data-end=\"4345\">Nous offrons une garantie pour <strong data-start=\"4298\" data-end=\"4314\">nouveaux produits<\/strong> achet\u00e9 chez nous, couvrant :<\/p>\n<ul data-start=\"4346\" data-end=\"4401\">\n<li data-start=\"4346\" data-end=\"4401\">\n<p data-start=\"4348\" data-end=\"4401\">D\u00e9fauts de mat\u00e9riaux ou de fabrication dans des conditions normales d'utilisation.<\/p>\n<\/li>\n<\/ul>\n<h4 data-start=\"4403\" data-end=\"4432\">2. <strong data-start=\"4411\" data-end=\"4430\">P\u00e9riode de garantie<\/strong><\/h4>\n<p data-start=\"4433\" data-end=\"4589\">La p\u00e9riode de garantie d\u00e9bute \u00e0 la date d'achat. Pendant cette p\u00e9riode, si le produit pr\u00e9sente un d\u00e9faut, nous proposons une r\u00e9paration ou un remplacement.<\/p>\n<h4 data-start=\"4591\" data-end=\"4621\">3. <strong data-start=\"4599\" data-end=\"4619\">Service de garantie<\/strong><\/h4>\n<p data-start=\"4622\" data-end=\"4679\">Pour demander une prise en charge sous garantie, veuillez suivre les \u00e9tapes suivantes\u00a0:<\/p>\n<ul data-start=\"4680\" data-end=\"4895\">\n<li data-start=\"4680\" data-end=\"4778\">\n<p data-start=\"4682\" data-end=\"4778\">Veuillez contacter notre service client en fournissant une preuve d'achat et une description du probl\u00e8me.<\/p>\n<\/li>\n<li data-start=\"4779\" data-end=\"4895\">\n<p data-start=\"4781\" data-end=\"4895\">Selon le produit, vous pourriez \u00eatre amen\u00e9 \u00e0 l'envoyer \u00e0 notre centre de service agr\u00e9\u00e9 pour inspection.<\/p>\n<\/li>\n<\/ul>\n<h4 data-start=\"4897\" data-end=\"4921\">4. <strong data-start=\"4905\" data-end=\"4919\">Exclusions<\/strong><\/h4>\n<p data-start=\"4922\" data-end=\"4953\">Cette garantie ne couvre pas\u00a0:<\/p>\n<ul data-start=\"4954\" data-end=\"5309\">\n<li data-start=\"4954\" data-end=\"5023\">\n<p data-start=\"4956\" data-end=\"5023\"><strong data-start=\"4956\" data-end=\"4977\">Dommages accidentels<\/strong>: Par exemple, les chutes, les chocs, les d\u00e9g\u00e2ts d'eau, etc.<\/p>\n<\/li>\n<li data-start=\"5024\" data-end=\"5105\">\n<p data-start=\"5026\" data-end=\"5105\"><strong data-start=\"5026\" data-end=\"5042\">Utilisation inappropri\u00e9e<\/strong>Si le produit n'est pas utilis\u00e9 conform\u00e9ment au manuel d'utilisation.<\/p>\n<\/li>\n<li data-start=\"5106\" data-end=\"5236\">\n<p data-start=\"5108\" data-end=\"5236\"><strong data-start=\"5108\" data-end=\"5138\">Modifications non autoris\u00e9es<\/strong>Si le produit est r\u00e9par\u00e9 ou modifi\u00e9 par une personne autre que notre personnel de service agr\u00e9\u00e9.<\/p>\n<\/li>\n<li data-start=\"5237\" data-end=\"5309\">\n<p data-start=\"5239\" data-end=\"5309\"><strong data-start=\"5239\" data-end=\"5263\">Usure normale<\/strong>: Par exemple, l'usure naturelle due \u00e0 une utilisation prolong\u00e9e.<\/p>\n<\/li>\n<\/ul>\n<h4 data-start=\"5311\" data-end=\"5343\">5. <strong data-start=\"5319\" data-end=\"5341\">Extension de garantie<\/strong><\/h4>\n<p data-start=\"5344\" data-end=\"5457\">Si le produit ne peut \u00eatre r\u00e9par\u00e9, nous vous proposerons un <strong data-start=\"5395\" data-end=\"5410\">remboursement int\u00e9gral<\/strong> ou <strong data-start=\"5414\" data-end=\"5429\">remplacement<\/strong> pendant la p\u00e9riode de garantie.<\/p>\n<h4 data-start=\"5459\" data-end=\"5484\">6. <strong data-start=\"5467\" data-end=\"5482\">Autres termes<\/strong><\/h4>\n<ul data-start=\"5485\" data-end=\"5635\">\n<li data-start=\"5485\" data-end=\"5554\">\n<p data-start=\"5487\" data-end=\"5554\">Le service de garantie est uniquement offert \u00e0 l'acheteur d'origine.<\/p>\n<\/li>\n<li data-start=\"5555\" data-end=\"5635\">\n<p data-start=\"5557\" data-end=\"5635\">Cette politique de garantie n'affecte en rien les droits dont vous pourriez b\u00e9n\u00e9ficier en vertu des lois locales.<\/p>\n<\/li>\n<\/ul>","protected":false},"excerpt":{"rendered":"<p>Thank you for purchasing\u00a0Wanatabe products. We offer a limited warranty to ensure the quality of your product. Below are the details of our warranty policy. 1. Warranty Coverage We provide a warranty for new products purchased from us, covering: Defects in materials or workmanship under normal use. 2. Warranty Period The warranty period starts from [&hellip;]<\/p>","protected":false},"author":1,"featured_media":0,"parent":0,"menu_order":0,"comment_status":"closed","ping_status":"closed","template":"","meta":{"_et_pb_use_builder":"","_et_pb_old_content":"","_et_gb_content_width":"","footnotes":""},"class_list":["post-265","page","type-page","status-publish","hentry"],"_links":{"self":[{"href":"https:\/\/soilstabilizermachine.com\/fr\/wp-json\/wp\/v2\/pages\/265","targetHints":{"allow":["GET"]}}],"collection":[{"href":"https:\/\/soilstabilizermachine.com\/fr\/wp-json\/wp\/v2\/pages"}],"about":[{"href":"https:\/\/soilstabilizermachine.com\/fr\/wp-json\/wp\/v2\/types\/page"}],"author":[{"embeddable":true,"href":"https:\/\/soilstabilizermachine.com\/fr\/wp-json\/wp\/v2\/users\/1"}],"replies":[{"embeddable":true,"href":"https:\/\/soilstabilizermachine.com\/fr\/wp-json\/wp\/v2\/comments?post=265"}],"version-history":[{"count":1,"href":"https:\/\/soilstabilizermachine.com\/fr\/wp-json\/wp\/v2\/pages\/265\/revisions"}],"predecessor-version":[{"id":267,"href":"https:\/\/soilstabilizermachine.com\/fr\/wp-json\/wp\/v2\/pages\/265\/revisions\/267"}],"wp:attachment":[{"href":"https:\/\/soilstabilizermachine.com\/fr\/wp-json\/wp\/v2\/media?parent=265"}],"curies":[{"name":"wp","href":"https:\/\/api.w.org\/{rel}","templated":true}]}}