{"id":261,"date":"2025-11-14T08:38:45","date_gmt":"2025-11-14T08:38:45","guid":{"rendered":"https:\/\/soilstabilizermachine.com\/?page_id=261"},"modified":"2025-11-14T08:38:45","modified_gmt":"2025-11-14T08:38:45","slug":"privacy-policy-2","status":"publish","type":"page","link":"https:\/\/soilstabilizermachine.com\/fr\/privacy-policy-2\/","title":{"rendered":"politique de confidentialit\u00e9"},"content":{"rendered":"<p data-start=\"214\" data-end=\"488\">Bienvenue chez Watanabe. Nous accordons une grande importance \u00e0 la protection de votre vie priv\u00e9e et nous nous engageons \u00e0 prot\u00e9ger vos donn\u00e9es personnelles. Veuillez lire attentivement la politique de confidentialit\u00e9 ci-dessous pour comprendre comment nous recueillons, utilisons, stockons et prot\u00e9geons vos donn\u00e9es personnelles.<\/p>\n<h4 data-start=\"490\" data-end=\"526\">1. <strong data-start=\"498\" data-end=\"524\">Informations que nous recueillons<\/strong><\/h4>\n<p data-start=\"527\" data-end=\"584\">Nous recueillons les types de renseignements personnels suivants\u00a0:<\/p>\n<ul data-start=\"585\" data-end=\"814\">\n<li data-start=\"585\" data-end=\"654\">\n<p data-start=\"587\" data-end=\"654\"><strong data-start=\"587\" data-end=\"611\">Informations d'identit\u00e9<\/strong>Nom, adresse e-mail, num\u00e9ro de t\u00e9l\u00e9phone, etc.<\/p>\n<\/li>\n<li data-start=\"655\" data-end=\"726\">\n<p data-start=\"657\" data-end=\"726\"><strong data-start=\"657\" data-end=\"680\">Informations de paiement<\/strong>: Informations relatives \u00e0 la carte de cr\u00e9dit, adresse de facturation, etc.<\/p>\n<\/li>\n<li data-start=\"727\" data-end=\"814\">\n<p data-start=\"729\" data-end=\"814\"><strong data-start=\"729\" data-end=\"743\">Donn\u00e9es d'utilisation<\/strong>Type d'appareil, type de navigateur, adresse IP, pages visit\u00e9es, horodatage, etc.<\/p>\n<\/li>\n<\/ul>\n<h4 data-start=\"816\" data-end=\"857\">2. <strong data-start=\"824\" data-end=\"855\">Comment nous utilisons vos informations<\/strong><\/h4>\n<p data-start=\"858\" data-end=\"897\">Nous utilisons les informations que nous recueillons pour\u00a0:<\/p>\n<ul data-start=\"898\" data-end=\"1166\">\n<li data-start=\"898\" data-end=\"959\">\n<p data-start=\"900\" data-end=\"959\">Fournir, maintenir et am\u00e9liorer nos produits et services.<\/p>\n<\/li>\n<li data-start=\"960\" data-end=\"997\">\n<p data-start=\"962\" data-end=\"997\">Traitez vos commandes et vos paiements.<\/p>\n<\/li>\n<li data-start=\"998\" data-end=\"1084\">\n<p data-start=\"1000\" data-end=\"1084\">Nous communiquerons avec vous, notamment en vous envoyant des informations et des mises \u00e0 jour importantes concernant votre compte.<\/p>\n<\/li>\n<li data-start=\"1085\" data-end=\"1166\">\n<p data-start=\"1087\" data-end=\"1166\">Nous vous proposons des contenus et des publicit\u00e9s personnalis\u00e9s en fonction de vos centres d'int\u00e9r\u00eat.<\/p>\n<\/li>\n<\/ul>\n<h4 data-start=\"1168\" data-end=\"1204\">3. <strong data-start=\"1176\" data-end=\"1202\">Partage d'informations<\/strong><\/h4>\n<p data-start=\"1205\" data-end=\"1338\">Nous ne vendons pas vos informations personnelles \u00e0 des tiers. Nous pouvons partager vos informations avec les types de tiers suivants\u00a0:<\/p>\n<ul data-start=\"1339\" data-end=\"1541\">\n<li data-start=\"1339\" data-end=\"1461\">\n<p data-start=\"1341\" data-end=\"1461\"><strong data-start=\"1341\" data-end=\"1362\">Prestataires de services<\/strong>: Des soci\u00e9t\u00e9s tierces qui nous aident pour des services tels que le traitement des paiements, le stockage des donn\u00e9es, etc.<\/p>\n<\/li>\n<li data-start=\"1462\" data-end=\"1541\">\n<p data-start=\"1464\" data-end=\"1541\"><strong data-start=\"1464\" data-end=\"1486\">Exigences l\u00e9gales<\/strong>Si la loi l'exige, nous pouvons divulguer vos informations.<\/p>\n<\/li>\n<\/ul>\n<h4 data-start=\"1543\" data-end=\"1572\">4. <strong data-start=\"1551\" data-end=\"1570\">Protection des donn\u00e9es<\/strong><\/h4>\n<p data-start=\"1573\" data-end=\"1712\">Nous utilisons des mesures techniques et organisationnelles appropri\u00e9es pour prot\u00e9ger vos informations personnelles contre tout acc\u00e8s, utilisation ou divulgation non autoris\u00e9s.<\/p>\n<h4 data-start=\"1714\" data-end=\"1739\">5. <strong data-start=\"1722\" data-end=\"1737\">Vos droits<\/strong><\/h4>\n<p data-start=\"1740\" data-end=\"1865\">Vous disposez d'un droit d'acc\u00e8s, de rectification et de suppression de vos donn\u00e9es personnelles. Pour exercer ces droits, veuillez nous contacter.<\/p>\n<h4 data-start=\"1867\" data-end=\"1888\">6. <strong data-start=\"1875\" data-end=\"1886\">Mises \u00e0 jour<\/strong><\/h4>\n<p data-start=\"1889\" data-end=\"2033\">Nous pouvons \u00eatre amen\u00e9s \u00e0 modifier cette politique de confidentialit\u00e9. La version mise \u00e0 jour sera publi\u00e9e sur cette page, accompagn\u00e9e d'une nouvelle date de \u00ab\u00a0Derni\u00e8re mise \u00e0 jour\u00a0\u00bb.<\/p>","protected":false},"excerpt":{"rendered":"<p>Welcome to Watanabe. We value your privacy and are committed to protecting your personal information. Please read the following privacy policy to understand how we collect, use, store, and protect your personal data. 1. Information We Collect We collect the following types of personal information: Identity Information: Name, email address, phone number, etc. Payment Information: [&hellip;]<\/p>","protected":false},"author":1,"featured_media":0,"parent":0,"menu_order":0,"comment_status":"closed","ping_status":"closed","template":"","meta":{"_et_pb_use_builder":"","_et_pb_old_content":"","_et_gb_content_width":"","footnotes":""},"class_list":["post-261","page","type-page","status-publish","hentry"],"_links":{"self":[{"href":"https:\/\/soilstabilizermachine.com\/fr\/wp-json\/wp\/v2\/pages\/261","targetHints":{"allow":["GET"]}}],"collection":[{"href":"https:\/\/soilstabilizermachine.com\/fr\/wp-json\/wp\/v2\/pages"}],"about":[{"href":"https:\/\/soilstabilizermachine.com\/fr\/wp-json\/wp\/v2\/types\/page"}],"author":[{"embeddable":true,"href":"https:\/\/soilstabilizermachine.com\/fr\/wp-json\/wp\/v2\/users\/1"}],"replies":[{"embeddable":true,"href":"https:\/\/soilstabilizermachine.com\/fr\/wp-json\/wp\/v2\/comments?post=261"}],"version-history":[{"count":2,"href":"https:\/\/soilstabilizermachine.com\/fr\/wp-json\/wp\/v2\/pages\/261\/revisions"}],"predecessor-version":[{"id":263,"href":"https:\/\/soilstabilizermachine.com\/fr\/wp-json\/wp\/v2\/pages\/261\/revisions\/263"}],"wp:attachment":[{"href":"https:\/\/soilstabilizermachine.com\/fr\/wp-json\/wp\/v2\/media?parent=261"}],"curies":[{"name":"wp","href":"https:\/\/api.w.org\/{rel}","templated":true}]}}