{"id":473,"date":"2025-12-25T07:11:47","date_gmt":"2025-12-25T07:11:47","guid":{"rendered":"https:\/\/soilstabilizermachine.com\/?post_type=product&#038;p=473"},"modified":"2026-01-15T14:26:54","modified_gmt":"2026-01-15T14:26:54","slug":"pai-2100-potato-planter-2-rows","status":"publish","type":"product","link":"https:\/\/soilstabilizermachine.com\/fi\/tuote\/pai-2100-potato-planter-2-rows\/","title":{"rendered":"PAI-2100 Perunanistutuskone 2 rivi\u00e4"},"content":{"rendered":"<h2 dir=\"auto\">Tuotteen yleiskatsaus<\/h2>\n<p dir=\"auto\">PAI-2100-perunanistutuskone, 2 rivi\u00e4, on tehokas maatalouskone, joka on suunniteltu tehokkaaseen perunanistutukseen vaihtelevissa maaper\u00e4olosuhteissa ja sopii erityisesti Brasilian markkinoille. Brazil Watanabe Soil Stabilizer Machine Co., Ltd.:n valmistama istutuskone yhdist\u00e4\u00e4 edistyksellisen tekniikan, joka varmistaa tarkan siementen sijoituksen, lannoitteiden levityksen ja valinnaisen hy\u00f6nteismyrkkyjen levityksen. Se on yhteensopiva traktoreiden kanssa, jotka t\u00e4ytt\u00e4v\u00e4t moottorin v\u00e4himm\u00e4istehovaatimukset, joten se on ihanteellinen valinta keskisuurten ja suurten perunanviljelyyn esimerkiksi Brasilian kaakkois- ja Cerrado-alueilla.<\/p>\n<p dir=\"auto\">T\u00e4m\u00e4 kone parantaa tuottavuutta v\u00e4hent\u00e4m\u00e4ll\u00e4 manuaalista ty\u00f6t\u00e4 ja optimoimalla resurssien k\u00e4ytt\u00f6\u00e4, mik\u00e4 edist\u00e4\u00e4 kest\u00e4vi\u00e4 viljelyk\u00e4yt\u00e4nt\u00f6j\u00e4. Keskeisi\u00e4 ominaisuuksia ovat vankka siementen ja lannoitteiden s\u00e4ili\u00f6j\u00e4rjestelm\u00e4, s\u00e4\u00e4dett\u00e4v\u00e4t ty\u00f6nopeudet ja yhteensopivuus traktorin vakionostolaitteiden kanssa.<\/p>\n<p dir=\"auto\"><img loading=\"lazy\" decoding=\"async\" class=\"size-full wp-image-474 aligncenter\" src=\"https:\/\/soilstabilizermachine.com\/wp-content\/uploads\/2025\/12\/PAI-2100-Potato-Planter-2-Rows11.webp\" alt=\"PAI-2100 Perunanistutuskone 2 rivi\u00e4\" width=\"800\" height=\"800\" srcset=\"https:\/\/soilstabilizermachine.com\/wp-content\/uploads\/2025\/12\/PAI-2100-Potato-Planter-2-Rows11.webp 800w, https:\/\/soilstabilizermachine.com\/wp-content\/uploads\/2025\/12\/PAI-2100-Potato-Planter-2-Rows11-480x480.webp 480w\" sizes=\"(min-width: 0px) and (max-width: 480px) 480px, (min-width: 481px) 800px, 100vw\" \/><\/p>\n<h3 dir=\"auto\">Tekniset tiedot<\/h3>\n<p dir=\"auto\">Seuraavassa taulukossa on esitetty PAI-2100-perunanistutuskoneen (2 rivi\u00e4) t\u00e4rkeimm\u00e4t tekniset tiedot valmistajan standardien mukaisesti:<\/p>\n<div>\n<div dir=\"auto\">\n<table style=\"width: 100%;\" border=\"1\" width=\"100%\" cellspacing=\"0\" cellpadding=\"0\">\n<thead>\n<tr>\n<th data-col-size=\"lg\">Kategoria<\/th>\n<th data-col-size=\"sm\">Tekniset tiedot<\/th>\n<\/tr>\n<\/thead>\n<tbody>\n<tr>\n<td data-col-size=\"lg\">Tyhj\u00e4 paino<\/td>\n<td data-col-size=\"sm\">860 kg<\/td>\n<\/tr>\n<tr>\n<td data-col-size=\"lg\">Alavivuston luokka<\/td>\n<td data-col-size=\"sm\">2<\/td>\n<\/tr>\n<tr>\n<td data-col-size=\"lg\">Rivien lukum\u00e4\u00e4r\u00e4<\/td>\n<td data-col-size=\"sm\">2<\/td>\n<\/tr>\n<tr>\n<td data-col-size=\"lg\">Traktorin moottorin teho (min.)<\/td>\n<td data-col-size=\"sm\">75 hv<\/td>\n<\/tr>\n<tr>\n<td data-col-size=\"lg\">Bunker Capacity &#8211; Seeds<\/td>\n<td data-col-size=\"sm\">350 kg<\/td>\n<\/tr>\n<tr>\n<td data-col-size=\"lg\">Bunker Capacity &#8211; Fertilizer<\/td>\n<td data-col-size=\"sm\">200 kg<\/td>\n<\/tr>\n<tr>\n<td data-col-size=\"lg\">S\u00e4ili\u00f6hy\u00f6nteismyrkky (valinnainen)<\/td>\n<td data-col-size=\"sm\">200 litraa tai 300 litraa<\/td>\n<\/tr>\n<tr>\n<td data-col-size=\"lg\">Ty\u00f6nopeus<\/td>\n<td data-col-size=\"sm\">3 &#8211; 5 Km\/h<\/td>\n<\/tr>\n<\/tbody>\n<\/table>\n<div>N\u00e4m\u00e4 ominaisuudet varmistavat luotettavan suorituskyvyn Brasilian maatalousymp\u00e4rist\u00f6iss\u00e4, joissa maaper\u00e4n vakauttaminen ja tehokas kylv\u00f6 ovat ratkaisevan t\u00e4rkeit\u00e4 korkeiden satojen saavuttamiseksi.<\/div>\n<\/div>\n<\/div>\n<h3 dir=\"auto\">Vertailu vastaaviin malleihin<\/h3>\n<p dir=\"auto\">To provide a clear perspective on the PAI-2100&#8217;s advantages, the table below compares it with a standard 2-row potato planter model commonly available in the Brazilian market (e.g., a generic semi-automatic variant) and a higher-end 4-row model for scalability reference. Data is derived from industry benchmarks and market analyses.<\/p>\n<div>\n<div dir=\"auto\">\n<table style=\"width: 100%;\" border=\"1\" width=\"100%\" cellspacing=\"0\" cellpadding=\"0\">\n<thead>\n<tr>\n<th data-col-size=\"lg\">Ominaisuus<\/th>\n<th data-col-size=\"sm\">PAI-2100 (2 rivi\u00e4)<\/th>\n<th data-col-size=\"sm\">Vakiokokoinen 2-rivinen istutuskone<\/th>\n<th data-col-size=\"sm\">Edistyksellinen 4-rivinen istutuskone<\/th>\n<\/tr>\n<\/thead>\n<tbody>\n<tr>\n<td data-col-size=\"lg\">Tyhj\u00e4 paino<\/td>\n<td data-col-size=\"sm\">860 kg<\/td>\n<td data-col-size=\"sm\">700 kg<\/td>\n<td data-col-size=\"sm\">1200 kg<\/td>\n<\/tr>\n<tr>\n<td data-col-size=\"lg\">Traktorin v\u00e4himm\u00e4isteho<\/td>\n<td data-col-size=\"sm\">75 hv<\/td>\n<td data-col-size=\"sm\">60 hv<\/td>\n<td data-col-size=\"sm\">100 hevosvoimaa<\/td>\n<\/tr>\n<tr>\n<td data-col-size=\"lg\">Siemens\u00e4ili\u00f6n kapasiteetti<\/td>\n<td data-col-size=\"sm\">350 kg<\/td>\n<td data-col-size=\"sm\">250 kg<\/td>\n<td data-col-size=\"sm\">500 kg<\/td>\n<\/tr>\n<tr>\n<td data-col-size=\"lg\">Lannoites\u00e4ili\u00f6n kapasiteetti<\/td>\n<td data-col-size=\"sm\">200 kg<\/td>\n<td data-col-size=\"sm\">150 kg<\/td>\n<td data-col-size=\"sm\">300 kg<\/td>\n<\/tr>\n<tr>\n<td data-col-size=\"lg\">Valinnainen hy\u00f6nteismyrkkys\u00e4ili\u00f6<\/td>\n<td data-col-size=\"sm\">200 litraa<\/td>\n<td data-col-size=\"sm\">Ei saatavilla<\/td>\n<td data-col-size=\"sm\">300 litraa<\/td>\n<\/tr>\n<tr>\n<td data-col-size=\"lg\">Ty\u00f6nopeus<\/td>\n<td data-col-size=\"sm\">3\u20135 km\/h<\/td>\n<td data-col-size=\"sm\">2\u20134 km\/h<\/td>\n<td data-col-size=\"sm\">4\u20136 km\/h<\/td>\n<\/tr>\n<tr>\n<td data-col-size=\"lg\">Hintaluokka (arvioitu USD)<\/td>\n<td data-col-size=\"sm\">39,000<\/td>\n<td data-col-size=\"sm\">25,000<\/td>\n<td data-col-size=\"sm\">55,000<\/td>\n<\/tr>\n<tr>\n<td data-col-size=\"lg\">Tehokkuusluokitus (hehtaaria\/p\u00e4iv\u00e4)<\/td>\n<td data-col-size=\"sm\">Jopa 5<\/td>\n<td data-col-size=\"sm\">Jopa 3<\/td>\n<td data-col-size=\"sm\">Jopa 8<\/td>\n<\/tr>\n<\/tbody>\n<\/table>\n<div>PAI-2100 tarjoaa perusmalleihin verrattuna paremman kapasiteetin ja tehokkuuden, mik\u00e4 tekee siit\u00e4 kustannustehokkaan vaihtoehdon brasilialaisille maanviljelij\u00f6ille, jotka haluavat tasapainottaa suorituskyvyn ja investoinnin. Suuremmissa yrityksiss\u00e4 voidaan harkita skaalaamista monirivisiin versioihin.<\/div>\n<\/div>\n<\/div>\n<h3 dir=\"auto\">Keskeiset edut<\/h3>\n<ul dir=\"auto\">\n<li><strong>Tarkkuuskylv\u00f6<\/strong>Varmistaa siementen tasaisen jakautumisen, v\u00e4hent\u00e4\u00e4 h\u00e4vikki\u00e4 ja parantaa sadon tasaisuutta.<\/li>\n<li><strong>Monipuolisuus<\/strong>Sopii useille Brasiliassa yleisille perunalajikkeille, kuten Asterixille ja Atlanticille.<\/li>\n<li><strong>Kest\u00e4vyys<\/strong>Rakennettu korkealaatuisista materiaaleista kest\u00e4m\u00e4\u00e4n haastavia maastoja, mukaan lukien maaper\u00e4n vakauttamista vaativat.<\/li>\n<li><strong>Kest\u00e4v\u00e4 kehitys<\/strong>Optimoi lannoitteiden ja hy\u00f6nteismyrkkyjen k\u00e4yt\u00f6n ja minimoi ymp\u00e4rist\u00f6vaikutukset Brasilian maatalousm\u00e4\u00e4r\u00e4ysten mukaisesti.<\/li>\n<li><strong>Integroinnin helppous<\/strong>: Yhteensopiva olemassa olevien traktorikalustojen kanssa, mik\u00e4 helpottaa saumatonta k\u00e4ytt\u00f6\u00f6nottoa maatiloilla S\u00e3o Paulon, Minas Geraisin ja Paran\u00e1n osavaltioissa.<\/li>\n<\/ul>\n<h2 dir=\"auto\">PAI-2100-perunanistutuskoneen toimintaperiaate, 2 rivi\u00e4<\/h2>\n<p dir=\"auto\">PAI-2100-perunanistutuskone, 2 rivi\u00e4, on traktoriin kiinnitett\u00e4v\u00e4 maatalouskone, joka on suunniteltu perunoiden tehokkaaseen ja tarkkaan istutukseen kahteen rinnakkaiseen riviin. Se yhdist\u00e4\u00e4 mekanismit vaon tekemiseen, siementen sijoitteluun, lannoitteiden levitykseen, valinnaiseen hy\u00f6nteismyrkkyjen levitykseen ja maan peitt\u00e4miseen, kaikki synkronoituna traktorin eteenp\u00e4in suuntautuvan liikkeen kanssa. Kone toimii suositellulla 3\u20135 km\/h ty\u00f6nopeudella ja vaatii traktorin, jonka moottorin teho on v\u00e4hint\u00e4\u00e4n 75 hv ja joka on kiinnitetty luokan 2 alavetoj\u00e4rjestelm\u00e4ll\u00e4. Alla on yksityiskohtainen selitys sen toimintaj\u00e4rjestyksest\u00e4, joka on johdettu vastaavien kaksirivisten perunanistutuskoneiden vakiosuunnitteluperiaatteista.<\/p>\n<p dir=\"auto\"><strong>1. Kiinnitys ja voimansiirto<\/strong><\/p>\n<p dir=\"auto\">The planter is securely mounted to the tractor using a three-point hitch system, which provides stability and allows for easy height adjustment. As the tractor advances, power is transmitted from the ground wheels or the tractor&#8217;s power take-off (PTO) to drive the internal mechanisms. This includes chain-and-sprocket systems that synchronize the metering devices with the machine&#8217;s forward speed, ensuring consistent spacing and placement.<\/p>\n<p dir=\"auto\"><strong>2. Vaon avaus<\/strong><\/p>\n<p dir=\"auto\">Noin 60 cm:n v\u00e4lein kahdelle riville sijoitetut lapio- tai kiekkovaukot tunkeutuvat maahan ja luovat yhdensuuntaisia \u200b\u200bvakoja. Vakojen syvyytt\u00e4 voidaan s\u00e4\u00e4t\u00e4\u00e4, tyypillisesti 5\u201310 cm, maaper\u00e4n olosuhteista ja perunalajikkeen vaatimuksista riippuen. T\u00e4ss\u00e4 vaiheessa istutusalusta siirret\u00e4\u00e4n maata muodostaen kanavia, jotka soveltuvat siementen ja lannoitteiden sijoitteluun.<\/p>\n<p dir=\"auto\"><strong>3. Siementen annostelu ja sijoittelu<\/strong><\/p>\n<p dir=\"auto\">Siemenet lastataan tarkoitukseen varattuun siemens\u00e4ili\u00f6\u00f6n, jonka kapasiteetti on 350 kg. Kuppityyppinen annostelumekanismi, joka usein koostuu py\u00f6riv\u00e4st\u00e4 ketjusta, jossa on tasaisin v\u00e4lein olevat kupit (esim. soikeat metalliset tai kumiset kupit eri siemenkokojen mukaan), poimii yksitt\u00e4iset siemenperunat s\u00e4ili\u00f6st\u00e4. Kun ketju py\u00f6rii \u2013 maapy\u00f6r\u00e4n tai voimanottoakselin vet\u00e4m\u00e4n\u00e4 \u2013 kupit k\u00e4\u00e4ntyv\u00e4t yl\u00f6salaisin sy\u00f6tt\u00f6kourun yli, jolloin siemenet vapautuvat avoimiin vakoihin tasaisin v\u00e4lein (tyypillisesti 20\u201330 cm v\u00e4lein, s\u00e4\u00e4dett\u00e4viss\u00e4 kalibroinnin perusteella). T\u00e4m\u00e4 varmistaa siementen minimoimisen ja tarkan sijoittelun optimaalisen it\u00e4misen ja kasvun saavuttamiseksi.<\/p>\n<p dir=\"auto\"><strong>4. Lannoitus<\/strong><\/p>\n<p dir=\"auto\">Siementen sijoituksen yhteydess\u00e4 lannoite annostellaan erillisest\u00e4 200 kg:n s\u00e4ili\u00f6st\u00e4. Siemenmekanismia vastaava annosteluj\u00e4rjestelm\u00e4 (esim. s\u00e4\u00e4dett\u00e4vien aukkojen tai py\u00f6rivien kiekkojen avulla) levitt\u00e4\u00e4 lannoitteen joko suoraan kylv\u00f6vakoon siementen viereen tai vy\u00f6hykkeellisesti hieman niiden alapuolelle tai viereen. T\u00e4m\u00e4 kohdennettu levitys edist\u00e4\u00e4 tehokasta ravinteiden ottoa ja minimoi j\u00e4tteen ja ymp\u00e4rist\u00f6vaikutukset.<\/p>\n<p dir=\"auto\"><strong>5. Valinnainen hy\u00f6nteismyrkkyjen jakelu<\/strong><\/p>\n<p dir=\"auto\">Jos koneeseen on asennettu lis\u00e4varusteena 200 litran hy\u00f6nteismyrkkys\u00e4ili\u00f6, siin\u00e4 on ruiskutusj\u00e4rjestelm\u00e4, joka annostelee nestem\u00e4ist\u00e4 hy\u00f6nteismyrkky\u00e4 istutuksen aikana. Vakojen l\u00e4helle sijoitetut suuttimet varmistavat tasaisen peiton istutetulle alueelle ja tarjoavat varhaisen suojan tuholaisia \u200b\u200bvastaan \u200b\u200bilman erillist\u00e4 ajokertaa.<\/p>\n<p dir=\"auto\"><strong>6. Maaper\u00e4n peitt\u00e4minen ja harjanteiden muodostaminen<\/strong><\/p>\n<p dir=\"auto\">Maaper\u00e4n levityksen j\u00e4lkeen harjakoneet tai peitelevyt nostavat irronneen mullan ja palauttavat sen peitt\u00e4m\u00e4\u00e4n siemenet, lannoitteen ja mahdollisen levitetyn hy\u00f6nteismyrkyn. T\u00e4m\u00e4 muodostaa jokaisen rivin p\u00e4\u00e4lle tyypillisesti 15\u201325 cm korkeita suojaavia harjanteita, jotka auttavat s\u00e4ilytt\u00e4m\u00e4\u00e4n kosteutta, torjuvat rikkaruohoja ja est\u00e4v\u00e4t altistumisen auringonvalolle. Maaper\u00e4n tiivist\u00e4miseksi siementen ymp\u00e4rille voidaan k\u00e4ytt\u00e4\u00e4 painopy\u00f6ri\u00e4 tai -rullia, jotka parantavat mullan ja siementen v\u00e4list\u00e4 kosketusta ja parantavat juurien muodostumista.<\/p>\n<p dir=\"auto\">The PAI-2100&#8217;s design allows for single-pass operation, combining multiple tasks to reduce labor and time. Adjustments for planting depth, row spacing, seed rate, and fertilizer application can be made via mechanical levers or settings, calibrated according to field conditions, soil type, and crop specifications. Regular maintenance, such as lubricating moving parts and checking metering cups, ensures reliable performance. This principle aligns with modern sustainable farming practices, optimizing resource use and supporting high-yield potato production in diverse agricultural environments.<\/p>\n<h2 dir=\"auto\">Toimialakohtaiset tapaustutkimukset<\/h2>\n<p dir=\"auto\">Seuraavat tapaustutkimukset havainnollistavat PAI-2100:n kaltaisten perunanistutuskoneiden k\u00e4yt\u00e4nn\u00f6n soveltamista Brasiliassa onnistuneista toteutuksista:<\/p>\n<ol dir=\"auto\">\n<li><strong>PepsiCo&#8217;s Potato Crop Tropicalization Project (2023)<\/strong>: PepsiCo partnered with 25 Brazilian potato farmers to implement advanced planting technologies, including automated planters. This initiative doubled productivity through precise seed and fertilizer placement, reducing water usage by 20% and increasing yields to 50 tons per hectare in tropical conditions. The project emphasized machine learning for soil analysis, aligning with the PAI-2100&#8217;s capabilities for efficient resource management.<\/li>\n<li><strong>CBA Sementesin aeroponinen siemenperunan tuotanto (2020)<\/strong>CBA Sementes lisensoi maahan istutettaviin koneisiin integroidut aeroponiset j\u00e4rjestelm\u00e4t Brasilian pienviljelij\u00f6iden tukemiseksi. Yhdist\u00e4m\u00e4ll\u00e4 huipputeknologisen siementuotannon luotettaviin kaksirivisiin kylv\u00f6koneisiin viljelij\u00e4t saavuttivat 30%-parannuksen siementen laadussa ja kylv\u00f6tehokkuudessa, mik\u00e4 johti satojen korkeampaan markkina-arvoon. T\u00e4m\u00e4 tapaus osoittaa koneiden roolin kest\u00e4v\u00e4n perunanviljelyn laajentamisessa.<\/li>\n<li><strong>Brasilian perunantuotannon tekninen ja taloudellinen tehokkuus (2023)<\/strong>Brasilian perunanviljelyn tehokkuutta m\u00e4\u00e4r\u00e4\u00e4vi\u00e4 tekij\u00f6it\u00e4 analysoineessa tutkimuksessa havaittiin, ett\u00e4 koneellinen kylv\u00f6 alensi ty\u00f6voimakustannuksia 25%:ll\u00e4 ja paransi teknisen tehokkuuden pisteit\u00e4 yli 0,85:een. Kaksirivisi\u00e4 kylv\u00f6koneita, kuten PAI-2100:aa, k\u00e4ytt\u00e4v\u00e4t tilat raportoivat korkeammista taloudellisista tuotoista, erityisesti alueilla, joilla maaper\u00e4n laatu vaihtelee, mik\u00e4 korostaa laiteinvestointien merkityst\u00e4 pitk\u00e4n aikav\u00e4lin kannattavuuden kannalta.<\/li>\n<\/ol>\n<p dir=\"auto\">N\u00e4m\u00e4 esimerkit havainnollistavat, kuinka edistyneiden istutuskoneiden k\u00e4ytt\u00f6\u00f6notto edist\u00e4\u00e4 satojen paranemista, kustannuss\u00e4\u00e4st\u00f6j\u00e4 ja ymp\u00e4rist\u00f6n kest\u00e4vyytt\u00e4 Brasilian perunasektorilla.<\/p>\n<p dir=\"auto\"><img loading=\"lazy\" decoding=\"async\" class=\"size-full wp-image-475 aligncenter\" src=\"https:\/\/soilstabilizermachine.com\/wp-content\/uploads\/2025\/12\/PAI-2100-Potato-Planter-2-Rows21.webp\" alt=\"PAI-2100 Perunanistutuskone 2 rivi\u00e4\" width=\"1960\" height=\"1162\" srcset=\"https:\/\/soilstabilizermachine.com\/wp-content\/uploads\/2025\/12\/PAI-2100-Potato-Planter-2-Rows21.webp 1960w, https:\/\/soilstabilizermachine.com\/wp-content\/uploads\/2025\/12\/PAI-2100-Potato-Planter-2-Rows21-1280x759.webp 1280w, https:\/\/soilstabilizermachine.com\/wp-content\/uploads\/2025\/12\/PAI-2100-Potato-Planter-2-Rows21-980x581.webp 980w, https:\/\/soilstabilizermachine.com\/wp-content\/uploads\/2025\/12\/PAI-2100-Potato-Planter-2-Rows21-480x285.webp 480w\" sizes=\"(min-width: 0px) and (max-width: 480px) 480px, (min-width: 481px) and (max-width: 980px) 980px, (min-width: 981px) and (max-width: 1280px) 1280px, (min-width: 1281px) 1960px, 100vw\" \/><\/p>\n<h2 dir=\"auto\">Usein kysytyt kysymykset<\/h2>\n<p dir=\"auto\"><strong>Mik\u00e4 on PAI-2100-perunanistutuskoneen (2 rivi\u00e4) v\u00e4himm\u00e4istraktoriteho?<\/strong><\/p>\n<p dir=\"auto\">PAI-2100 vaatii v\u00e4hint\u00e4\u00e4n 75 hevosvoiman moottorin tehon optimaalisen k\u00e4ytt\u00f6tehokkuuden saavuttamiseksi. T\u00e4m\u00e4 ominaisuus varmistaa saumattoman yhteensopivuuden Brasilian maatalousk\u00e4yt\u00e4nn\u00f6iss\u00e4 yleisesti k\u00e4ytettyjen keskikokoisten traktoreiden kanssa.<\/p>\n<p dir=\"auto\"><strong>Onko hy\u00f6nteismyrkkys\u00e4ili\u00f6 vakiovaruste?<\/strong><\/p>\n<p dir=\"auto\">200 litran hy\u00f6nteismyrkkys\u00e4ili\u00f6 on saatavilla lis\u00e4varusteena, mik\u00e4 mahdollistaa r\u00e4\u00e4t\u00e4l\u00f6idyt kokoonpanot perunanviljelyn erityisten tuholaistorjuntavaatimusten t\u00e4ytt\u00e4miseksi.<\/p>\n<p dir=\"auto\"><strong>Miten PAI-2100 toimii erilaisissa Brasilian maaper\u00e4tyypeiss\u00e4?<\/strong><\/p>\n<p dir=\"auto\">Kest\u00e4v\u00e4ksi suunniteltu PAI-2100 osoittaa erinomaista suorituskyky\u00e4 erilaisissa maaper\u00e4olosuhteissa, mukaan lukien Cerradon biomissa esiintyv\u00e4t maaper\u00e4olosuhteet. Se t\u00e4ydent\u00e4\u00e4 <a href=\"https:\/\/soilstabilizermachine.com\/fi\/product-category\/soil-stabilizer\/\">maaper\u00e4n stabilointi<\/a> menetelm\u00e4t, jotka ovat linjassa Brazil Watanabe Soil Stabilizer Machine Co., Ltd.:n ydinosaamisen kanssa.<\/p>\n<p dir=\"auto\"><strong>Mit\u00e4 huoltotoimenpiteit\u00e4 PAI-2100:lle suositellaan?<\/strong><\/p>\n<p dir=\"auto\">Rutiinihuoltoon kuuluu polttoaines\u00e4ili\u00f6j\u00e4rjestelmien ja vivustokomponenttien tarkastuksia. On suositeltavaa ajoittaa vuosittainen ammattimainen huolto sertifioitujen teknikkojen toimesta huippuluokan toiminnan yll\u00e4pit\u00e4miseksi.<\/p>\n<p dir=\"auto\"><strong>Mist\u00e4 PAI-2100:n voi hankkia Brasiliassa?<\/strong><\/p>\n<p dir=\"auto\">Mahdolliset ostajat voivat ottaa yhteytt\u00e4 Brazil Watanabe Soil Stabilizer Machine Co., Ltd.:hen suoraan virallisen verkkosivustomme kautta tai olla yhteydess\u00e4 valtuutettuihin jakelijoihin, jotka sijaitsevat t\u00e4rkeimmiss\u00e4 maatalouskeskuksissa, kuten S\u00e3o Paulossa ja Curitibassa.<\/p>\n<h2 dir=\"auto\">Tietoja Brasiliasta Watanabe Soil Stabilizer Machine Co., Ltd.<\/h2>\n<p dir=\"auto\">Hitoshi Watanabe perusti Brazil Watanabe Soil Stabilizer Machine Co., Ltd.:n vuonna 1970 Castrossa, Paran\u00e1ssa, Brasiliassa. Aluksi Hatsuta-ruiskujen valtuutettuna j\u00e4lleenmyyj\u00e4n\u00e4 toiminut yritys on kehittynyt tiiviiss\u00e4 yhteisty\u00f6ss\u00e4 maanviljelij\u00f6iden kanssa vastatakseen heid\u00e4n erityistarpeisiinsa. T\u00e4m\u00e4 on johtanut innovatiivisten maatalouskoneiden kehitt\u00e4miseen, mukaan lukien ensimm\u00e4isen kaksirivisen perunannostokoneen. Yli 50 vuoden kokemuksella organisaatiosta on tullut luotettu kumppani maaseudun tuotannossa, ja se painottaa laatua, luotettavuutta ja kest\u00e4vi\u00e4 k\u00e4yt\u00e4nt\u00f6j\u00e4.<\/p>\n<p dir=\"auto\">Yritys on erikoistunut kattavaan valikoimaan maatalouskoneita, jotka on suunniteltu parantamaan tehokkuutta ja tuottavuutta erilaisissa maataloustoiminnoissa. Keskeisi\u00e4 tuoteryhmi\u00e4 ovat:<\/p>\n<ul dir=\"auto\">\n<li><strong>Maaper\u00e4n vakauttaminen ja p\u00e4\u00e4llystyslinja<\/strong>Maanmuokkauskoneet vankkaan maanmuokkaukseen ja infrastruktuurin tukemiseen.<\/li>\n<li><strong>Alueen raivauslinja<\/strong>: <a href=\"https:\/\/soilstabilizermachine.com\/fi\/product-category\/stone-crusher\/\">Kivimurskaimet<\/a>, <a href=\"https:\/\/soilstabilizermachine.com\/fi\/product-category\/rock-rake\/\">kiviharavat<\/a>, kivenker\u00e4yskoneet ja jyr\u00e4t maanmuokkaukseen ja kasvij\u00e4tteiden k\u00e4sittelyyn.<\/li>\n<li><strong>Perunalinja<\/strong>Perunanvakokoneet, perunanistutuskoneet, perunannostokoneet ja perunannostokoneet koneelliseen perunanviljelyyn.<\/li>\n<li><strong>Karjanhoitolinja<\/strong>Kompostilatot ja niihin liittyv\u00e4t laitteet kest\u00e4v\u00e4\u00e4n karjanhoitoon.<\/li>\n<li><strong>Lis\u00e4tarjoukset<\/strong>Lannoitteet, py\u00f6r\u00f6jyrsimet ja t\u00e4ydent\u00e4v\u00e4t ty\u00f6kalut monipuolisten maatalouden vaatimusten tukemiseksi.<\/li>\n<\/ul>\n<p dir=\"auto\">Brazil Watanabe Soil Stabilizer Machine Co., Ltd. yll\u00e4pit\u00e4\u00e4 maanlaajuista kattavuutta Brasiliassa palvellakseen maanviljelij\u00f6it\u00e4 tehokkaasti. Ydinarvoja ovat kunnioitus, syv\u00e4 arvostus maata kohtaan ja sitoutuminen maaseudun kehityksen edist\u00e4miseen.<\/p>\n<p><iframe loading=\"lazy\" title=\"Watanabe THOR -kivenmurskain \/ maanvakauttaja: Tehokasta suorituskyky\u00e4 maanmuokkaukseen\" width=\"1080\" height=\"608\" src=\"https:\/\/www.youtube.com\/embed\/-mmmCPJ11qY?feature=oembed\"  allow=\"accelerometer; autoplay; clipboard-write; encrypted-media; gyroscope; picture-in-picture; web-share\" referrerpolicy=\"strict-origin-when-cross-origin\" allowfullscreen><\/iframe><\/p>\n<p dir=\"auto\">CX:n toimittama<\/p>","protected":false},"excerpt":{"rendered":"<p dir=\"auto\">PAI-2100 kaksirivinen perunanistutuskone on tehokas maatalouskone, joka on suunniteltu Brasilian markkinoille. Se tukee tarkkaa siementen sijoittelua, lannoitteiden levityst\u00e4 ja valinnaisesti torjunta-aineiden ruiskutusta. Se on yhteensopiva 75 hevosvoiman tai suuremman tehon traktoreiden kanssa, ja siin\u00e4 on 350 kg:n siemens\u00e4ili\u00f6 ja 200 kg:n lannoites\u00e4ili\u00f6, ja sen k\u00e4ytt\u00f6nopeus on 3\u20135 km\/h. Se parantaa istutustehokkuutta, v\u00e4hent\u00e4\u00e4 ty\u00f6voimaa ja sopii keskikokoisille ja suurille perunatiloille tasaisen sadon kasvun ja kest\u00e4v\u00e4n viljelyn saavuttamiseksi.<\/p>","protected":false},"featured_media":474,"comment_status":"open","ping_status":"closed","template":"","meta":{"_et_pb_use_builder":"","_et_pb_old_content":"","_et_gb_content_width":""},"product_brand":[],"product_cat":[28],"product_tag":[],"class_list":{"0":"post-473","1":"product","2":"type-product","3":"status-publish","4":"has-post-thumbnail","6":"product_cat-potato-planter","8":"first","9":"instock","10":"shipping-taxable","11":"product-type-simple"},"_links":{"self":[{"href":"https:\/\/soilstabilizermachine.com\/fi\/wp-json\/wp\/v2\/product\/473","targetHints":{"allow":["GET"]}}],"collection":[{"href":"https:\/\/soilstabilizermachine.com\/fi\/wp-json\/wp\/v2\/product"}],"about":[{"href":"https:\/\/soilstabilizermachine.com\/fi\/wp-json\/wp\/v2\/types\/product"}],"replies":[{"embeddable":true,"href":"https:\/\/soilstabilizermachine.com\/fi\/wp-json\/wp\/v2\/comments?post=473"}],"wp:featuredmedia":[{"embeddable":true,"href":"https:\/\/soilstabilizermachine.com\/fi\/wp-json\/wp\/v2\/media\/474"}],"wp:attachment":[{"href":"https:\/\/soilstabilizermachine.com\/fi\/wp-json\/wp\/v2\/media?parent=473"}],"wp:term":[{"taxonomy":"product_brand","embeddable":true,"href":"https:\/\/soilstabilizermachine.com\/fi\/wp-json\/wp\/v2\/product_brand?post=473"},{"taxonomy":"product_cat","embeddable":true,"href":"https:\/\/soilstabilizermachine.com\/fi\/wp-json\/wp\/v2\/product_cat?post=473"},{"taxonomy":"product_tag","embeddable":true,"href":"https:\/\/soilstabilizermachine.com\/fi\/wp-json\/wp\/v2\/product_tag?post=473"}],"curies":[{"name":"wp","href":"https:\/\/api.w.org\/{rel}","templated":true}]}}