{"id":265,"date":"2025-11-14T08:39:44","date_gmt":"2025-11-14T08:39:44","guid":{"rendered":"https:\/\/soilstabilizermachine.com\/?page_id=265"},"modified":"2025-11-14T08:39:44","modified_gmt":"2025-11-14T08:39:44","slug":"warranty-policy","status":"publish","type":"page","link":"https:\/\/soilstabilizermachine.com\/fi\/warranty-policy\/","title":{"rendered":"Takuuk\u00e4yt\u00e4nt\u00f6"},"content":{"rendered":"<p data-start=\"4067\" data-end=\"4238\">Kiitos, ett\u00e4 ostit Wanataben tuotteita. Tarjoamme rajoitetun takuun varmistaaksemme tuotteesi laadun. Alla on takuuk\u00e4yt\u00e4nt\u00f6mme tiedot.<\/p>\n<h4 data-start=\"4240\" data-end=\"4271\">1. <strong data-start=\"4248\" data-end=\"4269\">Takuun kattavuus<\/strong><\/h4>\n<p data-start=\"4272\" data-end=\"4345\">Tarjoamme takuun, joka koskee <strong data-start=\"4298\" data-end=\"4314\">uudet tuotteet<\/strong> ostettu meilt\u00e4, \u200b\u200bkattaa:<\/p>\n<ul data-start=\"4346\" data-end=\"4401\">\n<li data-start=\"4346\" data-end=\"4401\">\n<p data-start=\"4348\" data-end=\"4401\">Materiaali- tai valmistusvirheet normaalin k\u00e4yt\u00f6n aikana.<\/p>\n<\/li>\n<\/ul>\n<h4 data-start=\"4403\" data-end=\"4432\">2. <strong data-start=\"4411\" data-end=\"4430\">Takuuaika<\/strong><\/h4>\n<p data-start=\"4433\" data-end=\"4589\">Takuuaika alkaa ostop\u00e4iv\u00e4st\u00e4. Jos tuotteessa on takuuaikana vika, tarjoamme korjaus- tai vaihtopalveluita.<\/p>\n<h4 data-start=\"4591\" data-end=\"4621\">3. <strong data-start=\"4599\" data-end=\"4619\">Takuupalvelu<\/strong><\/h4>\n<p data-start=\"4622\" data-end=\"4679\">Takuupalvelun pyyt\u00e4miseksi noudata seuraavia ohjeita:<\/p>\n<ul data-start=\"4680\" data-end=\"4895\">\n<li data-start=\"4680\" data-end=\"4778\">\n<p data-start=\"4682\" data-end=\"4778\">Ota yhteytt\u00e4 asiakaspalveluumme ja liit\u00e4 mukaan ostokuitti sek\u00e4 kuvaus ongelmasta.<\/p>\n<\/li>\n<li data-start=\"4779\" data-end=\"4895\">\n<p data-start=\"4781\" data-end=\"4895\">Tuotteesta riippuen saatat joutua l\u00e4hett\u00e4m\u00e4\u00e4n tuotteen valtuutettuun huoltokeskukseemme tarkastettavaksi.<\/p>\n<\/li>\n<\/ul>\n<h4 data-start=\"4897\" data-end=\"4921\">4. <strong data-start=\"4905\" data-end=\"4919\">Poikkeukset<\/strong><\/h4>\n<p data-start=\"4922\" data-end=\"4953\">T\u00e4m\u00e4 takuu ei kata:<\/p>\n<ul data-start=\"4954\" data-end=\"5309\">\n<li data-start=\"4954\" data-end=\"5023\">\n<p data-start=\"4956\" data-end=\"5023\"><strong data-start=\"4956\" data-end=\"4977\">Vahinkovaurio<\/strong>Kuten esimerkiksi putoamiset, iskut, vesivahingot jne.<\/p>\n<\/li>\n<li data-start=\"5024\" data-end=\"5105\">\n<p data-start=\"5026\" data-end=\"5105\"><strong data-start=\"5026\" data-end=\"5042\">V\u00e4\u00e4rink\u00e4ytt\u00f6<\/strong>: Jos tuotetta ei k\u00e4ytet\u00e4 k\u00e4ytt\u00f6ohjeen mukaisesti.<\/p>\n<\/li>\n<li data-start=\"5106\" data-end=\"5236\">\n<p data-start=\"5108\" data-end=\"5236\"><strong data-start=\"5108\" data-end=\"5138\">Luvattomat muutokset<\/strong>Jos tuotetta korjaa tai muokkaa joku muu kuin valtuutettu huoltohenkil\u00f6st\u00f6mme.<\/p>\n<\/li>\n<li data-start=\"5237\" data-end=\"5309\">\n<p data-start=\"5239\" data-end=\"5309\"><strong data-start=\"5239\" data-end=\"5263\">Normaali kuluminen<\/strong>Kuten luonnollista kulumista pitk\u00e4aikaisen k\u00e4yt\u00f6n seurauksena.<\/p>\n<\/li>\n<\/ul>\n<h4 data-start=\"5311\" data-end=\"5343\">5. <strong data-start=\"5319\" data-end=\"5341\">Takuun pidennyksen<\/strong><\/h4>\n<p data-start=\"5344\" data-end=\"5457\">Jos tuotetta ei voida korjata, tarjoamme <strong data-start=\"5395\" data-end=\"5410\">t\u00e4ysi hyvitys<\/strong> tai <strong data-start=\"5414\" data-end=\"5429\">korvaava<\/strong> takuuaikana.<\/p>\n<h4 data-start=\"5459\" data-end=\"5484\">6. <strong data-start=\"5467\" data-end=\"5482\">Muut ehdot<\/strong><\/h4>\n<ul data-start=\"5485\" data-end=\"5635\">\n<li data-start=\"5485\" data-end=\"5554\">\n<p data-start=\"5487\" data-end=\"5554\">Takuupalvelu on saatavilla vain alkuper\u00e4iselle ostajalle.<\/p>\n<\/li>\n<li data-start=\"5555\" data-end=\"5635\">\n<p data-start=\"5557\" data-end=\"5635\">T\u00e4m\u00e4 takuuk\u00e4yt\u00e4nt\u00f6 ei vaikuta paikallisten lakien mukaisiin oikeuksiisi.<\/p>\n<\/li>\n<\/ul>","protected":false},"excerpt":{"rendered":"<p>Thank you for purchasing\u00a0Wanatabe products. We offer a limited warranty to ensure the quality of your product. Below are the details of our warranty policy. 1. Warranty Coverage We provide a warranty for new products purchased from us, covering: Defects in materials or workmanship under normal use. 2. Warranty Period The warranty period starts from [&hellip;]<\/p>","protected":false},"author":1,"featured_media":0,"parent":0,"menu_order":0,"comment_status":"closed","ping_status":"closed","template":"","meta":{"_et_pb_use_builder":"","_et_pb_old_content":"","_et_gb_content_width":"","footnotes":""},"class_list":["post-265","page","type-page","status-publish","hentry"],"_links":{"self":[{"href":"https:\/\/soilstabilizermachine.com\/fi\/wp-json\/wp\/v2\/pages\/265","targetHints":{"allow":["GET"]}}],"collection":[{"href":"https:\/\/soilstabilizermachine.com\/fi\/wp-json\/wp\/v2\/pages"}],"about":[{"href":"https:\/\/soilstabilizermachine.com\/fi\/wp-json\/wp\/v2\/types\/page"}],"author":[{"embeddable":true,"href":"https:\/\/soilstabilizermachine.com\/fi\/wp-json\/wp\/v2\/users\/1"}],"replies":[{"embeddable":true,"href":"https:\/\/soilstabilizermachine.com\/fi\/wp-json\/wp\/v2\/comments?post=265"}],"version-history":[{"count":1,"href":"https:\/\/soilstabilizermachine.com\/fi\/wp-json\/wp\/v2\/pages\/265\/revisions"}],"predecessor-version":[{"id":267,"href":"https:\/\/soilstabilizermachine.com\/fi\/wp-json\/wp\/v2\/pages\/265\/revisions\/267"}],"wp:attachment":[{"href":"https:\/\/soilstabilizermachine.com\/fi\/wp-json\/wp\/v2\/media?parent=265"}],"curies":[{"name":"wp","href":"https:\/\/api.w.org\/{rel}","templated":true}]}}