{"id":264,"date":"2025-11-14T08:39:14","date_gmt":"2025-11-14T08:39:14","guid":{"rendered":"https:\/\/soilstabilizermachine.com\/?page_id=264"},"modified":"2025-11-14T08:54:40","modified_gmt":"2025-11-14T08:54:40","slug":"terms-of-service","status":"publish","type":"page","link":"https:\/\/soilstabilizermachine.com\/fi\/terms-of-service\/","title":{"rendered":"Palveluehdot"},"content":{"rendered":"<p data-start=\"2094\" data-end=\"2313\">Tervetuloa Wanataben verkkosivustolle. Lue ja hyv\u00e4ksy seuraavat k\u00e4ytt\u00f6ehdot ennen verkkosivustomme tai mink\u00e4\u00e4n palveluidemme k\u00e4ytt\u00f6\u00e4. Jos et hyv\u00e4ksy n\u00e4it\u00e4 ehtoja, \u00e4l\u00e4 k\u00e4yt\u00e4 palveluitamme.<\/p>\n<h4 data-start=\"2315\" data-end=\"2343\">1. <strong data-start=\"2323\" data-end=\"2341\">K\u00e4ytt\u00f6oikeus<\/strong><\/h4>\n<p data-start=\"2344\" data-end=\"2615\">My\u00f6nn\u00e4mme sinulle rajoitetun, ei-yksinomaisen ja ei-siirrett\u00e4v\u00e4n k\u00e4ytt\u00f6oikeuden k\u00e4ytt\u00e4\u00e4 t\u00e4ll\u00e4 verkkosivustolla tarjottuja palveluita laillisiin tarkoituksiin ja sovellettavien lakien ja m\u00e4\u00e4r\u00e4ysten mukaisesti. Et saa k\u00e4ytt\u00e4\u00e4 palveluita mihink\u00e4\u00e4n laittomaan, petolliseen tai ilkivaltaiseen toimintaan.<\/p>\n<h4 data-start=\"2617\" data-end=\"2660\">2. <strong data-start=\"2625\" data-end=\"2658\">Tilin luominen ja turvallisuus<\/strong><\/h4>\n<p data-start=\"2661\" data-end=\"2895\">Joidenkin ominaisuuksien k\u00e4ytt\u00e4miseksi sinun on ehk\u00e4 luotava tili. Sinun on annettava tarkat ja t\u00e4ydelliset rekister\u00f6intitiedot ja pidett\u00e4v\u00e4 ne ajan tasalla. Olet vastuussa tilisi turvallisuudesta ja k\u00e4yt\u00f6st\u00e4, mukaan lukien salasanasuojaus.<\/p>\n<h4 data-start=\"2897\" data-end=\"2924\">3. <strong data-start=\"2905\" data-end=\"2922\">Maksuehdot<\/strong><\/h4>\n<p data-start=\"2925\" data-end=\"3085\">Jos ostat tuotteita tai palveluita verkkosivustoltamme, sitoudut maksamaan vastaavat maksut. Maksut voidaan k\u00e4sitell\u00e4 kolmansien osapuolten maksualustojen kautta.<\/p>\n<h4 data-start=\"3087\" data-end=\"3122\">4. <strong data-start=\"3095\" data-end=\"3120\">Immateriaalioikeudet<\/strong><\/h4>\n<p data-start=\"3123\" data-end=\"3381\">Kaikki verkkosivuston sis\u00e4lt\u00f6, mukaan lukien, mutta ei rajoittuen, teksti, kuvat, logot ja videot, on Wanataben tai sen lisenssinantajien omaisuutta ja tekij\u00e4noikeuslakien suojaamaa. Et saa kopioida, muokata tai jakaa t\u00e4t\u00e4 sis\u00e4lt\u00f6\u00e4 ilman lupaa.<\/p>\n<h4 data-start=\"3383\" data-end=\"3420\">5. <strong data-start=\"3391\" data-end=\"3418\">Vastuunrajoitus<\/strong><\/h4>\n<p data-start=\"3421\" data-end=\"3601\">Emme ole vastuussa mist\u00e4\u00e4n suorista tai ep\u00e4suorista vahingoista, jotka johtuvat verkkosivustomme tai palveluidemme k\u00e4yt\u00f6st\u00e4, mukaan lukien, mutta ei rajoittuen, laitevioista, tietojen menetyksest\u00e4 tai voitonmenetyksist\u00e4.<\/p>\n<h4 data-start=\"3603\" data-end=\"3635\">6. <strong data-start=\"3611\" data-end=\"3633\">Riitojenratkaisu<\/strong><\/h4>\n<p data-start=\"3636\" data-end=\"3819\">T\u00e4st\u00e4 sopimuksesta johtuvat riidat ratkaistaan \u200b\u200bsovinnollisesti. Jos neuvottelut ep\u00e4onnistuvat, sitoudut viem\u00e4\u00e4n riidan Wanataben tuomioistuimen k\u00e4sitelt\u00e4v\u00e4ksi.<\/p>\n<h4 data-start=\"3821\" data-end=\"3857\">7. <strong data-start=\"3829\" data-end=\"3855\">Ehtojen muutokset<\/strong><\/h4>\n<p data-start=\"3858\" data-end=\"4007\">Pid\u00e4t\u00e4mme oikeuden muuttaa n\u00e4it\u00e4 k\u00e4ytt\u00f6ehtoja milloin tahansa. P\u00e4ivitetyt ehdot julkaistaan \u200b\u200bt\u00e4ll\u00e4 verkkosivustolla ja ne astuvat voimaan v\u00e4litt\u00f6m\u00e4sti.<\/p>","protected":false},"excerpt":{"rendered":"<p>Welcome to the Wanatabe website. Please read and agree to the following terms and conditions before using our website or any services. If you do not agree with these terms, please do not use our services. 1. License to Use We grant you a limited, non-exclusive, and non-transferable license to use the services provided on [&hellip;]<\/p>","protected":false},"author":1,"featured_media":0,"parent":0,"menu_order":0,"comment_status":"closed","ping_status":"closed","template":"","meta":{"_et_pb_use_builder":"","_et_pb_old_content":"","_et_gb_content_width":"","footnotes":""},"class_list":["post-264","page","type-page","status-publish","hentry"],"_links":{"self":[{"href":"https:\/\/soilstabilizermachine.com\/fi\/wp-json\/wp\/v2\/pages\/264","targetHints":{"allow":["GET"]}}],"collection":[{"href":"https:\/\/soilstabilizermachine.com\/fi\/wp-json\/wp\/v2\/pages"}],"about":[{"href":"https:\/\/soilstabilizermachine.com\/fi\/wp-json\/wp\/v2\/types\/page"}],"author":[{"embeddable":true,"href":"https:\/\/soilstabilizermachine.com\/fi\/wp-json\/wp\/v2\/users\/1"}],"replies":[{"embeddable":true,"href":"https:\/\/soilstabilizermachine.com\/fi\/wp-json\/wp\/v2\/comments?post=264"}],"version-history":[{"count":2,"href":"https:\/\/soilstabilizermachine.com\/fi\/wp-json\/wp\/v2\/pages\/264\/revisions"}],"predecessor-version":[{"id":275,"href":"https:\/\/soilstabilizermachine.com\/fi\/wp-json\/wp\/v2\/pages\/264\/revisions\/275"}],"wp:attachment":[{"href":"https:\/\/soilstabilizermachine.com\/fi\/wp-json\/wp\/v2\/media?parent=264"}],"curies":[{"name":"wp","href":"https:\/\/api.w.org\/{rel}","templated":true}]}}