{"id":265,"date":"2025-11-14T08:39:44","date_gmt":"2025-11-14T08:39:44","guid":{"rendered":"https:\/\/soilstabilizermachine.com\/?page_id=265"},"modified":"2025-11-14T08:39:44","modified_gmt":"2025-11-14T08:39:44","slug":"warranty-policy","status":"publish","type":"page","link":"https:\/\/soilstabilizermachine.com\/es\/warranty-policy\/","title":{"rendered":"Pol\u00edtica de garant\u00eda"},"content":{"rendered":"<p data-start=\"4067\" data-end=\"4238\">Gracias por comprar productos Wanatabe. Ofrecemos una garant\u00eda limitada para asegurar la calidad de su producto. A continuaci\u00f3n, encontrar\u00e1 los detalles de nuestra pol\u00edtica de garant\u00eda.<\/p>\n<h4 data-start=\"4240\" data-end=\"4271\">1. <strong data-start=\"4248\" data-end=\"4269\">Cobertura de la garant\u00eda<\/strong><\/h4>\n<p data-start=\"4272\" data-end=\"4345\">Ofrecemos una garant\u00eda para <strong data-start=\"4298\" data-end=\"4314\">nuevos productos<\/strong> comprado en nuestra tienda, cubriendo:<\/p>\n<ul data-start=\"4346\" data-end=\"4401\">\n<li data-start=\"4346\" data-end=\"4401\">\n<p data-start=\"4348\" data-end=\"4401\">Defectos en materiales o mano de obra bajo uso normal.<\/p>\n<\/li>\n<\/ul>\n<h4 data-start=\"4403\" data-end=\"4432\">2. <strong data-start=\"4411\" data-end=\"4430\">Per\u00edodo de garant\u00eda<\/strong><\/h4>\n<p data-start=\"4433\" data-end=\"4589\">El per\u00edodo de garant\u00eda comienza a partir de la fecha de compra. Durante el per\u00edodo de garant\u00eda, si el producto presenta defectos, ofreceremos servicios de reparaci\u00f3n o reemplazo.<\/p>\n<h4 data-start=\"4591\" data-end=\"4621\">3. <strong data-start=\"4599\" data-end=\"4619\">Servicio de garant\u00eda<\/strong><\/h4>\n<p data-start=\"4622\" data-end=\"4679\">Para solicitar el servicio de garant\u00eda, siga estos pasos:<\/p>\n<ul data-start=\"4680\" data-end=\"4895\">\n<li data-start=\"4680\" data-end=\"4778\">\n<p data-start=\"4682\" data-end=\"4778\">Comun\u00edquese con nuestro equipo de atenci\u00f3n al cliente, proporcionando un comprobante de compra y una descripci\u00f3n del problema.<\/p>\n<\/li>\n<li data-start=\"4779\" data-end=\"4895\">\n<p data-start=\"4781\" data-end=\"4895\">Dependiendo del producto, es posible que deba enviarlo a nuestro centro de servicio autorizado para su inspecci\u00f3n.<\/p>\n<\/li>\n<\/ul>\n<h4 data-start=\"4897\" data-end=\"4921\">4. <strong data-start=\"4905\" data-end=\"4919\">Exclusiones<\/strong><\/h4>\n<p data-start=\"4922\" data-end=\"4953\">Esta garant\u00eda no cubre:<\/p>\n<ul data-start=\"4954\" data-end=\"5309\">\n<li data-start=\"4954\" data-end=\"5023\">\n<p data-start=\"4956\" data-end=\"5023\"><strong data-start=\"4956\" data-end=\"4977\">Da\u00f1os accidentales<\/strong>:Como ca\u00eddas, impactos, da\u00f1os por agua, etc.<\/p>\n<\/li>\n<li data-start=\"5024\" data-end=\"5105\">\n<p data-start=\"5026\" data-end=\"5105\"><strong data-start=\"5026\" data-end=\"5042\">Uso indebido<\/strong>:Si el producto no se utiliza de acuerdo con el manual del producto.<\/p>\n<\/li>\n<li data-start=\"5106\" data-end=\"5236\">\n<p data-start=\"5108\" data-end=\"5236\"><strong data-start=\"5108\" data-end=\"5138\">Modificaciones no autorizadas<\/strong>:Si el producto es reparado o modificado por alguien que no sea nuestro personal de servicio autorizado.<\/p>\n<\/li>\n<li data-start=\"5237\" data-end=\"5309\">\n<p data-start=\"5239\" data-end=\"5309\"><strong data-start=\"5239\" data-end=\"5263\">Desgaste normal<\/strong>:Como el desgaste natural debido al uso a largo plazo.<\/p>\n<\/li>\n<\/ul>\n<h4 data-start=\"5311\" data-end=\"5343\">5. <strong data-start=\"5319\" data-end=\"5341\">Extensi\u00f3n de garant\u00eda<\/strong><\/h4>\n<p data-start=\"5344\" data-end=\"5457\">Si el producto no se puede reparar, le ofreceremos un <strong data-start=\"5395\" data-end=\"5410\">reembolso completo<\/strong> o <strong data-start=\"5414\" data-end=\"5429\">reemplazo<\/strong> durante el per\u00edodo de garant\u00eda.<\/p>\n<h4 data-start=\"5459\" data-end=\"5484\">6. <strong data-start=\"5467\" data-end=\"5482\">Otros t\u00e9rminos<\/strong><\/h4>\n<ul data-start=\"5485\" data-end=\"5635\">\n<li data-start=\"5485\" data-end=\"5554\">\n<p data-start=\"5487\" data-end=\"5554\">El servicio de garant\u00eda s\u00f3lo est\u00e1 disponible para el comprador original.<\/p>\n<\/li>\n<li data-start=\"5555\" data-end=\"5635\">\n<p data-start=\"5557\" data-end=\"5635\">Esta pol\u00edtica de garant\u00eda no afecta ning\u00fan derecho que pueda tener seg\u00fan las leyes locales.<\/p>\n<\/li>\n<\/ul>","protected":false},"excerpt":{"rendered":"<p>Thank you for purchasing\u00a0Wanatabe products. We offer a limited warranty to ensure the quality of your product. Below are the details of our warranty policy. 1. Warranty Coverage We provide a warranty for new products purchased from us, covering: Defects in materials or workmanship under normal use. 2. Warranty Period The warranty period starts from [&hellip;]<\/p>","protected":false},"author":1,"featured_media":0,"parent":0,"menu_order":0,"comment_status":"closed","ping_status":"closed","template":"","meta":{"_et_pb_use_builder":"","_et_pb_old_content":"","_et_gb_content_width":"","footnotes":""},"class_list":["post-265","page","type-page","status-publish","hentry"],"_links":{"self":[{"href":"https:\/\/soilstabilizermachine.com\/es\/wp-json\/wp\/v2\/pages\/265","targetHints":{"allow":["GET"]}}],"collection":[{"href":"https:\/\/soilstabilizermachine.com\/es\/wp-json\/wp\/v2\/pages"}],"about":[{"href":"https:\/\/soilstabilizermachine.com\/es\/wp-json\/wp\/v2\/types\/page"}],"author":[{"embeddable":true,"href":"https:\/\/soilstabilizermachine.com\/es\/wp-json\/wp\/v2\/users\/1"}],"replies":[{"embeddable":true,"href":"https:\/\/soilstabilizermachine.com\/es\/wp-json\/wp\/v2\/comments?post=265"}],"version-history":[{"count":1,"href":"https:\/\/soilstabilizermachine.com\/es\/wp-json\/wp\/v2\/pages\/265\/revisions"}],"predecessor-version":[{"id":267,"href":"https:\/\/soilstabilizermachine.com\/es\/wp-json\/wp\/v2\/pages\/265\/revisions\/267"}],"wp:attachment":[{"href":"https:\/\/soilstabilizermachine.com\/es\/wp-json\/wp\/v2\/media?parent=265"}],"curies":[{"name":"wp","href":"https:\/\/api.w.org\/{rel}","templated":true}]}}