{"id":261,"date":"2025-11-14T08:38:45","date_gmt":"2025-11-14T08:38:45","guid":{"rendered":"https:\/\/soilstabilizermachine.com\/?page_id=261"},"modified":"2025-11-14T08:38:45","modified_gmt":"2025-11-14T08:38:45","slug":"privacy-policy-2","status":"publish","type":"page","link":"https:\/\/soilstabilizermachine.com\/es\/privacy-policy-2\/","title":{"rendered":"pol\u00edtica de privacidad"},"content":{"rendered":"<p data-start=\"214\" data-end=\"488\">Bienvenido a Watanabe. Valoramos su privacidad y nos comprometemos a proteger su informaci\u00f3n personal. Lea la siguiente pol\u00edtica de privacidad para comprender c\u00f3mo recopilamos, usamos, almacenamos y protegemos sus datos personales.<\/p>\n<h4 data-start=\"490\" data-end=\"526\">1. <strong data-start=\"498\" data-end=\"524\">Informaci\u00f3n que recopilamos<\/strong><\/h4>\n<p data-start=\"527\" data-end=\"584\">Recopilamos los siguientes tipos de informaci\u00f3n personal:<\/p>\n<ul data-start=\"585\" data-end=\"814\">\n<li data-start=\"585\" data-end=\"654\">\n<p data-start=\"587\" data-end=\"654\"><strong data-start=\"587\" data-end=\"611\">Informaci\u00f3n de identidad<\/strong>:Nombre, direcci\u00f3n de correo electr\u00f3nico, n\u00famero de tel\u00e9fono, etc.<\/p>\n<\/li>\n<li data-start=\"655\" data-end=\"726\">\n<p data-start=\"657\" data-end=\"726\"><strong data-start=\"657\" data-end=\"680\">Informaci\u00f3n de pago<\/strong>:Datos de la tarjeta de cr\u00e9dito, direcci\u00f3n de facturaci\u00f3n, etc.<\/p>\n<\/li>\n<li data-start=\"727\" data-end=\"814\">\n<p data-start=\"729\" data-end=\"814\"><strong data-start=\"729\" data-end=\"743\">Datos de uso<\/strong>:Tipo de dispositivo, tipo de navegador, direcci\u00f3n IP, p\u00e1ginas visitadas, marca de tiempo, etc.<\/p>\n<\/li>\n<\/ul>\n<h4 data-start=\"816\" data-end=\"857\">2. <strong data-start=\"824\" data-end=\"855\">C\u00f3mo usamos su informaci\u00f3n<\/strong><\/h4>\n<p data-start=\"858\" data-end=\"897\">Utilizamos la informaci\u00f3n que recopilamos para:<\/p>\n<ul data-start=\"898\" data-end=\"1166\">\n<li data-start=\"898\" data-end=\"959\">\n<p data-start=\"900\" data-end=\"959\">Proporcionar, mantener y mejorar nuestros productos y servicios.<\/p>\n<\/li>\n<li data-start=\"960\" data-end=\"997\">\n<p data-start=\"962\" data-end=\"997\">Procesa tus pedidos y pagos.<\/p>\n<\/li>\n<li data-start=\"998\" data-end=\"1084\">\n<p data-start=\"1000\" data-end=\"1084\">Comunicarnos con usted, incluido el env\u00edo de informaci\u00f3n importante de la cuenta y actualizaciones.<\/p>\n<\/li>\n<li data-start=\"1085\" data-end=\"1166\">\n<p data-start=\"1087\" data-end=\"1166\">Proporcionarle contenido y anuncios personalizados en funci\u00f3n de sus intereses.<\/p>\n<\/li>\n<\/ul>\n<h4 data-start=\"1168\" data-end=\"1204\">3. <strong data-start=\"1176\" data-end=\"1202\">Intercambio de informaci\u00f3n<\/strong><\/h4>\n<p data-start=\"1205\" data-end=\"1338\">No vendemos su informaci\u00f3n personal a terceros. Podr\u00edamos compartirla con los siguientes tipos de terceros:<\/p>\n<ul data-start=\"1339\" data-end=\"1541\">\n<li data-start=\"1339\" data-end=\"1461\">\n<p data-start=\"1341\" data-end=\"1461\"><strong data-start=\"1341\" data-end=\"1362\">Proveedores de servicios<\/strong>:Empresas de terceros que nos ayudan con servicios como procesamiento de pagos, almacenamiento de datos, etc.<\/p>\n<\/li>\n<li data-start=\"1462\" data-end=\"1541\">\n<p data-start=\"1464\" data-end=\"1541\"><strong data-start=\"1464\" data-end=\"1486\">Requisitos legales<\/strong>:Si la ley lo requiere, podemos divulgar su informaci\u00f3n.<\/p>\n<\/li>\n<\/ul>\n<h4 data-start=\"1543\" data-end=\"1572\">4. <strong data-start=\"1551\" data-end=\"1570\">Protecci\u00f3n de datos<\/strong><\/h4>\n<p data-start=\"1573\" data-end=\"1712\">Utilizamos medidas t\u00e9cnicas y organizativas adecuadas para proteger su informaci\u00f3n personal contra acceso, uso o divulgaci\u00f3n no autorizados.<\/p>\n<h4 data-start=\"1714\" data-end=\"1739\">5. <strong data-start=\"1722\" data-end=\"1737\">Sus derechos<\/strong><\/h4>\n<p data-start=\"1740\" data-end=\"1865\">Tiene derecho a acceder, corregir o eliminar sus datos personales. Si desea ejercer estos derechos, p\u00f3ngase en contacto con nosotros.<\/p>\n<h4 data-start=\"1867\" data-end=\"1888\">6. <strong data-start=\"1875\" data-end=\"1886\">Actualizaciones<\/strong><\/h4>\n<p data-start=\"1889\" data-end=\"2033\">Es posible que actualicemos esta pol\u00edtica de privacidad peri\u00f3dicamente. La pol\u00edtica de privacidad actualizada se publicar\u00e1 en esta p\u00e1gina con la fecha de \"\u00daltima actualizaci\u00f3n\".<\/p>","protected":false},"excerpt":{"rendered":"<p>Welcome to Watanabe. We value your privacy and are committed to protecting your personal information. Please read the following privacy policy to understand how we collect, use, store, and protect your personal data. 1. Information We Collect We collect the following types of personal information: Identity Information: Name, email address, phone number, etc. Payment Information: [&hellip;]<\/p>","protected":false},"author":1,"featured_media":0,"parent":0,"menu_order":0,"comment_status":"closed","ping_status":"closed","template":"","meta":{"_et_pb_use_builder":"","_et_pb_old_content":"","_et_gb_content_width":"","footnotes":""},"class_list":["post-261","page","type-page","status-publish","hentry"],"_links":{"self":[{"href":"https:\/\/soilstabilizermachine.com\/es\/wp-json\/wp\/v2\/pages\/261","targetHints":{"allow":["GET"]}}],"collection":[{"href":"https:\/\/soilstabilizermachine.com\/es\/wp-json\/wp\/v2\/pages"}],"about":[{"href":"https:\/\/soilstabilizermachine.com\/es\/wp-json\/wp\/v2\/types\/page"}],"author":[{"embeddable":true,"href":"https:\/\/soilstabilizermachine.com\/es\/wp-json\/wp\/v2\/users\/1"}],"replies":[{"embeddable":true,"href":"https:\/\/soilstabilizermachine.com\/es\/wp-json\/wp\/v2\/comments?post=261"}],"version-history":[{"count":2,"href":"https:\/\/soilstabilizermachine.com\/es\/wp-json\/wp\/v2\/pages\/261\/revisions"}],"predecessor-version":[{"id":263,"href":"https:\/\/soilstabilizermachine.com\/es\/wp-json\/wp\/v2\/pages\/261\/revisions\/263"}],"wp:attachment":[{"href":"https:\/\/soilstabilizermachine.com\/es\/wp-json\/wp\/v2\/media?parent=261"}],"curies":[{"name":"wp","href":"https:\/\/api.w.org\/{rel}","templated":true}]}}