{"id":265,"date":"2025-11-14T08:39:44","date_gmt":"2025-11-14T08:39:44","guid":{"rendered":"https:\/\/soilstabilizermachine.com\/?page_id=265"},"modified":"2025-11-14T08:39:44","modified_gmt":"2025-11-14T08:39:44","slug":"warranty-policy","status":"publish","type":"page","link":"https:\/\/soilstabilizermachine.com\/de\/warranty-policy\/","title":{"rendered":"Garantiebestimmungen"},"content":{"rendered":"<p data-start=\"4067\" data-end=\"4238\">Vielen Dank f\u00fcr den Kauf von Wanatabe-Produkten. Wir bieten eine eingeschr\u00e4nkte Garantie, um die Qualit\u00e4t Ihres Produkts zu gew\u00e4hrleisten. Nachfolgend finden Sie die Details unserer Garantiebestimmungen.<\/p>\n<h4 data-start=\"4240\" data-end=\"4271\">1. <strong data-start=\"4248\" data-end=\"4269\">Garantieumfang<\/strong><\/h4>\n<p data-start=\"4272\" data-end=\"4345\">Wir bieten eine Garantie f\u00fcr <strong data-start=\"4298\" data-end=\"4314\">neue Produkte<\/strong> Bei uns gekauft, einschlie\u00dflich:<\/p>\n<ul data-start=\"4346\" data-end=\"4401\">\n<li data-start=\"4346\" data-end=\"4401\">\n<p data-start=\"4348\" data-end=\"4401\">Material- oder Verarbeitungsfehler bei normalem Gebrauch.<\/p>\n<\/li>\n<\/ul>\n<h4 data-start=\"4403\" data-end=\"4432\">2. <strong data-start=\"4411\" data-end=\"4430\">Garantiezeitraum<\/strong><\/h4>\n<p data-start=\"4433\" data-end=\"4589\">Die Garantiezeit beginnt mit dem Kaufdatum. Sollte das Produkt w\u00e4hrend der Garantiezeit defekt sein, bieten wir Reparatur- oder Austauschleistungen an.<\/p>\n<h4 data-start=\"4591\" data-end=\"4621\">3. <strong data-start=\"4599\" data-end=\"4619\">Garantieservice<\/strong><\/h4>\n<p data-start=\"4622\" data-end=\"4679\">Um Garantieleistungen in Anspruch zu nehmen, befolgen Sie bitte diese Schritte:<\/p>\n<ul data-start=\"4680\" data-end=\"4895\">\n<li data-start=\"4680\" data-end=\"4778\">\n<p data-start=\"4682\" data-end=\"4778\">Wenden Sie sich bitte an unseren Kundenservice und legen Sie einen Kaufbeleg sowie eine Beschreibung des Problems vor.<\/p>\n<\/li>\n<li data-start=\"4779\" data-end=\"4895\">\n<p data-start=\"4781\" data-end=\"4895\">Je nach Produkt kann es erforderlich sein, das Produkt zur \u00dcberpr\u00fcfung an unser autorisiertes Servicecenter zu senden.<\/p>\n<\/li>\n<\/ul>\n<h4 data-start=\"4897\" data-end=\"4921\">4. <strong data-start=\"4905\" data-end=\"4919\">Ausnahmen<\/strong><\/h4>\n<p data-start=\"4922\" data-end=\"4953\">Diese Garantie deckt Folgendes nicht ab:<\/p>\n<ul data-start=\"4954\" data-end=\"5309\">\n<li data-start=\"4954\" data-end=\"5023\">\n<p data-start=\"4956\" data-end=\"5023\"><strong data-start=\"4956\" data-end=\"4977\">Unfallsch\u00e4den<\/strong>Zum Beispiel durch St\u00fcrze, St\u00f6\u00dfe, Wassersch\u00e4den usw.<\/p>\n<\/li>\n<li data-start=\"5024\" data-end=\"5105\">\n<p data-start=\"5026\" data-end=\"5105\"><strong data-start=\"5026\" data-end=\"5042\">Unsachgem\u00e4\u00dfe Verwendung<\/strong>: Wenn das Produkt nicht gem\u00e4\u00df der Bedienungsanleitung verwendet wird.<\/p>\n<\/li>\n<li data-start=\"5106\" data-end=\"5236\">\n<p data-start=\"5108\" data-end=\"5236\"><strong data-start=\"5108\" data-end=\"5138\">Unerlaubte \u00c4nderungen<\/strong>: Wenn das Produkt von einer anderen Person als unserem autorisierten Servicepersonal repariert oder modifiziert wird.<\/p>\n<\/li>\n<li data-start=\"5237\" data-end=\"5309\">\n<p data-start=\"5239\" data-end=\"5309\"><strong data-start=\"5239\" data-end=\"5263\">Normale Abnutzung<\/strong>Zum Beispiel nat\u00fcrlicher Verschlei\u00df durch langfristige Nutzung.<\/p>\n<\/li>\n<\/ul>\n<h4 data-start=\"5311\" data-end=\"5343\">5. <strong data-start=\"5319\" data-end=\"5341\">Garantieverl\u00e4ngerung<\/strong><\/h4>\n<p data-start=\"5344\" data-end=\"5457\">Wenn das Produkt nicht repariert werden kann, bieten wir Ihnen eine <strong data-start=\"5395\" data-end=\"5410\">volle R\u00fcckerstattung<\/strong> oder <strong data-start=\"5414\" data-end=\"5429\">Ersatz<\/strong> w\u00e4hrend der Garantiezeit.<\/p>\n<h4 data-start=\"5459\" data-end=\"5484\">6. <strong data-start=\"5467\" data-end=\"5482\">Sonstige Bedingungen<\/strong><\/h4>\n<ul data-start=\"5485\" data-end=\"5635\">\n<li data-start=\"5485\" data-end=\"5554\">\n<p data-start=\"5487\" data-end=\"5554\">Der Garantieservice steht nur dem urspr\u00fcnglichen K\u00e4ufer zur Verf\u00fcgung.<\/p>\n<\/li>\n<li data-start=\"5555\" data-end=\"5635\">\n<p data-start=\"5557\" data-end=\"5635\">Diese Garantiebestimmungen beeintr\u00e4chtigen nicht Ihre Rechte gem\u00e4\u00df den geltenden Gesetzen.<\/p>\n<\/li>\n<\/ul>","protected":false},"excerpt":{"rendered":"<p>Thank you for purchasing\u00a0Wanatabe products. We offer a limited warranty to ensure the quality of your product. Below are the details of our warranty policy. 1. Warranty Coverage We provide a warranty for new products purchased from us, covering: Defects in materials or workmanship under normal use. 2. Warranty Period The warranty period starts from [&hellip;]<\/p>","protected":false},"author":1,"featured_media":0,"parent":0,"menu_order":0,"comment_status":"closed","ping_status":"closed","template":"","meta":{"_et_pb_use_builder":"","_et_pb_old_content":"","_et_gb_content_width":"","footnotes":""},"class_list":["post-265","page","type-page","status-publish","hentry"],"_links":{"self":[{"href":"https:\/\/soilstabilizermachine.com\/de\/wp-json\/wp\/v2\/pages\/265","targetHints":{"allow":["GET"]}}],"collection":[{"href":"https:\/\/soilstabilizermachine.com\/de\/wp-json\/wp\/v2\/pages"}],"about":[{"href":"https:\/\/soilstabilizermachine.com\/de\/wp-json\/wp\/v2\/types\/page"}],"author":[{"embeddable":true,"href":"https:\/\/soilstabilizermachine.com\/de\/wp-json\/wp\/v2\/users\/1"}],"replies":[{"embeddable":true,"href":"https:\/\/soilstabilizermachine.com\/de\/wp-json\/wp\/v2\/comments?post=265"}],"version-history":[{"count":1,"href":"https:\/\/soilstabilizermachine.com\/de\/wp-json\/wp\/v2\/pages\/265\/revisions"}],"predecessor-version":[{"id":267,"href":"https:\/\/soilstabilizermachine.com\/de\/wp-json\/wp\/v2\/pages\/265\/revisions\/267"}],"wp:attachment":[{"href":"https:\/\/soilstabilizermachine.com\/de\/wp-json\/wp\/v2\/media?parent=265"}],"curies":[{"name":"wp","href":"https:\/\/api.w.org\/{rel}","templated":true}]}}