{"id":265,"date":"2025-11-14T08:39:44","date_gmt":"2025-11-14T08:39:44","guid":{"rendered":"https:\/\/soilstabilizermachine.com\/?page_id=265"},"modified":"2025-11-14T08:39:44","modified_gmt":"2025-11-14T08:39:44","slug":"warranty-policy","status":"publish","type":"page","link":"https:\/\/soilstabilizermachine.com\/cs\/warranty-policy\/","title":{"rendered":"Z\u00e1ru\u010dn\u00ed podm\u00ednky"},"content":{"rendered":"<p data-start=\"4067\" data-end=\"4238\">D\u011bkujeme v\u00e1m za zakoupen\u00ed produkt\u016f Wanatabe. Nab\u00edz\u00edme omezenou z\u00e1ruku, abychom zaru\u010dili kvalitu va\u0161eho produktu. N\u00ed\u017ee jsou uvedeny podrobnosti o na\u0161ich z\u00e1ru\u010dn\u00edch podm\u00ednk\u00e1ch.<\/p>\n<h4 data-start=\"4240\" data-end=\"4271\">1. <strong data-start=\"4248\" data-end=\"4269\">Z\u00e1ru\u010dn\u00ed kryt\u00ed<\/strong><\/h4>\n<p data-start=\"4272\" data-end=\"4345\">Poskytujeme z\u00e1ruku na <strong data-start=\"4298\" data-end=\"4314\">nov\u00e9 produkty<\/strong> zakoupen\u00e9 u n\u00e1s, zahrnuj\u00edc\u00ed:<\/p>\n<ul data-start=\"4346\" data-end=\"4401\">\n<li data-start=\"4346\" data-end=\"4401\">\n<p data-start=\"4348\" data-end=\"4401\">Vady materi\u00e1lu nebo zpracov\u00e1n\u00ed p\u0159i b\u011b\u017en\u00e9m pou\u017e\u00edv\u00e1n\u00ed.<\/p>\n<\/li>\n<\/ul>\n<h4 data-start=\"4403\" data-end=\"4432\">2. <strong data-start=\"4411\" data-end=\"4430\">Z\u00e1ru\u010dn\u00ed doba<\/strong><\/h4>\n<p data-start=\"4433\" data-end=\"4589\">Z\u00e1ru\u010dn\u00ed doba za\u010d\u00edn\u00e1 b\u011b\u017eet datem n\u00e1kupu. B\u011bhem z\u00e1ru\u010dn\u00ed doby, pokud je v\u00fdrobek vadn\u00fd, nab\u00edz\u00edme opravu nebo v\u00fdm\u011bnu.<\/p>\n<h4 data-start=\"4591\" data-end=\"4621\">3. <strong data-start=\"4599\" data-end=\"4619\">Z\u00e1ru\u010dn\u00ed servis<\/strong><\/h4>\n<p data-start=\"4622\" data-end=\"4679\">Chcete-li po\u017e\u00e1dat o z\u00e1ru\u010dn\u00ed servis, postupujte pros\u00edm takto:<\/p>\n<ul data-start=\"4680\" data-end=\"4895\">\n<li data-start=\"4680\" data-end=\"4778\">\n<p data-start=\"4682\" data-end=\"4778\">Kontaktujte n\u00e1\u0161 z\u00e1kaznick\u00fd servis a poskytn\u011bte doklad o koupi a popis probl\u00e9mu.<\/p>\n<\/li>\n<li data-start=\"4779\" data-end=\"4895\">\n<p data-start=\"4781\" data-end=\"4895\">V z\u00e1vislosti na produktu m\u016f\u017eete b\u00fdt po\u017e\u00e1d\u00e1ni o zasl\u00e1n\u00ed produktu do na\u0161eho autorizovan\u00e9ho servisn\u00edho st\u0159ediska k proveden\u00ed kontroly.<\/p>\n<\/li>\n<\/ul>\n<h4 data-start=\"4897\" data-end=\"4921\">4. <strong data-start=\"4905\" data-end=\"4919\">V\u00fdjimky<\/strong><\/h4>\n<p data-start=\"4922\" data-end=\"4953\">Tato z\u00e1ruka se nevztahuje na:<\/p>\n<ul data-start=\"4954\" data-end=\"5309\">\n<li data-start=\"4954\" data-end=\"5023\">\n<p data-start=\"4956\" data-end=\"5023\"><strong data-start=\"4956\" data-end=\"4977\">N\u00e1hodn\u00e9 po\u0161kozen\u00ed<\/strong>Nap\u0159\u00edklad p\u00e1dy, n\u00e1razy, po\u0161kozen\u00ed vodou atd.<\/p>\n<\/li>\n<li data-start=\"5024\" data-end=\"5105\">\n<p data-start=\"5026\" data-end=\"5105\"><strong data-start=\"5026\" data-end=\"5042\">Nespr\u00e1vn\u00e9 pou\u017eit\u00ed<\/strong>: Pokud se v\u00fdrobek nepou\u017e\u00edv\u00e1 v souladu s n\u00e1vodem k pou\u017eit\u00ed.<\/p>\n<\/li>\n<li data-start=\"5106\" data-end=\"5236\">\n<p data-start=\"5108\" data-end=\"5236\"><strong data-start=\"5108\" data-end=\"5138\">Neopr\u00e1vn\u011bn\u00e9 \u00fapravy<\/strong>: Pokud je v\u00fdrobek opraven nebo upraven jinou osobou ne\u017e na\u0161\u00edm autorizovan\u00fdm servisn\u00edm technikem.<\/p>\n<\/li>\n<li data-start=\"5237\" data-end=\"5309\">\n<p data-start=\"5239\" data-end=\"5309\"><strong data-start=\"5239\" data-end=\"5263\">B\u011b\u017en\u00e9 opot\u0159eben\u00ed<\/strong>Nap\u0159\u00edklad p\u0159irozen\u00e9 opot\u0159eben\u00ed v d\u016fsledku dlouhodob\u00e9ho pou\u017e\u00edv\u00e1n\u00ed.<\/p>\n<\/li>\n<\/ul>\n<h4 data-start=\"5311\" data-end=\"5343\">5. <strong data-start=\"5319\" data-end=\"5341\">Prodlou\u017een\u00ed z\u00e1ruky<\/strong><\/h4>\n<p data-start=\"5344\" data-end=\"5457\">Pokud nelze v\u00fdrobek opravit, nab\u00eddneme v\u00e1m <strong data-start=\"5395\" data-end=\"5410\">pln\u00e1 n\u00e1hrada<\/strong> nebo <strong data-start=\"5414\" data-end=\"5429\">nahrazen\u00ed<\/strong> b\u011bhem z\u00e1ru\u010dn\u00ed doby.<\/p>\n<h4 data-start=\"5459\" data-end=\"5484\">6. <strong data-start=\"5467\" data-end=\"5482\">Dal\u0161\u00ed podm\u00ednky<\/strong><\/h4>\n<ul data-start=\"5485\" data-end=\"5635\">\n<li data-start=\"5485\" data-end=\"5554\">\n<p data-start=\"5487\" data-end=\"5554\">Z\u00e1ru\u010dn\u00ed servis je k dispozici pouze p\u016fvodn\u00edmu kupuj\u00edc\u00edmu.<\/p>\n<\/li>\n<li data-start=\"5555\" data-end=\"5635\">\n<p data-start=\"5557\" data-end=\"5635\">Tato z\u00e1ru\u010dn\u00ed politika nem\u00e1 vliv na \u017e\u00e1dn\u00e1 pr\u00e1va, kter\u00e1 v\u00e1m mohou n\u00e1le\u017eet podle m\u00edstn\u00edch z\u00e1kon\u016f.<\/p>\n<\/li>\n<\/ul>","protected":false},"excerpt":{"rendered":"<p>Thank you for purchasing\u00a0Wanatabe products. We offer a limited warranty to ensure the quality of your product. Below are the details of our warranty policy. 1. Warranty Coverage We provide a warranty for new products purchased from us, covering: Defects in materials or workmanship under normal use. 2. Warranty Period The warranty period starts from [&hellip;]<\/p>","protected":false},"author":1,"featured_media":0,"parent":0,"menu_order":0,"comment_status":"closed","ping_status":"closed","template":"","meta":{"_et_pb_use_builder":"","_et_pb_old_content":"","_et_gb_content_width":"","footnotes":""},"class_list":["post-265","page","type-page","status-publish","hentry"],"_links":{"self":[{"href":"https:\/\/soilstabilizermachine.com\/cs\/wp-json\/wp\/v2\/pages\/265","targetHints":{"allow":["GET"]}}],"collection":[{"href":"https:\/\/soilstabilizermachine.com\/cs\/wp-json\/wp\/v2\/pages"}],"about":[{"href":"https:\/\/soilstabilizermachine.com\/cs\/wp-json\/wp\/v2\/types\/page"}],"author":[{"embeddable":true,"href":"https:\/\/soilstabilizermachine.com\/cs\/wp-json\/wp\/v2\/users\/1"}],"replies":[{"embeddable":true,"href":"https:\/\/soilstabilizermachine.com\/cs\/wp-json\/wp\/v2\/comments?post=265"}],"version-history":[{"count":1,"href":"https:\/\/soilstabilizermachine.com\/cs\/wp-json\/wp\/v2\/pages\/265\/revisions"}],"predecessor-version":[{"id":267,"href":"https:\/\/soilstabilizermachine.com\/cs\/wp-json\/wp\/v2\/pages\/265\/revisions\/267"}],"wp:attachment":[{"href":"https:\/\/soilstabilizermachine.com\/cs\/wp-json\/wp\/v2\/media?parent=265"}],"curies":[{"name":"wp","href":"https:\/\/api.w.org\/{rel}","templated":true}]}}