{"id":264,"date":"2025-11-14T08:39:14","date_gmt":"2025-11-14T08:39:14","guid":{"rendered":"https:\/\/soilstabilizermachine.com\/?page_id=264"},"modified":"2025-11-14T08:54:40","modified_gmt":"2025-11-14T08:54:40","slug":"terms-of-service","status":"publish","type":"page","link":"https:\/\/soilstabilizermachine.com\/cs\/terms-of-service\/","title":{"rendered":"Podm\u00ednky slu\u017eby"},"content":{"rendered":"<p data-start=\"2094\" data-end=\"2313\">V\u00edtejte na webov\u00fdch str\u00e1nk\u00e1ch Wanatabe. P\u0159ed pou\u017eit\u00edm na\u0161ich webov\u00fdch str\u00e1nek nebo jak\u00fdchkoli slu\u017eeb si pros\u00edm p\u0159e\u010dt\u011bte a souhlaste s n\u00e1sleduj\u00edc\u00edmi podm\u00ednkami. Pokud s t\u011bmito podm\u00ednkami nesouhlas\u00edte, pros\u00edm, na\u0161e slu\u017eby nepou\u017e\u00edvejte.<\/p>\n<h4 data-start=\"2315\" data-end=\"2343\">1. <strong data-start=\"2323\" data-end=\"2341\">Licence k u\u017e\u00edv\u00e1n\u00ed<\/strong><\/h4>\n<p data-start=\"2344\" data-end=\"2615\">Ud\u011blujeme v\u00e1m omezenou, nev\u00fdhradn\u00ed a nep\u0159enosnou licenci k u\u017e\u00edv\u00e1n\u00ed slu\u017eeb poskytovan\u00fdch na t\u011bchto webov\u00fdch str\u00e1nk\u00e1ch pro z\u00e1konn\u00e9 \u00fa\u010dely a v souladu s platn\u00fdmi z\u00e1kony a p\u0159edpisy. Slu\u017eby nesm\u00edte pou\u017e\u00edvat k \u017e\u00e1dn\u00fdm nez\u00e1konn\u00fdm, podvodn\u00fdm nebo \u0161kodliv\u00fdm \u010dinnostem.<\/p>\n<h4 data-start=\"2617\" data-end=\"2660\">2. <strong data-start=\"2625\" data-end=\"2658\">Vytvo\u0159en\u00ed \u00fa\u010dtu a zabezpe\u010den\u00ed<\/strong><\/h4>\n<p data-start=\"2661\" data-end=\"2895\">Abyste mohli pou\u017e\u00edvat ur\u010dit\u00e9 funkce, m\u016f\u017ee b\u00fdt nutn\u00e9 vytvo\u0159it si \u00fa\u010det. Mus\u00edte poskytnout p\u0159esn\u00e9 a \u00fapln\u00e9 registra\u010dn\u00ed \u00fadaje a udr\u017eovat je aktu\u00e1ln\u00ed. Jste zodpov\u011bdn\u00ed za zabezpe\u010den\u00ed a pou\u017e\u00edv\u00e1n\u00ed sv\u00e9ho \u00fa\u010dtu, v\u010detn\u011b ochrany heslem.<\/p>\n<h4 data-start=\"2897\" data-end=\"2924\">3. <strong data-start=\"2905\" data-end=\"2922\">Platebn\u00ed podm\u00ednky<\/strong><\/h4>\n<p data-start=\"2925\" data-end=\"3085\">Pokud si z na\u0161ich webov\u00fdch str\u00e1nek zakoup\u00edte produkty nebo slu\u017eby, souhlas\u00edte s \u00fahradou odpov\u00eddaj\u00edc\u00edch poplatk\u016f. Platby mohou b\u00fdt zpracov\u00e1v\u00e1ny prost\u0159ednictv\u00edm platebn\u00edch platforem t\u0159et\u00edch stran.<\/p>\n<h4 data-start=\"3087\" data-end=\"3122\">4. <strong data-start=\"3095\" data-end=\"3120\">Du\u0161evn\u00ed vlastnictv\u00ed<\/strong><\/h4>\n<p data-start=\"3123\" data-end=\"3381\">Ve\u0161ker\u00fd obsah webov\u00fdch str\u00e1nek, v\u010detn\u011b textu, obr\u00e1zk\u016f, log a vide\u00ed, je majetkem spole\u010dnosti Wanatabe nebo jej\u00edch poskytovatel\u016f licenc\u00ed a je chr\u00e1n\u011bn autorsk\u00fdm pr\u00e1vem. Tento obsah nesm\u00edte kop\u00edrovat, upravovat ani \u0161\u00ed\u0159it bez povolen\u00ed.<\/p>\n<h4 data-start=\"3383\" data-end=\"3420\">5. <strong data-start=\"3391\" data-end=\"3418\">Omezen\u00ed odpov\u011bdnosti<\/strong><\/h4>\n<p data-start=\"3421\" data-end=\"3601\">Neneseme odpov\u011bdnost za \u017e\u00e1dn\u00e9 p\u0159\u00edm\u00e9 ani nep\u0159\u00edm\u00e9 \u0161kody vznikl\u00e9 v d\u016fsledku pou\u017e\u00edv\u00e1n\u00ed na\u0161ich webov\u00fdch str\u00e1nek nebo slu\u017eeb, v\u010detn\u011b, ale nikoli v\u00fdhradn\u011b, selh\u00e1n\u00ed za\u0159\u00edzen\u00ed, ztr\u00e1ty dat nebo u\u0161l\u00e9ho zisku.<\/p>\n<h4 data-start=\"3603\" data-end=\"3635\">6. <strong data-start=\"3611\" data-end=\"3633\">\u0158e\u0161en\u00ed spor\u016f<\/strong><\/h4>\n<p data-start=\"3636\" data-end=\"3819\">Ve\u0161ker\u00e9 spory vypl\u00fdvaj\u00edc\u00ed z t\u00e9to smlouvy budou \u0159e\u0161eny sm\u00edrnou cestou. Pokud jedn\u00e1n\u00ed sel\u017eou, souhlas\u00edte s t\u00edm, \u017ee spor p\u0159edlo\u017e\u00edte soudu ve Wanatabe.<\/p>\n<h4 data-start=\"3821\" data-end=\"3857\">7. <strong data-start=\"3829\" data-end=\"3855\">Zm\u011bny podm\u00ednek<\/strong><\/h4>\n<p data-start=\"3858\" data-end=\"4007\">Vyhrazujeme si pr\u00e1vo kdykoli zm\u011bnit tyto podm\u00ednky slu\u017eby. Aktualizovan\u00e9 podm\u00ednky budou zve\u0159ejn\u011bny na t\u011bchto webov\u00fdch str\u00e1nk\u00e1ch a okam\u017eit\u011b nabudou \u00fa\u010dinnosti.<\/p>","protected":false},"excerpt":{"rendered":"<p>Welcome to the Wanatabe website. Please read and agree to the following terms and conditions before using our website or any services. If you do not agree with these terms, please do not use our services. 1. License to Use We grant you a limited, non-exclusive, and non-transferable license to use the services provided on [&hellip;]<\/p>","protected":false},"author":1,"featured_media":0,"parent":0,"menu_order":0,"comment_status":"closed","ping_status":"closed","template":"","meta":{"_et_pb_use_builder":"","_et_pb_old_content":"","_et_gb_content_width":"","footnotes":""},"class_list":["post-264","page","type-page","status-publish","hentry"],"_links":{"self":[{"href":"https:\/\/soilstabilizermachine.com\/cs\/wp-json\/wp\/v2\/pages\/264","targetHints":{"allow":["GET"]}}],"collection":[{"href":"https:\/\/soilstabilizermachine.com\/cs\/wp-json\/wp\/v2\/pages"}],"about":[{"href":"https:\/\/soilstabilizermachine.com\/cs\/wp-json\/wp\/v2\/types\/page"}],"author":[{"embeddable":true,"href":"https:\/\/soilstabilizermachine.com\/cs\/wp-json\/wp\/v2\/users\/1"}],"replies":[{"embeddable":true,"href":"https:\/\/soilstabilizermachine.com\/cs\/wp-json\/wp\/v2\/comments?post=264"}],"version-history":[{"count":2,"href":"https:\/\/soilstabilizermachine.com\/cs\/wp-json\/wp\/v2\/pages\/264\/revisions"}],"predecessor-version":[{"id":275,"href":"https:\/\/soilstabilizermachine.com\/cs\/wp-json\/wp\/v2\/pages\/264\/revisions\/275"}],"wp:attachment":[{"href":"https:\/\/soilstabilizermachine.com\/cs\/wp-json\/wp\/v2\/media?parent=264"}],"curies":[{"name":"wp","href":"https:\/\/api.w.org\/{rel}","templated":true}]}}