{"id":261,"date":"2025-11-14T08:38:45","date_gmt":"2025-11-14T08:38:45","guid":{"rendered":"https:\/\/soilstabilizermachine.com\/?page_id=261"},"modified":"2025-11-14T08:38:45","modified_gmt":"2025-11-14T08:38:45","slug":"privacy-policy-2","status":"publish","type":"page","link":"https:\/\/soilstabilizermachine.com\/cs\/privacy-policy-2\/","title":{"rendered":"Z\u00e1sady ochrany osobn\u00edch \u00fadaj\u016f"},"content":{"rendered":"<p data-start=\"214\" data-end=\"488\">V\u00edtejte ve Watanabe. V\u00e1\u017e\u00edme si va\u0161eho soukrom\u00ed a zavazujeme se chr\u00e1nit va\u0161e osobn\u00ed \u00fadaje. P\u0159e\u010dt\u011bte si pros\u00edm n\u00e1sleduj\u00edc\u00ed z\u00e1sady ochrany osobn\u00edch \u00fadaj\u016f, abyste pochopili, jak shroma\u017e\u010fujeme, pou\u017e\u00edv\u00e1me, ukl\u00e1d\u00e1me a chr\u00e1n\u00edme va\u0161e osobn\u00ed \u00fadaje.<\/p>\n<h4 data-start=\"490\" data-end=\"526\">1. <strong data-start=\"498\" data-end=\"524\">Informace, kter\u00e9 shroma\u017e\u010fujeme<\/strong><\/h4>\n<p data-start=\"527\" data-end=\"584\">Shroma\u017e\u010fujeme n\u00e1sleduj\u00edc\u00ed typy osobn\u00edch \u00fadaj\u016f:<\/p>\n<ul data-start=\"585\" data-end=\"814\">\n<li data-start=\"585\" data-end=\"654\">\n<p data-start=\"587\" data-end=\"654\"><strong data-start=\"587\" data-end=\"611\">Informace o toto\u017enosti<\/strong>Jm\u00e9no, e-mailov\u00e1 adresa, telefonn\u00ed \u010d\u00edslo atd.<\/p>\n<\/li>\n<li data-start=\"655\" data-end=\"726\">\n<p data-start=\"657\" data-end=\"726\"><strong data-start=\"657\" data-end=\"680\">Platebn\u00ed informace<\/strong>\u00dadaje o kreditn\u00ed kart\u011b, faktura\u010dn\u00ed adresa atd.<\/p>\n<\/li>\n<li data-start=\"727\" data-end=\"814\">\n<p data-start=\"729\" data-end=\"814\"><strong data-start=\"729\" data-end=\"743\">\u00dadaje o u\u017e\u00edv\u00e1n\u00ed<\/strong>Typ za\u0159\u00edzen\u00ed, typ prohl\u00ed\u017ee\u010de, IP adresa, nav\u0161t\u00edven\u00e9 str\u00e1nky, \u010dasov\u00e9 raz\u00edtko atd.<\/p>\n<\/li>\n<\/ul>\n<h4 data-start=\"816\" data-end=\"857\">2. <strong data-start=\"824\" data-end=\"855\">Jak pou\u017e\u00edv\u00e1me va\u0161e informace<\/strong><\/h4>\n<p data-start=\"858\" data-end=\"897\">Informace, kter\u00e9 shroma\u017e\u010fujeme, pou\u017e\u00edv\u00e1me k:<\/p>\n<ul data-start=\"898\" data-end=\"1166\">\n<li data-start=\"898\" data-end=\"959\">\n<p data-start=\"900\" data-end=\"959\">Poskytovat, udr\u017eovat a vylep\u0161ovat na\u0161e produkty a slu\u017eby.<\/p>\n<\/li>\n<li data-start=\"960\" data-end=\"997\">\n<p data-start=\"962\" data-end=\"997\">Zpracujte sv\u00e9 objedn\u00e1vky a platby.<\/p>\n<\/li>\n<li data-start=\"998\" data-end=\"1084\">\n<p data-start=\"1000\" data-end=\"1084\">Komunikovat s v\u00e1mi, v\u010detn\u011b zas\u00edl\u00e1n\u00ed d\u016fle\u017eit\u00fdch informac\u00ed o \u00fa\u010dtu a aktualizac\u00ed.<\/p>\n<\/li>\n<li data-start=\"1085\" data-end=\"1166\">\n<p data-start=\"1087\" data-end=\"1166\">Poskytovat v\u00e1m p\u0159izp\u016fsoben\u00fd obsah a reklamy na z\u00e1klad\u011b va\u0161ich z\u00e1jm\u016f.<\/p>\n<\/li>\n<\/ul>\n<h4 data-start=\"1168\" data-end=\"1204\">3. <strong data-start=\"1176\" data-end=\"1202\">Sd\u00edlen\u00ed informac\u00ed<\/strong><\/h4>\n<p data-start=\"1205\" data-end=\"1338\">Va\u0161e osobn\u00ed \u00fadaje neprod\u00e1v\u00e1me t\u0159et\u00edm stran\u00e1m. Va\u0161e informace m\u016f\u017eeme sd\u00edlet s n\u00e1sleduj\u00edc\u00edmi typy t\u0159et\u00edch stran:<\/p>\n<ul data-start=\"1339\" data-end=\"1541\">\n<li data-start=\"1339\" data-end=\"1461\">\n<p data-start=\"1341\" data-end=\"1461\"><strong data-start=\"1341\" data-end=\"1362\">Poskytovatel\u00e9 slu\u017eeb<\/strong>Spole\u010dnosti t\u0159et\u00edch stran, kter\u00e9 n\u00e1m pom\u00e1haj\u00ed se slu\u017ebami, jako je zpracov\u00e1n\u00ed plateb, ukl\u00e1d\u00e1n\u00ed dat atd.<\/p>\n<\/li>\n<li data-start=\"1462\" data-end=\"1541\">\n<p data-start=\"1464\" data-end=\"1541\"><strong data-start=\"1464\" data-end=\"1486\">Pr\u00e1vn\u00ed po\u017eadavky<\/strong>Pokud to vy\u017eaduje z\u00e1kon, m\u016f\u017eeme va\u0161e informace zve\u0159ejnit.<\/p>\n<\/li>\n<\/ul>\n<h4 data-start=\"1543\" data-end=\"1572\">4. <strong data-start=\"1551\" data-end=\"1570\">Ochrana osobn\u00edch \u00fadaj\u016f<\/strong><\/h4>\n<p data-start=\"1573\" data-end=\"1712\">Pou\u017e\u00edv\u00e1me vhodn\u00e1 technick\u00e1 a organiza\u010dn\u00ed opat\u0159en\u00ed k ochran\u011b va\u0161ich osobn\u00edch \u00fadaj\u016f p\u0159ed neopr\u00e1vn\u011bn\u00fdm p\u0159\u00edstupem, pou\u017eit\u00edm nebo zve\u0159ejn\u011bn\u00edm.<\/p>\n<h4 data-start=\"1714\" data-end=\"1739\">5. <strong data-start=\"1722\" data-end=\"1737\">Va\u0161e pr\u00e1va<\/strong><\/h4>\n<p data-start=\"1740\" data-end=\"1865\">M\u00e1te pr\u00e1vo na p\u0159\u00edstup ke sv\u00fdm osobn\u00edm \u00fadaj\u016fm, na jejich opravu nebo smaz\u00e1n\u00ed. Pokud si p\u0159ejete tato pr\u00e1va uplatnit, kontaktujte n\u00e1s.<\/p>\n<h4 data-start=\"1867\" data-end=\"1888\">6. <strong data-start=\"1875\" data-end=\"1886\">Aktualizace<\/strong><\/h4>\n<p data-start=\"1889\" data-end=\"2033\">Tyto z\u00e1sady ochrany osobn\u00edch \u00fadaj\u016f m\u016f\u017eeme \u010das od \u010dasu aktualizovat. Aktualizovan\u00e9 z\u00e1sady ochrany osobn\u00edch \u00fadaj\u016f budou zve\u0159ejn\u011bny na t\u00e9to str\u00e1nce s aktualizovan\u00fdm datem \u201ePosledn\u00ed aktualizace\u201c.<\/p>","protected":false},"excerpt":{"rendered":"<p>Welcome to Watanabe. We value your privacy and are committed to protecting your personal information. Please read the following privacy policy to understand how we collect, use, store, and protect your personal data. 1. Information We Collect We collect the following types of personal information: Identity Information: Name, email address, phone number, etc. Payment Information: [&hellip;]<\/p>","protected":false},"author":1,"featured_media":0,"parent":0,"menu_order":0,"comment_status":"closed","ping_status":"closed","template":"","meta":{"_et_pb_use_builder":"","_et_pb_old_content":"","_et_gb_content_width":"","footnotes":""},"class_list":["post-261","page","type-page","status-publish","hentry"],"_links":{"self":[{"href":"https:\/\/soilstabilizermachine.com\/cs\/wp-json\/wp\/v2\/pages\/261","targetHints":{"allow":["GET"]}}],"collection":[{"href":"https:\/\/soilstabilizermachine.com\/cs\/wp-json\/wp\/v2\/pages"}],"about":[{"href":"https:\/\/soilstabilizermachine.com\/cs\/wp-json\/wp\/v2\/types\/page"}],"author":[{"embeddable":true,"href":"https:\/\/soilstabilizermachine.com\/cs\/wp-json\/wp\/v2\/users\/1"}],"replies":[{"embeddable":true,"href":"https:\/\/soilstabilizermachine.com\/cs\/wp-json\/wp\/v2\/comments?post=261"}],"version-history":[{"count":2,"href":"https:\/\/soilstabilizermachine.com\/cs\/wp-json\/wp\/v2\/pages\/261\/revisions"}],"predecessor-version":[{"id":263,"href":"https:\/\/soilstabilizermachine.com\/cs\/wp-json\/wp\/v2\/pages\/261\/revisions\/263"}],"wp:attachment":[{"href":"https:\/\/soilstabilizermachine.com\/cs\/wp-json\/wp\/v2\/media?parent=261"}],"curies":[{"name":"wp","href":"https:\/\/api.w.org\/{rel}","templated":true}]}}