{"id":264,"date":"2025-11-14T08:39:14","date_gmt":"2025-11-14T08:39:14","guid":{"rendered":"https:\/\/soilstabilizermachine.com\/?page_id=264"},"modified":"2025-11-14T08:54:40","modified_gmt":"2025-11-14T08:54:40","slug":"terms-of-service","status":"publish","type":"page","link":"https:\/\/soilstabilizermachine.com\/ca\/terms-of-service\/","title":{"rendered":"Condicions del servei"},"content":{"rendered":"<p data-start=\"2094\" data-end=\"2313\">Benvingut al lloc web de Wanatabe. Si us plau, llegiu i accepteu els termes i condicions seg\u00fcents abans d'utilitzar el nostre lloc web o qualsevol servei. Si no esteu d'acord amb aquests termes, si us plau, no utilitzeu els nostres serveis.<\/p>\n<h4 data-start=\"2315\" data-end=\"2343\">1. <strong data-start=\"2323\" data-end=\"2341\">Llic\u00e8ncia d'\u00fas<\/strong><\/h4>\n<p data-start=\"2344\" data-end=\"2615\">Us concedim una llic\u00e8ncia limitada, no exclusiva i intransferible per utilitzar els serveis proporcionats en aquest lloc web amb finalitats leg\u00edtimes i d'acord amb les lleis i regulacions aplicables. No podeu utilitzar els serveis per a cap activitat il\u00b7legal, fraudulenta o maliciosa.<\/p>\n<h4 data-start=\"2617\" data-end=\"2660\">2. <strong data-start=\"2625\" data-end=\"2658\">Creaci\u00f3 de comptes i seguretat<\/strong><\/h4>\n<p data-start=\"2661\" data-end=\"2895\">Per utilitzar certes funcions, \u00e9s possible que h\u00e0giu de crear un compte. Heu de proporcionar informaci\u00f3 de registre precisa i completa i mantenir-la actualitzada. Sou responsable de la seguretat i l'\u00fas del vostre compte, inclosa la protecci\u00f3 amb contrasenya.<\/p>\n<h4 data-start=\"2897\" data-end=\"2924\">3. <strong data-start=\"2905\" data-end=\"2922\">Condicions de pagament<\/strong><\/h4>\n<p data-start=\"2925\" data-end=\"3085\">Si compres productes o serveis des del nostre lloc web, acceptes pagar les tarifes corresponents. Els pagaments es poden processar a trav\u00e9s de plataformes de pagament de tercers.<\/p>\n<h4 data-start=\"3087\" data-end=\"3122\">4. <strong data-start=\"3095\" data-end=\"3120\">Propietat intel\u00b7lectual<\/strong><\/h4>\n<p data-start=\"3123\" data-end=\"3381\">Tot el contingut del lloc web, incloent-hi, entre d'altres, text, imatges, logotips i v\u00eddeos, \u00e9s propietat de Wanatabe o dels seus llicenciadors i est\u00e0 protegit per les lleis de drets d'autor. No podeu copiar, modificar ni distribuir aquest contingut sense perm\u00eds.<\/p>\n<h4 data-start=\"3383\" data-end=\"3420\">5. <strong data-start=\"3391\" data-end=\"3418\">Limitaci\u00f3 de responsabilitat<\/strong><\/h4>\n<p data-start=\"3421\" data-end=\"3601\">No som responsables de cap dany directe o indirecte derivat de l'\u00fas del nostre lloc web o serveis, incloent-hi, entre d'altres, fallades de l'equip, p\u00e8rdua de dades o p\u00e8rdua de beneficis.<\/p>\n<h4 data-start=\"3603\" data-end=\"3635\">6. <strong data-start=\"3611\" data-end=\"3633\">Resoluci\u00f3 de conflictes<\/strong><\/h4>\n<p data-start=\"3636\" data-end=\"3819\">Qualsevol controv\u00e8rsia derivada d'aquest acord es resoldr\u00e0 mitjan\u00e7ant negociaci\u00f3 amistosa. Si les negociacions fracassen, vost\u00e8 accepta sotmetre la controv\u00e8rsia als tribunals de Wanatabe.<\/p>\n<h4 data-start=\"3821\" data-end=\"3857\">7. <strong data-start=\"3829\" data-end=\"3855\">Modificacions de les Condicions<\/strong><\/h4>\n<p data-start=\"3858\" data-end=\"4007\">Ens reservem el dret de modificar aquestes condicions del servei en qualsevol moment. Les condicions actualitzades es publicaran en aquest lloc web i entraran en vigor immediatament.<\/p>","protected":false},"excerpt":{"rendered":"<p>Welcome to the Wanatabe website. Please read and agree to the following terms and conditions before using our website or any services. If you do not agree with these terms, please do not use our services. 1. License to Use We grant you a limited, non-exclusive, and non-transferable license to use the services provided on [&hellip;]<\/p>","protected":false},"author":1,"featured_media":0,"parent":0,"menu_order":0,"comment_status":"closed","ping_status":"closed","template":"","meta":{"_et_pb_use_builder":"","_et_pb_old_content":"","_et_gb_content_width":"","footnotes":""},"class_list":["post-264","page","type-page","status-publish","hentry"],"_links":{"self":[{"href":"https:\/\/soilstabilizermachine.com\/ca\/wp-json\/wp\/v2\/pages\/264","targetHints":{"allow":["GET"]}}],"collection":[{"href":"https:\/\/soilstabilizermachine.com\/ca\/wp-json\/wp\/v2\/pages"}],"about":[{"href":"https:\/\/soilstabilizermachine.com\/ca\/wp-json\/wp\/v2\/types\/page"}],"author":[{"embeddable":true,"href":"https:\/\/soilstabilizermachine.com\/ca\/wp-json\/wp\/v2\/users\/1"}],"replies":[{"embeddable":true,"href":"https:\/\/soilstabilizermachine.com\/ca\/wp-json\/wp\/v2\/comments?post=264"}],"version-history":[{"count":2,"href":"https:\/\/soilstabilizermachine.com\/ca\/wp-json\/wp\/v2\/pages\/264\/revisions"}],"predecessor-version":[{"id":275,"href":"https:\/\/soilstabilizermachine.com\/ca\/wp-json\/wp\/v2\/pages\/264\/revisions\/275"}],"wp:attachment":[{"href":"https:\/\/soilstabilizermachine.com\/ca\/wp-json\/wp\/v2\/media?parent=264"}],"curies":[{"name":"wp","href":"https:\/\/api.w.org\/{rel}","templated":true}]}}