{"id":261,"date":"2025-11-14T08:38:45","date_gmt":"2025-11-14T08:38:45","guid":{"rendered":"https:\/\/soilstabilizermachine.com\/?page_id=261"},"modified":"2025-11-14T08:38:45","modified_gmt":"2025-11-14T08:38:45","slug":"privacy-policy-2","status":"publish","type":"page","link":"https:\/\/soilstabilizermachine.com\/bs\/privacy-policy-2\/","title":{"rendered":"Politika privatnosti"},"content":{"rendered":"<p data-start=\"214\" data-end=\"488\">Dobrodo\u0161li u Watanabe. Cijenimo va\u0161u privatnost i posve\u0107eni smo za\u0161titi va\u0161ih li\u010dnih podataka. Molimo vas da pro\u010ditate sljede\u0107u politiku privatnosti kako biste razumjeli kako prikupljamo, koristimo, pohranjujemo i \u0161titimo va\u0161e li\u010dne podatke.<\/p>\n<h4 data-start=\"490\" data-end=\"526\">1. <strong data-start=\"498\" data-end=\"524\">Informacije koje prikupljamo<\/strong><\/h4>\n<p data-start=\"527\" data-end=\"584\">Prikupljamo sljede\u0107e vrste li\u010dnih podataka:<\/p>\n<ul data-start=\"585\" data-end=\"814\">\n<li data-start=\"585\" data-end=\"654\">\n<p data-start=\"587\" data-end=\"654\"><strong data-start=\"587\" data-end=\"611\">Podaci o identitetu<\/strong>Ime, adresa e-po\u0161te, broj telefona itd.<\/p>\n<\/li>\n<li data-start=\"655\" data-end=\"726\">\n<p data-start=\"657\" data-end=\"726\"><strong data-start=\"657\" data-end=\"680\">Informacije o pla\u0107anju<\/strong>Podaci o kreditnoj kartici, adresa za naplatu itd.<\/p>\n<\/li>\n<li data-start=\"727\" data-end=\"814\">\n<p data-start=\"729\" data-end=\"814\"><strong data-start=\"729\" data-end=\"743\">Podaci o kori\u0161tenju<\/strong>Tip ure\u0111aja, tip preglednika, IP adresa, posje\u0107ene stranice, vremenska oznaka itd.<\/p>\n<\/li>\n<\/ul>\n<h4 data-start=\"816\" data-end=\"857\">2. <strong data-start=\"824\" data-end=\"855\">Kako koristimo va\u0161e podatke<\/strong><\/h4>\n<p data-start=\"858\" data-end=\"897\">Prikupljene informacije koristimo za:<\/p>\n<ul data-start=\"898\" data-end=\"1166\">\n<li data-start=\"898\" data-end=\"959\">\n<p data-start=\"900\" data-end=\"959\">Pru\u017eamo, odr\u017eavamo i pobolj\u0161avamo na\u0161e proizvode i usluge.<\/p>\n<\/li>\n<li data-start=\"960\" data-end=\"997\">\n<p data-start=\"962\" data-end=\"997\">Obradite svoje narud\u017ebe i pla\u0107anja.<\/p>\n<\/li>\n<li data-start=\"998\" data-end=\"1084\">\n<p data-start=\"1000\" data-end=\"1084\">Komunikacija s vama, uklju\u010duju\u0107i slanje va\u017enih informacija o ra\u010dunu i a\u017euriranja.<\/p>\n<\/li>\n<li data-start=\"1085\" data-end=\"1166\">\n<p data-start=\"1087\" data-end=\"1166\">Pru\u017eiti vam prilago\u0111eni sadr\u017eaj i oglase na osnovu va\u0161ih interesa.<\/p>\n<\/li>\n<\/ul>\n<h4 data-start=\"1168\" data-end=\"1204\">3. <strong data-start=\"1176\" data-end=\"1202\">Dijeljenje informacija<\/strong><\/h4>\n<p data-start=\"1205\" data-end=\"1338\">Ne prodajemo va\u0161e li\u010dne podatke tre\u0107im stranama. Mo\u017eemo podijeliti va\u0161e podatke sa sljede\u0107im vrstama tre\u0107ih strana:<\/p>\n<ul data-start=\"1339\" data-end=\"1541\">\n<li data-start=\"1339\" data-end=\"1461\">\n<p data-start=\"1341\" data-end=\"1461\"><strong data-start=\"1341\" data-end=\"1362\">Pru\u017eatelji usluga<\/strong>Kompanije tre\u0107ih strana koje nam poma\u017eu s uslugama kao \u0161to su obrada pla\u0107anja, pohrana podataka itd.<\/p>\n<\/li>\n<li data-start=\"1462\" data-end=\"1541\">\n<p data-start=\"1464\" data-end=\"1541\"><strong data-start=\"1464\" data-end=\"1486\">Pravni zahtjevi<\/strong>Ako je to zakonom propisano, mo\u017eemo otkriti va\u0161e podatke.<\/p>\n<\/li>\n<\/ul>\n<h4 data-start=\"1543\" data-end=\"1572\">4. <strong data-start=\"1551\" data-end=\"1570\">Za\u0161tita podataka<\/strong><\/h4>\n<p data-start=\"1573\" data-end=\"1712\">Koristimo odgovaraju\u0107e tehni\u010dke i organizacijske mjere kako bismo za\u0161titili va\u0161e li\u010dne podatke od neovla\u0161tenog pristupa, kori\u0161tenja ili otkrivanja.<\/p>\n<h4 data-start=\"1714\" data-end=\"1739\">5. <strong data-start=\"1722\" data-end=\"1737\">Va\u0161a prava<\/strong><\/h4>\n<p data-start=\"1740\" data-end=\"1865\">Imate pravo pristupa, ispravke ili brisanja va\u0161ih li\u010dnih podataka. Ako \u017eelite ostvariti ova prava, molimo vas da nas kontaktirate.<\/p>\n<h4 data-start=\"1867\" data-end=\"1888\">6. <strong data-start=\"1875\" data-end=\"1886\">A\u017euriranja<\/strong><\/h4>\n<p data-start=\"1889\" data-end=\"2033\">Ovu politiku privatnosti mo\u017eemo s vremena na vrijeme a\u017eurirati. A\u017eurirana politika privatnosti bit \u0107e objavljena na ovoj stranici s a\u017euriranim datumom \u201ePosljednje a\u017euriranje\u201c.<\/p>","protected":false},"excerpt":{"rendered":"<p>Welcome to Watanabe. We value your privacy and are committed to protecting your personal information. Please read the following privacy policy to understand how we collect, use, store, and protect your personal data. 1. Information We Collect We collect the following types of personal information: Identity Information: Name, email address, phone number, etc. Payment Information: [&hellip;]<\/p>","protected":false},"author":1,"featured_media":0,"parent":0,"menu_order":0,"comment_status":"closed","ping_status":"closed","template":"","meta":{"_et_pb_use_builder":"","_et_pb_old_content":"","_et_gb_content_width":"","footnotes":""},"class_list":["post-261","page","type-page","status-publish","hentry"],"_links":{"self":[{"href":"https:\/\/soilstabilizermachine.com\/bs\/wp-json\/wp\/v2\/pages\/261","targetHints":{"allow":["GET"]}}],"collection":[{"href":"https:\/\/soilstabilizermachine.com\/bs\/wp-json\/wp\/v2\/pages"}],"about":[{"href":"https:\/\/soilstabilizermachine.com\/bs\/wp-json\/wp\/v2\/types\/page"}],"author":[{"embeddable":true,"href":"https:\/\/soilstabilizermachine.com\/bs\/wp-json\/wp\/v2\/users\/1"}],"replies":[{"embeddable":true,"href":"https:\/\/soilstabilizermachine.com\/bs\/wp-json\/wp\/v2\/comments?post=261"}],"version-history":[{"count":2,"href":"https:\/\/soilstabilizermachine.com\/bs\/wp-json\/wp\/v2\/pages\/261\/revisions"}],"predecessor-version":[{"id":263,"href":"https:\/\/soilstabilizermachine.com\/bs\/wp-json\/wp\/v2\/pages\/261\/revisions\/263"}],"wp:attachment":[{"href":"https:\/\/soilstabilizermachine.com\/bs\/wp-json\/wp\/v2\/media?parent=261"}],"curies":[{"name":"wp","href":"https:\/\/api.w.org\/{rel}","templated":true}]}}