{"id":265,"date":"2025-11-14T08:39:44","date_gmt":"2025-11-14T08:39:44","guid":{"rendered":"https:\/\/soilstabilizermachine.com\/?page_id=265"},"modified":"2025-11-14T08:39:44","modified_gmt":"2025-11-14T08:39:44","slug":"warranty-policy","status":"publish","type":"page","link":"https:\/\/soilstabilizermachine.com\/az\/warranty-policy\/","title":{"rendered":"Z\u0259man\u0259t Siyas\u0259ti"},"content":{"rendered":"<p data-start=\"4067\" data-end=\"4238\">Wanatabe m\u0259hsullar\u0131n\u0131 ald\u0131\u011f\u0131n\u0131z \u00fc\u00e7\u00fcn t\u0259\u015f\u0259kk\u00fcr edirik. M\u0259hsulunuzun keyfiyy\u0259tini t\u0259min etm\u0259k \u00fc\u00e7\u00fcn m\u0259hdud bir z\u0259man\u0259t t\u0259klif edirik. Z\u0259man\u0259t siyas\u0259timizin t\u0259f\u0259rr\u00fcatlar\u0131 a\u015fa\u011f\u0131da verilmi\u015fdir.<\/p>\n<h4 data-start=\"4240\" data-end=\"4271\">1. <strong data-start=\"4248\" data-end=\"4269\">Z\u0259man\u0259t \u018fhat\u0259si<\/strong><\/h4>\n<p data-start=\"4272\" data-end=\"4345\">Biz z\u0259man\u0259t veririk <strong data-start=\"4298\" data-end=\"4314\">yeni m\u0259hsullar<\/strong> bizd\u0259n al\u0131n\u0131b, \u0259hat\u0259 edir:<\/p>\n<ul data-start=\"4346\" data-end=\"4401\">\n<li data-start=\"4346\" data-end=\"4401\">\n<p data-start=\"4348\" data-end=\"4401\">Normal istifad\u0259 zaman\u0131 materiallarda v\u0259 ya i\u015f\u00e7ilikd\u0259 q\u00fcsurlar.<\/p>\n<\/li>\n<\/ul>\n<h4 data-start=\"4403\" data-end=\"4432\">2. <strong data-start=\"4411\" data-end=\"4430\">Z\u0259man\u0259t M\u00fcdd\u0259ti<\/strong><\/h4>\n<p data-start=\"4433\" data-end=\"4589\">Z\u0259man\u0259t m\u00fcdd\u0259ti sat\u0131n al\u0131nd\u0131\u011f\u0131 tarixd\u0259n ba\u015flay\u0131r. Z\u0259man\u0259t m\u00fcdd\u0259ti \u0259rzind\u0259 m\u0259hsul q\u00fcsurlu olarsa, t\u0259mir v\u0259 ya d\u0259yi\u015fdirm\u0259 xidm\u0259tl\u0259ri t\u0259klif ed\u0259c\u0259yik.<\/p>\n<h4 data-start=\"4591\" data-end=\"4621\">3. <strong data-start=\"4599\" data-end=\"4619\">Z\u0259man\u0259t Xidm\u0259ti<\/strong><\/h4>\n<p data-start=\"4622\" data-end=\"4679\">Z\u0259man\u0259t xidm\u0259ti t\u0259l\u0259b etm\u0259k \u00fc\u00e7\u00fcn a\u015fa\u011f\u0131dak\u0131 ad\u0131mlar\u0131 yerin\u0259 yetirin:<\/p>\n<ul data-start=\"4680\" data-end=\"4895\">\n<li data-start=\"4680\" data-end=\"4778\">\n<p data-start=\"4682\" data-end=\"4778\">Sat\u0131n alma s\u00fcbutunu v\u0259 problemin t\u0259svirini t\u0259qdim ed\u0259r\u0259k m\u00fc\u015ft\u0259ri xidm\u0259tl\u0259ri qrupumuzla \u0259laq\u0259 saxlay\u0131n.<\/p>\n<\/li>\n<li data-start=\"4779\" data-end=\"4895\">\n<p data-start=\"4781\" data-end=\"4895\">M\u0259hsuldan as\u0131l\u0131 olaraq, m\u0259hsulu yoxlama \u00fc\u00e7\u00fcn s\u0259lahiyy\u0259tli servis m\u0259rk\u0259zimiz\u0259 g\u00f6nd\u0259rm\u0259yiniz t\u0259l\u0259b oluna bil\u0259r.<\/p>\n<\/li>\n<\/ul>\n<h4 data-start=\"4897\" data-end=\"4921\">4. <strong data-start=\"4905\" data-end=\"4919\">\u0130stisnalar<\/strong><\/h4>\n<p data-start=\"4922\" data-end=\"4953\">Bu z\u0259man\u0259t a\u015fa\u011f\u0131dak\u0131lar\u0131 \u0259hat\u0259 etmir:<\/p>\n<ul data-start=\"4954\" data-end=\"5309\">\n<li data-start=\"4954\" data-end=\"5023\">\n<p data-start=\"4956\" data-end=\"5023\"><strong data-start=\"4956\" data-end=\"4977\">T\u0259sad\u00fcfi Z\u0259r\u0259r<\/strong>: M\u0259s\u0259l\u0259n, d\u00fc\u015fm\u0259l\u0259r, z\u0259rb\u0259l\u0259r, su z\u0259rb\u0259l\u0259ri v\u0259 s.<\/p>\n<\/li>\n<li data-start=\"5024\" data-end=\"5105\">\n<p data-start=\"5026\" data-end=\"5105\"><strong data-start=\"5026\" data-end=\"5042\">D\u00fczg\u00fcn istifad\u0259 edilm\u0259m\u0259si<\/strong>: M\u0259hsul m\u0259hsul t\u0259limat\u0131na uy\u011fun olaraq istifad\u0259 edilmirs\u0259.<\/p>\n<\/li>\n<li data-start=\"5106\" data-end=\"5236\">\n<p data-start=\"5108\" data-end=\"5236\"><strong data-start=\"5108\" data-end=\"5138\">\u0130caz\u0259siz D\u0259yi\u015fiklikl\u0259r<\/strong>: \u018fg\u0259r m\u0259hsul s\u0259lahiyy\u0259tli xidm\u0259t personal\u0131m\u0131zdan ba\u015fqa biri t\u0259r\u0259find\u0259n t\u0259mir edil\u0259rs\u0259 v\u0259 ya d\u0259yi\u015fdiril\u0259rs\u0259.<\/p>\n<\/li>\n<li data-start=\"5237\" data-end=\"5309\">\n<p data-start=\"5239\" data-end=\"5309\"><strong data-start=\"5239\" data-end=\"5263\">Normal A\u015f\u0131nma v\u0259 Y\u0131rt\u0131lma<\/strong>Uzunm\u00fcdd\u0259tli istifad\u0259d\u0259n qaynaqlanan t\u0259bii a\u015f\u0131nma kimi.<\/p>\n<\/li>\n<\/ul>\n<h4 data-start=\"5311\" data-end=\"5343\">5. <strong data-start=\"5319\" data-end=\"5341\">Z\u0259man\u0259tin uzad\u0131lmas\u0131<\/strong><\/h4>\n<p data-start=\"5344\" data-end=\"5457\">M\u0259hsul t\u0259mir edil\u0259 bilm\u0259dikd\u0259, biz siz\u0259 t\u0259klif ed\u0259c\u0259yik <strong data-start=\"5395\" data-end=\"5410\">tam geri \u00f6d\u0259m\u0259<\/strong> v\u0259 ya <strong data-start=\"5414\" data-end=\"5429\">\u0259v\u0259zetm\u0259<\/strong> z\u0259man\u0259t m\u00fcdd\u0259ti \u0259rzind\u0259.<\/p>\n<h4 data-start=\"5459\" data-end=\"5484\">6. <strong data-start=\"5467\" data-end=\"5482\">Dig\u0259r \u015f\u0259rtl\u0259r<\/strong><\/h4>\n<ul data-start=\"5485\" data-end=\"5635\">\n<li data-start=\"5485\" data-end=\"5554\">\n<p data-start=\"5487\" data-end=\"5554\">Z\u0259man\u0259t xidm\u0259ti yaln\u0131z ilkin al\u0131c\u0131ya aiddir.<\/p>\n<\/li>\n<li data-start=\"5555\" data-end=\"5635\">\n<p data-start=\"5557\" data-end=\"5635\">Bu z\u0259man\u0259t siyas\u0259ti yerli qanunlar \u00e7\u0259r\u00e7iv\u0259sind\u0259 sahib ola bil\u0259c\u0259yiniz he\u00e7 bir h\u00fcquqa t\u0259sir g\u00f6st\u0259rmir.<\/p>\n<\/li>\n<\/ul>","protected":false},"excerpt":{"rendered":"<p>Thank you for purchasing\u00a0Wanatabe products. We offer a limited warranty to ensure the quality of your product. Below are the details of our warranty policy. 1. Warranty Coverage We provide a warranty for new products purchased from us, covering: Defects in materials or workmanship under normal use. 2. Warranty Period The warranty period starts from [&hellip;]<\/p>","protected":false},"author":1,"featured_media":0,"parent":0,"menu_order":0,"comment_status":"closed","ping_status":"closed","template":"","meta":{"_et_pb_use_builder":"","_et_pb_old_content":"","_et_gb_content_width":"","footnotes":""},"class_list":["post-265","page","type-page","status-publish","hentry"],"_links":{"self":[{"href":"https:\/\/soilstabilizermachine.com\/az\/wp-json\/wp\/v2\/pages\/265","targetHints":{"allow":["GET"]}}],"collection":[{"href":"https:\/\/soilstabilizermachine.com\/az\/wp-json\/wp\/v2\/pages"}],"about":[{"href":"https:\/\/soilstabilizermachine.com\/az\/wp-json\/wp\/v2\/types\/page"}],"author":[{"embeddable":true,"href":"https:\/\/soilstabilizermachine.com\/az\/wp-json\/wp\/v2\/users\/1"}],"replies":[{"embeddable":true,"href":"https:\/\/soilstabilizermachine.com\/az\/wp-json\/wp\/v2\/comments?post=265"}],"version-history":[{"count":1,"href":"https:\/\/soilstabilizermachine.com\/az\/wp-json\/wp\/v2\/pages\/265\/revisions"}],"predecessor-version":[{"id":267,"href":"https:\/\/soilstabilizermachine.com\/az\/wp-json\/wp\/v2\/pages\/265\/revisions\/267"}],"wp:attachment":[{"href":"https:\/\/soilstabilizermachine.com\/az\/wp-json\/wp\/v2\/media?parent=265"}],"curies":[{"name":"wp","href":"https:\/\/api.w.org\/{rel}","templated":true}]}}