{"id":264,"date":"2025-11-14T08:39:14","date_gmt":"2025-11-14T08:39:14","guid":{"rendered":"https:\/\/soilstabilizermachine.com\/?page_id=264"},"modified":"2025-11-14T08:54:40","modified_gmt":"2025-11-14T08:54:40","slug":"terms-of-service","status":"publish","type":"page","link":"https:\/\/soilstabilizermachine.com\/az\/terms-of-service\/","title":{"rendered":"Xidm\u0259t \u015e\u0259rtl\u0259ri"},"content":{"rendered":"<p data-start=\"2094\" data-end=\"2313\">Wanatabe veb sayt\u0131na xo\u015f g\u0259lmisiniz. Veb sayt\u0131m\u0131zdan v\u0259 ya h\u0259r hans\u0131 xidm\u0259td\u0259n istifad\u0259 etm\u0259zd\u0259n \u0259vv\u0259l a\u015fa\u011f\u0131dak\u0131 \u015f\u0259rtl\u0259ri oxuyun v\u0259 q\u0259bul edin. Bu \u015f\u0259rtl\u0259rl\u0259 raz\u0131 deyilsinizs\u0259, xidm\u0259tl\u0259rimizd\u0259n istifad\u0259 etm\u0259yin.<\/p>\n<h4 data-start=\"2315\" data-end=\"2343\">1. <strong data-start=\"2323\" data-end=\"2341\">\u0130stifad\u0259 \u00fc\u00e7\u00fcn lisenziya<\/strong><\/h4>\n<p data-start=\"2344\" data-end=\"2615\">Bu veb sayt\u0131nda t\u0259qdim olunan xidm\u0259tl\u0259rd\u0259n qanuni m\u0259qs\u0259dl\u0259r \u00fc\u00e7\u00fcn v\u0259 t\u0259tbiq olunan qanun v\u0259 qaydalara uy\u011fun olaraq istifad\u0259 etm\u0259k \u00fc\u00e7\u00fcn siz\u0259 m\u0259hdud, qeyri-ekskl\u00fcziv v\u0259 ba\u015fqas\u0131na \u00f6t\u00fcr\u00fcl\u0259 bilm\u0259y\u0259n lisenziya veririk. Xidm\u0259tl\u0259rd\u0259n he\u00e7 bir qanunsuz, saxtakarl\u0131q v\u0259 ya z\u0259r\u0259rli f\u0259aliyy\u0259t \u00fc\u00e7\u00fcn istifad\u0259 ed\u0259 bilm\u0259zsiniz.<\/p>\n<h4 data-start=\"2617\" data-end=\"2660\">2. <strong data-start=\"2625\" data-end=\"2658\">Hesab Yarad\u0131lmas\u0131 v\u0259 T\u0259hl\u00fck\u0259sizliyi<\/strong><\/h4>\n<p data-start=\"2661\" data-end=\"2895\">M\u00fc\u0259yy\u0259n funksiyalardan istifad\u0259 etm\u0259k \u00fc\u00e7\u00fcn hesab yaratma\u011f\u0131n\u0131z laz\u0131m ola bil\u0259r. D\u0259qiq v\u0259 tam qeydiyyat m\u0259lumatlar\u0131n\u0131z\u0131 t\u0259qdim etm\u0259li v\u0259 onu yenil\u0259m\u0259lisiniz. \u015eifr\u0259 qorunmas\u0131 da daxil olmaqla, hesab\u0131n\u0131z\u0131n t\u0259hl\u00fck\u0259sizliyi v\u0259 istifad\u0259si \u00fc\u00e7\u00fcn m\u0259suliyy\u0259t da\u015f\u0131y\u0131rs\u0131n\u0131z.<\/p>\n<h4 data-start=\"2897\" data-end=\"2924\">3. <strong data-start=\"2905\" data-end=\"2922\">\u00d6d\u0259ni\u015f \u015f\u0259rtl\u0259ri<\/strong><\/h4>\n<p data-start=\"2925\" data-end=\"3085\">Veb sayt\u0131m\u0131zdan m\u0259hsul v\u0259 ya xidm\u0259tl\u0259r alsan\u0131z, m\u00fcvafiq \u00f6d\u0259ni\u015fl\u0259ri \u00f6d\u0259m\u0259y\u0259 raz\u0131la\u015f\u0131rs\u0131n\u0131z. \u00d6d\u0259ni\u015fl\u0259r \u00fc\u00e7\u00fcnc\u00fc t\u0259r\u0259f \u00f6d\u0259ni\u015f platformalar\u0131 vasit\u0259sil\u0259 emal edil\u0259 bil\u0259r.<\/p>\n<h4 data-start=\"3087\" data-end=\"3122\">4. <strong data-start=\"3095\" data-end=\"3120\">\u018fqli M\u00fclkiyy\u0259t<\/strong><\/h4>\n<p data-start=\"3123\" data-end=\"3381\">Veb saytdak\u0131 b\u00fct\u00fcn m\u0259zmun, o c\u00fcml\u0259d\u0259n m\u0259tn, \u015f\u0259kill\u0259r, loqotipl\u0259r v\u0259 videolar Wanatabe v\u0259 ya onun lisenziya ver\u0259nl\u0259rinin m\u00fclkiyy\u0259tidir v\u0259 m\u00fc\u0259llif h\u00fcquqlar\u0131 qanunlar\u0131 il\u0259 qorunur. Bu m\u0259zmunu icaz\u0259siz kopyalaya, d\u0259yi\u015fdir\u0259 v\u0259 ya yaya bilm\u0259zsiniz.<\/p>\n<h4 data-start=\"3383\" data-end=\"3420\">5. <strong data-start=\"3391\" data-end=\"3418\">M\u0259suliyy\u0259tin M\u0259hdudla\u015fd\u0131r\u0131lmas\u0131<\/strong><\/h4>\n<p data-start=\"3421\" data-end=\"3601\">Veb sayt\u0131m\u0131z\u0131n v\u0259 ya xidm\u0259tl\u0259rimizin istifad\u0259sind\u0259n ir\u0259li g\u0259l\u0259n birba\u015fa v\u0259 ya dolay\u0131 z\u0259r\u0259rl\u0259r\u0259, o c\u00fcml\u0259d\u0259n avadanl\u0131qlar\u0131n s\u0131radan \u00e7\u0131xmas\u0131na, m\u0259lumat itkisin\u0259 v\u0259 ya m\u0259nf\u0259\u0259tin itirilm\u0259sin\u0259 g\u00f6r\u0259 m\u0259suliyy\u0259t da\u015f\u0131m\u0131r\u0131q.<\/p>\n<h4 data-start=\"3603\" data-end=\"3635\">6. <strong data-start=\"3611\" data-end=\"3633\">M\u00fcbahis\u0259l\u0259rin h\u0259lli<\/strong><\/h4>\n<p data-start=\"3636\" data-end=\"3819\">Bu m\u00fcqavil\u0259d\u0259n ir\u0259li g\u0259l\u0259n h\u0259r hans\u0131 m\u00fcbahis\u0259l\u0259r dostcas\u0131na dan\u0131\u015f\u0131qlar yolu il\u0259 h\u0259ll edil\u0259c\u0259k. Dan\u0131\u015f\u0131qlar u\u011fursuz olarsa, m\u00fcbahis\u0259ni Vanatabed\u0259ki m\u0259hk\u0259m\u0259l\u0259r\u0259 t\u0259qdim etm\u0259y\u0259 raz\u0131la\u015f\u0131rs\u0131n\u0131z.<\/p>\n<h4 data-start=\"3821\" data-end=\"3857\">7. <strong data-start=\"3829\" data-end=\"3855\">\u015e\u0259rtl\u0259rd\u0259 D\u0259yi\u015fiklikl\u0259r<\/strong><\/h4>\n<p data-start=\"3858\" data-end=\"4007\">Bu xidm\u0259t \u015f\u0259rtl\u0259rini ist\u0259nil\u0259n vaxt d\u0259yi\u015fdirm\u0259k h\u00fcququmuzu \u00f6z\u00fcm\u00fczd\u0259 saxlay\u0131r\u0131q. Yenil\u0259nmi\u015f \u015f\u0259rtl\u0259r bu veb sayt\u0131nda yerl\u0259\u015fdiril\u0259c\u0259k v\u0259 d\u0259rhal q\u00fcvv\u0259y\u0259 min\u0259c\u0259k.<\/p>","protected":false},"excerpt":{"rendered":"<p>Welcome to the Wanatabe website. Please read and agree to the following terms and conditions before using our website or any services. If you do not agree with these terms, please do not use our services. 1. License to Use We grant you a limited, non-exclusive, and non-transferable license to use the services provided on [&hellip;]<\/p>","protected":false},"author":1,"featured_media":0,"parent":0,"menu_order":0,"comment_status":"closed","ping_status":"closed","template":"","meta":{"_et_pb_use_builder":"","_et_pb_old_content":"","_et_gb_content_width":"","footnotes":""},"class_list":["post-264","page","type-page","status-publish","hentry"],"_links":{"self":[{"href":"https:\/\/soilstabilizermachine.com\/az\/wp-json\/wp\/v2\/pages\/264","targetHints":{"allow":["GET"]}}],"collection":[{"href":"https:\/\/soilstabilizermachine.com\/az\/wp-json\/wp\/v2\/pages"}],"about":[{"href":"https:\/\/soilstabilizermachine.com\/az\/wp-json\/wp\/v2\/types\/page"}],"author":[{"embeddable":true,"href":"https:\/\/soilstabilizermachine.com\/az\/wp-json\/wp\/v2\/users\/1"}],"replies":[{"embeddable":true,"href":"https:\/\/soilstabilizermachine.com\/az\/wp-json\/wp\/v2\/comments?post=264"}],"version-history":[{"count":2,"href":"https:\/\/soilstabilizermachine.com\/az\/wp-json\/wp\/v2\/pages\/264\/revisions"}],"predecessor-version":[{"id":275,"href":"https:\/\/soilstabilizermachine.com\/az\/wp-json\/wp\/v2\/pages\/264\/revisions\/275"}],"wp:attachment":[{"href":"https:\/\/soilstabilizermachine.com\/az\/wp-json\/wp\/v2\/media?parent=264"}],"curies":[{"name":"wp","href":"https:\/\/api.w.org\/{rel}","templated":true}]}}