{"id":261,"date":"2025-11-14T08:38:45","date_gmt":"2025-11-14T08:38:45","guid":{"rendered":"https:\/\/soilstabilizermachine.com\/?page_id=261"},"modified":"2025-11-14T08:38:45","modified_gmt":"2025-11-14T08:38:45","slug":"privacy-policy-2","status":"publish","type":"page","link":"https:\/\/soilstabilizermachine.com\/az\/privacy-policy-2\/","title":{"rendered":"M\u0259xfilik Siyas\u0259ti"},"content":{"rendered":"<p data-start=\"214\" data-end=\"488\">Watanabe-y\u0259 xo\u015f g\u0259lmisiniz. Biz sizin m\u0259xfiliyiniz\u0259 d\u0259y\u0259r veririk v\u0259 \u015f\u0259xsi m\u0259lumatlar\u0131n\u0131z\u0131 qoruma\u011fa sadiqik. \u015e\u0259xsi m\u0259lumatlar\u0131n\u0131z\u0131 nec\u0259 toplad\u0131\u011f\u0131m\u0131z\u0131, istifad\u0259 etdiyimizi, saxlad\u0131\u011f\u0131m\u0131z\u0131 v\u0259 qorudu\u011fumuzu anlamaq \u00fc\u00e7\u00fcn a\u015fa\u011f\u0131dak\u0131 m\u0259xfilik siyas\u0259tini oxuyun.<\/p>\n<h4 data-start=\"490\" data-end=\"526\">1. <strong data-start=\"498\" data-end=\"524\">Toplad\u0131\u011f\u0131m\u0131z M\u0259lumatlar<\/strong><\/h4>\n<p data-start=\"527\" data-end=\"584\">Biz a\u015fa\u011f\u0131dak\u0131 \u015f\u0259xsi m\u0259lumatlar\u0131 toplay\u0131r\u0131q:<\/p>\n<ul data-start=\"585\" data-end=\"814\">\n<li data-start=\"585\" data-end=\"654\">\n<p data-start=\"587\" data-end=\"654\"><strong data-start=\"587\" data-end=\"611\">\u015e\u0259xsiyy\u0259t M\u0259lumat\u0131<\/strong>: Ad, elektron po\u00e7t \u00fcnvan\u0131, telefon n\u00f6mr\u0259si v\u0259 s.<\/p>\n<\/li>\n<li data-start=\"655\" data-end=\"726\">\n<p data-start=\"657\" data-end=\"726\"><strong data-start=\"657\" data-end=\"680\">\u00d6d\u0259ni\u015f M\u0259lumat\u0131<\/strong>Kredit kart\u0131 m\u0259lumatlar\u0131, \u00f6d\u0259ni\u015f \u00fcnvan\u0131 v\u0259 s.<\/p>\n<\/li>\n<li data-start=\"727\" data-end=\"814\">\n<p data-start=\"729\" data-end=\"814\"><strong data-start=\"729\" data-end=\"743\">\u0130stifad\u0259 M\u0259lumatlar\u0131<\/strong>Cihaz n\u00f6v\u00fc, brauzer n\u00f6v\u00fc, IP \u00fcnvan\u0131, ziyar\u0259t edil\u0259n s\u0259hif\u0259l\u0259r, zaman m\u00f6h\u00fcr\u00fc v\u0259 s.<\/p>\n<\/li>\n<\/ul>\n<h4 data-start=\"816\" data-end=\"857\">2. <strong data-start=\"824\" data-end=\"855\">M\u0259lumatlar\u0131n\u0131zdan nec\u0259 istifad\u0259 edirik<\/strong><\/h4>\n<p data-start=\"858\" data-end=\"897\">Toplad\u0131\u011f\u0131m\u0131z m\u0259lumatlardan a\u015fa\u011f\u0131dak\u0131 m\u0259qs\u0259dl\u0259r \u00fc\u00e7\u00fcn istifad\u0259 edirik:<\/p>\n<ul data-start=\"898\" data-end=\"1166\">\n<li data-start=\"898\" data-end=\"959\">\n<p data-start=\"900\" data-end=\"959\">M\u0259hsul v\u0259 xidm\u0259tl\u0259rimizi t\u0259qdim etm\u0259k, saxlamaq v\u0259 t\u0259kmill\u0259\u015fdirm\u0259k.<\/p>\n<\/li>\n<li data-start=\"960\" data-end=\"997\">\n<p data-start=\"962\" data-end=\"997\">Sifari\u015fl\u0259rinizi v\u0259 \u00f6d\u0259ni\u015fl\u0259rinizi emal edin.<\/p>\n<\/li>\n<li data-start=\"998\" data-end=\"1084\">\n<p data-start=\"1000\" data-end=\"1084\">Sizinl\u0259 \u0259laq\u0259 saxlay\u0131n, o c\u00fcml\u0259d\u0259n vacib hesab m\u0259lumatlar\u0131 v\u0259 yenil\u0259m\u0259l\u0259ri g\u00f6nd\u0259rin.<\/p>\n<\/li>\n<li data-start=\"1085\" data-end=\"1166\">\n<p data-start=\"1087\" data-end=\"1166\">Maraqlar\u0131n\u0131za \u0259sas\u0259n siz\u0259 f\u0259rdil\u0259\u015fdirilmi\u015f m\u0259zmun v\u0259 reklamlar t\u0259qdim edirik.<\/p>\n<\/li>\n<\/ul>\n<h4 data-start=\"1168\" data-end=\"1204\">3. <strong data-start=\"1176\" data-end=\"1202\">M\u0259lumat Payla\u015f\u0131m\u0131<\/strong><\/h4>\n<p data-start=\"1205\" data-end=\"1338\">\u015e\u0259xsi m\u0259lumatlar\u0131n\u0131z\u0131 \u00fc\u00e7\u00fcnc\u00fc t\u0259r\u0259fl\u0259r\u0259 satm\u0131r\u0131q. M\u0259lumatlar\u0131n\u0131z\u0131 a\u015fa\u011f\u0131dak\u0131 \u00fc\u00e7\u00fcnc\u00fc t\u0259r\u0259f n\u00f6vl\u0259ri il\u0259 payla\u015fa bil\u0259rik:<\/p>\n<ul data-start=\"1339\" data-end=\"1541\">\n<li data-start=\"1339\" data-end=\"1461\">\n<p data-start=\"1341\" data-end=\"1461\"><strong data-start=\"1341\" data-end=\"1362\">Xidm\u0259t T\u0259minat\u00e7\u0131lar\u0131<\/strong>\u00d6d\u0259ni\u015fl\u0259rin emal\u0131, m\u0259lumatlar\u0131n saxlanmas\u0131 v\u0259 s. kimi xidm\u0259tl\u0259rd\u0259 biz\u0259 k\u00f6m\u0259k ed\u0259n \u00fc\u00e7\u00fcnc\u00fc t\u0259r\u0259f \u015firk\u0259tl\u0259ri.<\/p>\n<\/li>\n<li data-start=\"1462\" data-end=\"1541\">\n<p data-start=\"1464\" data-end=\"1541\"><strong data-start=\"1464\" data-end=\"1486\">H\u00fcquqi T\u0259l\u0259bl\u0259r<\/strong>Qanunla t\u0259l\u0259b olunarsa, m\u0259lumatlar\u0131n\u0131z\u0131 a\u00e7\u0131qlaya bil\u0259rik.<\/p>\n<\/li>\n<\/ul>\n<h4 data-start=\"1543\" data-end=\"1572\">4. <strong data-start=\"1551\" data-end=\"1570\">M\u0259lumatlar\u0131n Qorunmas\u0131<\/strong><\/h4>\n<p data-start=\"1573\" data-end=\"1712\">\u015e\u0259xsi m\u0259lumatlar\u0131n\u0131z\u0131 icaz\u0259siz giri\u015fd\u0259n, istifad\u0259d\u0259n v\u0259 ya a\u00e7\u0131qlamadan qorumaq \u00fc\u00e7\u00fcn m\u00fcvafiq texniki v\u0259 t\u0259\u015fkilati t\u0259dbirl\u0259rd\u0259n istifad\u0259 edirik.<\/p>\n<h4 data-start=\"1714\" data-end=\"1739\">5. <strong data-start=\"1722\" data-end=\"1737\">H\u00fcquqlar\u0131n\u0131z<\/strong><\/h4>\n<p data-start=\"1740\" data-end=\"1865\">\u015e\u0259xsi m\u0259lumatlar\u0131n\u0131za daxil olmaq, onlar\u0131 d\u00fcz\u0259ltm\u0259k v\u0259 ya silm\u0259k h\u00fcququnuz var. Bu h\u00fcquqlardan istifad\u0259 etm\u0259k ist\u0259yirsinizs\u0259, z\u0259hm\u0259t olmasa biziml\u0259 \u0259laq\u0259 saxlay\u0131n.<\/p>\n<h4 data-start=\"1867\" data-end=\"1888\">6. <strong data-start=\"1875\" data-end=\"1886\">Yenil\u0259m\u0259l\u0259r<\/strong><\/h4>\n<p data-start=\"1889\" data-end=\"2033\">Bu m\u0259xfilik siyas\u0259tini vaxta\u015f\u0131r\u0131 yenil\u0259y\u0259 bil\u0259rik. Yenil\u0259nmi\u015f m\u0259xfilik siyas\u0259ti bu s\u0259hif\u0259d\u0259 yenil\u0259nmi\u015f \"Son yenil\u0259nm\u0259\" tarixi il\u0259 yerl\u0259\u015fdiril\u0259c\u0259k.<\/p>","protected":false},"excerpt":{"rendered":"<p>Welcome to Watanabe. We value your privacy and are committed to protecting your personal information. Please read the following privacy policy to understand how we collect, use, store, and protect your personal data. 1. Information We Collect We collect the following types of personal information: Identity Information: Name, email address, phone number, etc. Payment Information: [&hellip;]<\/p>","protected":false},"author":1,"featured_media":0,"parent":0,"menu_order":0,"comment_status":"closed","ping_status":"closed","template":"","meta":{"_et_pb_use_builder":"","_et_pb_old_content":"","_et_gb_content_width":"","footnotes":""},"class_list":["post-261","page","type-page","status-publish","hentry"],"_links":{"self":[{"href":"https:\/\/soilstabilizermachine.com\/az\/wp-json\/wp\/v2\/pages\/261","targetHints":{"allow":["GET"]}}],"collection":[{"href":"https:\/\/soilstabilizermachine.com\/az\/wp-json\/wp\/v2\/pages"}],"about":[{"href":"https:\/\/soilstabilizermachine.com\/az\/wp-json\/wp\/v2\/types\/page"}],"author":[{"embeddable":true,"href":"https:\/\/soilstabilizermachine.com\/az\/wp-json\/wp\/v2\/users\/1"}],"replies":[{"embeddable":true,"href":"https:\/\/soilstabilizermachine.com\/az\/wp-json\/wp\/v2\/comments?post=261"}],"version-history":[{"count":2,"href":"https:\/\/soilstabilizermachine.com\/az\/wp-json\/wp\/v2\/pages\/261\/revisions"}],"predecessor-version":[{"id":263,"href":"https:\/\/soilstabilizermachine.com\/az\/wp-json\/wp\/v2\/pages\/261\/revisions\/263"}],"wp:attachment":[{"href":"https:\/\/soilstabilizermachine.com\/az\/wp-json\/wp\/v2\/media?parent=261"}],"curies":[{"name":"wp","href":"https:\/\/api.w.org\/{rel}","templated":true}]}}